{"id":83689,"date":"2018-04-26T18:25:19","date_gmt":"2018-04-26T18:25:19","guid":{"rendered":"http:\/\/www.irdin.org.br\/site\/produto\/temas-especiais-para-estudo-15\/"},"modified":"2025-03-15T19:45:47","modified_gmt":"2025-03-15T19:45:47","slug":"temas-especiais-para-estudo-15","status":"publish","type":"product","link":"https:\/\/www.irdin.org.br\/site\/produtos\/temas-especiais-para-estudo-15\/","title":{"rendered":"Temas especiais para estudo &#8211; 15"},"content":{"rendered":"<p><em>O que o Labirinto, em Figueira, evoca em n\u00f3s. Simbolismo do Grupo Semente, acolhimento de rec\u00e9m-nascidos, sintonia a ser cultivada na gesta\u00e7\u00e3o e ajustes energ\u00e9ticos nos corpos. A nova gera\u00e7\u00e3o e seu c\u00f3digo estelar. Amplitude do trabalho evolutivo na personalidade. Correto relacionamento com a energia sexual e com a monet\u00e1ria: a criatividade. Humanidade \u00fanica, mas em diferentes formas, por todo o universo.<\/em><\/p>\n<p>&nbsp;<br \/>\n<strong>Ou\u00e7a agora:<\/strong><\/p>\n<p><span data-href=\"https:\/\/www.irdin.org.br\/site\/envios\/audios\/0041_0015__por_por__temas_especiais_para_estudo_15.mp3\" data-title=\"temas especiais para estudo - 15\" data-rel=\"\" data-target=\"\" data-meta=\"#fap-meta-69e2b11d5a4c8\" class=\"fap-single-track fap-track-button fap-play-button\" data-enqueue=\"no\" data-autoenqueue=\"no\" title=\"temas especiais para estudo - 15\"><span class=\"fap-icon-play\"><\/span>Ouvir<\/span> <a href=\"https:\/\/www.irdin.org.br\/site\/envios\/audios\/0041_0015__por_por__temas_especiais_para_estudo_15.mp3\" class=\"baixar\" download><span class=\"fa fa-arrow-down\"><\/span>Baixar<\/span><\/a> <span class=\"textobaixar\"> temas especiais para estudo &#8211; 15<\/span><\/p>\n<p>&nbsp;<\/p>\n","protected":false},"excerpt":{"rendered":"<p>O que o Labirinto, em Figueira, evoca em n\u00f3s. Simbolismo do Grupo Semente, acolhimento de rec\u00e9m-nascidos, sintonia a ser cultivada<\/p>\n","protected":false},"featured_media":37803,"template":"","meta":{"_acf_changed":false},"product_brand":[],"product_cat":[18076,33068],"product_tag":[40679],"class_list":{"0":"post-83689","1":"product","2":"type-product","3":"status-publish","4":"has-post-thumbnail","6":"product_cat-cddvd","7":"product_cat-palestras","8":"product_tag-40679","9":"pa_autor-trigueirinho","10":"pa_codigo-da-serie-32815","11":"pa_data-de-gravacao-31141","12":"pa_idioma-de-destino-portugues","13":"pa_lancamento-no","14":"pa_midia-cd","15":"pa_moac-40678","16":"pa_quantidade-de-saldo-33067","17":"pa_sequencial-da-serie-31897","18":"pa_tipo-de-traducao-nao-classificado","20":"first","21":"outofstock","22":"product-type-simple"},"acf":[],"_links":{"self":[{"href":"https:\/\/www.irdin.org.br\/site\/wp-json\/wp\/v2\/product\/83689","targetHints":{"allow":["GET"]}}],"collection":[{"href":"https:\/\/www.irdin.org.br\/site\/wp-json\/wp\/v2\/product"}],"about":[{"href":"https:\/\/www.irdin.org.br\/site\/wp-json\/wp\/v2\/types\/product"}],"version-history":[{"count":1,"href":"https:\/\/www.irdin.org.br\/site\/wp-json\/wp\/v2\/product\/83689\/revisions"}],"predecessor-version":[{"id":108578,"href":"https:\/\/www.irdin.org.br\/site\/wp-json\/wp\/v2\/product\/83689\/revisions\/108578"}],"wp:featuredmedia":[{"embeddable":true,"href":"https:\/\/www.irdin.org.br\/site\/wp-json\/wp\/v2\/media\/37803"}],"wp:attachment":[{"href":"https:\/\/www.irdin.org.br\/site\/wp-json\/wp\/v2\/media?parent=83689"}],"wp:term":[{"taxonomy":"product_brand","embeddable":true,"href":"https:\/\/www.irdin.org.br\/site\/wp-json\/wp\/v2\/product_brand?post=83689"},{"taxonomy":"product_cat","embeddable":true,"href":"https:\/\/www.irdin.org.br\/site\/wp-json\/wp\/v2\/product_cat?post=83689"},{"taxonomy":"product_tag","embeddable":true,"href":"https:\/\/www.irdin.org.br\/site\/wp-json\/wp\/v2\/product_tag?post=83689"}],"curies":[{"name":"wp","href":"https:\/\/api.w.org\/{rel}","templated":true}]}}