{"id":83690,"date":"2018-04-26T18:25:19","date_gmt":"2018-04-26T18:25:19","guid":{"rendered":"http:\/\/www.irdin.org.br\/site\/produto\/temas-especiais-para-estudo-16\/"},"modified":"2025-03-15T19:45:55","modified_gmt":"2025-03-15T19:45:55","slug":"temas-especiais-para-estudo-16","status":"publish","type":"product","link":"https:\/\/www.irdin.org.br\/site\/produtos\/temas-especiais-para-estudo-16\/","title":{"rendered":"Temas especiais para estudo &#8211; 16"},"content":{"rendered":"<p><em>O preparo para viver com harmonia a purifica\u00e7\u00e3o planet\u00e1ria e chaves para ajudar a Terra em sua transi\u00e7\u00e3o. O valor curativo da \u00e1gua. Passes e imposi\u00e7\u00e3o de m\u00e3os como instrumentos de cura. Reconhecer a unidade de tudo e de todos e o papel a desempenhar no Plano Evolutivo.<\/em><\/p>\n<p>&nbsp;<br \/>\n<strong>Ou\u00e7a agora:<\/strong><\/p>\n<p><span data-href=\"https:\/\/www.irdin.org.br\/site\/envios\/audios\/0041_0016__por_por__temas_especiais_para_estudo_16.mp3\" data-title=\"temas especiais para estudo - 16\" data-rel=\"\" data-target=\"\" data-meta=\"#fap-meta-6a01fbd037f46\" class=\"fap-single-track fap-track-button fap-play-button\" data-enqueue=\"no\" data-autoenqueue=\"no\" title=\"temas especiais para estudo - 16\"><span class=\"fap-icon-play\"><\/span>Ouvir<\/span> <a href=\"https:\/\/www.irdin.org.br\/site\/envios\/audios\/0041_0016__por_por__temas_especiais_para_estudo_16.mp3\" class=\"baixar\" download><span class=\"fa fa-arrow-down\"><\/span>Baixar<\/span><\/a> <span class=\"textobaixar\"> temas especiais para estudo &#8211; 16<\/span><\/p>\n<p>&nbsp;<\/p>\n","protected":false},"excerpt":{"rendered":"<p>O preparo para viver com harmonia a purifica\u00e7\u00e3o planet\u00e1ria e chaves para ajudar a Terra em sua transi\u00e7\u00e3o. O valor<\/p>\n","protected":false},"featured_media":37803,"template":"","meta":{"_acf_changed":false},"product_brand":[],"product_cat":[18076,33068],"product_tag":[40681],"class_list":{"0":"post-83690","1":"product","2":"type-product","3":"status-publish","4":"has-post-thumbnail","6":"product_cat-cddvd","7":"product_cat-palestras","8":"product_tag-40681","9":"pa_autor-trigueirinho","10":"pa_codigo-da-serie-32815","11":"pa_codigo-externo-00410016porcd","12":"pa_data-de-gravacao-31144","13":"pa_duracao-39min","14":"pa_idioma-de-destino-portugues","15":"pa_idioma-de-origem-portugues","16":"pa_lancamento-no","17":"pa_midia-cd","18":"pa_moac-40680","19":"pa_quantidade-de-saldo-33067","20":"pa_sequencial-da-serie-31869","21":"pa_tipo-de-traducao-nao-classificado","23":"first","24":"outofstock","25":"product-type-simple"},"acf":[],"_links":{"self":[{"href":"https:\/\/www.irdin.org.br\/site\/wp-json\/wp\/v2\/product\/83690","targetHints":{"allow":["GET"]}}],"collection":[{"href":"https:\/\/www.irdin.org.br\/site\/wp-json\/wp\/v2\/product"}],"about":[{"href":"https:\/\/www.irdin.org.br\/site\/wp-json\/wp\/v2\/types\/product"}],"version-history":[{"count":1,"href":"https:\/\/www.irdin.org.br\/site\/wp-json\/wp\/v2\/product\/83690\/revisions"}],"predecessor-version":[{"id":108579,"href":"https:\/\/www.irdin.org.br\/site\/wp-json\/wp\/v2\/product\/83690\/revisions\/108579"}],"wp:featuredmedia":[{"embeddable":true,"href":"https:\/\/www.irdin.org.br\/site\/wp-json\/wp\/v2\/media\/37803"}],"wp:attachment":[{"href":"https:\/\/www.irdin.org.br\/site\/wp-json\/wp\/v2\/media?parent=83690"}],"wp:term":[{"taxonomy":"product_brand","embeddable":true,"href":"https:\/\/www.irdin.org.br\/site\/wp-json\/wp\/v2\/product_brand?post=83690"},{"taxonomy":"product_cat","embeddable":true,"href":"https:\/\/www.irdin.org.br\/site\/wp-json\/wp\/v2\/product_cat?post=83690"},{"taxonomy":"product_tag","embeddable":true,"href":"https:\/\/www.irdin.org.br\/site\/wp-json\/wp\/v2\/product_tag?post=83690"}],"curies":[{"name":"wp","href":"https:\/\/api.w.org\/{rel}","templated":true}]}}