{"id":83692,"date":"2018-04-26T18:25:19","date_gmt":"2018-04-26T18:25:19","guid":{"rendered":"http:\/\/www.irdin.org.br\/site\/produto\/assuntos-para-cuidar-com-amor\/"},"modified":"2025-03-15T19:46:16","modified_gmt":"2025-03-15T19:46:16","slug":"assuntos-para-cuidar-com-amor","status":"publish","type":"product","link":"https:\/\/www.irdin.org.br\/site\/produtos\/assuntos-para-cuidar-com-amor\/","title":{"rendered":"Assuntos para cuidar com amor"},"content":{"rendered":"<p><em>Purifica\u00e7\u00f5es e cuidados no desenvolvimento de grupos espirituais. A maturidade espiritual que deve se revelar na alma da na\u00e7\u00e3o brasileira.<\/em><\/p>\n<p>&nbsp;<br \/>\n<strong>Ou\u00e7a agora:<\/strong><\/p>\n<p><span data-href=\"https:\/\/www.irdin.org.br\/site\/envios\/audios\/0041_0018__por_por__assuntos_para_cuidar_com_amor.mp3\" data-title=\"assuntos para cuidar com amor\" data-rel=\"\" data-target=\"\" data-meta=\"#fap-meta-6a059e9ee0af0\" class=\"fap-single-track fap-track-button fap-play-button\" data-enqueue=\"no\" data-autoenqueue=\"no\" title=\"assuntos para cuidar com amor\"><span class=\"fap-icon-play\"><\/span>Ouvir<\/span> <a href=\"https:\/\/www.irdin.org.br\/site\/envios\/audios\/0041_0018__por_por__assuntos_para_cuidar_com_amor.mp3\" class=\"baixar\" download><span class=\"fa fa-arrow-down\"><\/span>Baixar<\/span><\/a> <span class=\"textobaixar\"> assuntos para cuidar com amor<\/span><\/p>\n<p>&nbsp;<\/p>\n","protected":false},"excerpt":{"rendered":"<p>Purifica\u00e7\u00f5es e cuidados no desenvolvimento de grupos espirituais. A maturidade espiritual que deve se revelar na alma da na\u00e7\u00e3o brasileira.<\/p>\n","protected":false},"featured_media":37803,"template":"","meta":{"_acf_changed":false},"product_brand":[],"product_cat":[18076,33068],"product_tag":[40685],"class_list":{"0":"post-83692","1":"product","2":"type-product","3":"status-publish","4":"has-post-thumbnail","6":"product_cat-cddvd","7":"product_cat-palestras","8":"product_tag-40685","9":"pa_autor-trigueirinho","10":"pa_codigo-da-serie-32815","11":"pa_data-de-gravacao-27353","12":"pa_idioma-de-destino-portugues","13":"pa_lancamento-no","14":"pa_midia-cd","15":"pa_moac-40684","16":"pa_quantidade-de-saldo-33067","17":"pa_sequencial-da-serie-31871","18":"pa_tipo-de-traducao-nao-classificado","20":"first","21":"outofstock","22":"product-type-simple"},"acf":[],"_links":{"self":[{"href":"https:\/\/www.irdin.org.br\/site\/wp-json\/wp\/v2\/product\/83692","targetHints":{"allow":["GET"]}}],"collection":[{"href":"https:\/\/www.irdin.org.br\/site\/wp-json\/wp\/v2\/product"}],"about":[{"href":"https:\/\/www.irdin.org.br\/site\/wp-json\/wp\/v2\/types\/product"}],"version-history":[{"count":1,"href":"https:\/\/www.irdin.org.br\/site\/wp-json\/wp\/v2\/product\/83692\/revisions"}],"predecessor-version":[{"id":108581,"href":"https:\/\/www.irdin.org.br\/site\/wp-json\/wp\/v2\/product\/83692\/revisions\/108581"}],"wp:featuredmedia":[{"embeddable":true,"href":"https:\/\/www.irdin.org.br\/site\/wp-json\/wp\/v2\/media\/37803"}],"wp:attachment":[{"href":"https:\/\/www.irdin.org.br\/site\/wp-json\/wp\/v2\/media?parent=83692"}],"wp:term":[{"taxonomy":"product_brand","embeddable":true,"href":"https:\/\/www.irdin.org.br\/site\/wp-json\/wp\/v2\/product_brand?post=83692"},{"taxonomy":"product_cat","embeddable":true,"href":"https:\/\/www.irdin.org.br\/site\/wp-json\/wp\/v2\/product_cat?post=83692"},{"taxonomy":"product_tag","embeddable":true,"href":"https:\/\/www.irdin.org.br\/site\/wp-json\/wp\/v2\/product_tag?post=83692"}],"curies":[{"name":"wp","href":"https:\/\/api.w.org\/{rel}","templated":true}]}}