{"id":83696,"date":"2018-04-26T18:25:19","date_gmt":"2018-04-26T18:25:19","guid":{"rendered":"http:\/\/www.irdin.org.br\/site\/produto\/o-caminho-da-elevacao-humana\/"},"modified":"2025-03-15T19:47:14","modified_gmt":"2025-03-15T19:47:14","slug":"o-caminho-da-elevacao-humana","status":"publish","type":"product","link":"https:\/\/www.irdin.org.br\/site\/produtos\/o-caminho-da-elevacao-humana\/","title":{"rendered":"O caminho da eleva\u00e7\u00e3o humana"},"content":{"rendered":"<p><em>Manter o esp\u00edrito unido \u00e0 forma \/ Corpo e sangue de Cristo \/ Liberta\u00e7\u00e3o de almas por meio da ora\u00e7\u00e3o \/ Forma\u00e7\u00e3o e desintegra\u00e7\u00e3o de almas \/ Disciplina na ora\u00e7\u00e3o \/ D\u00favidas sobre gravidez \/ Conhecimento sobre nossa origem \/ Contato com o conhecimento superior \/ Ego, alma, esp\u00edrito e a evolu\u00e7\u00e3o humana \/ O corpo causal<\/em><\/p>\n<p>&nbsp;<br \/>\n<strong>Ou\u00e7a agora:<\/strong><\/p>\n<p><span data-href=\"https:\/\/www.irdin.org.br\/site\/envios\/audios\/0041_0023__por_por__o_caminho_da_elevacao_humana.mp3\" data-title=\"o caminho da eleva\u00e7\u00e3o humana\" data-rel=\"\" data-target=\"\" data-meta=\"#fap-meta-69e33c88daf0d\" class=\"fap-single-track fap-track-button fap-play-button\" data-enqueue=\"no\" data-autoenqueue=\"no\" title=\"o caminho da eleva\u00e7\u00e3o humana\"><span class=\"fap-icon-play\"><\/span>Ouvir<\/span> <a href=\"https:\/\/www.irdin.org.br\/site\/envios\/audios\/0041_0023__por_por__o_caminho_da_elevacao_humana.mp3\" class=\"baixar\" download><span class=\"fa fa-arrow-down\"><\/span>Baixar<\/span><\/a> <span class=\"textobaixar\"> o caminho da eleva\u00e7\u00e3o humana<\/span><\/p>\n<p>&nbsp;<\/p>\n","protected":false},"excerpt":{"rendered":"<p>Manter o esp\u00edrito unido \u00e0 forma \/ Corpo e sangue de Cristo \/ Liberta\u00e7\u00e3o de almas por meio da ora\u00e7\u00e3o<\/p>\n","protected":false},"featured_media":37803,"template":"","meta":{"_acf_changed":false},"product_brand":[],"product_cat":[18076,33068],"product_tag":[40693],"class_list":{"0":"post-83696","1":"product","2":"type-product","3":"status-publish","4":"has-post-thumbnail","6":"product_cat-cddvd","7":"product_cat-palestras","8":"product_tag-40693","9":"pa_autor-trigueirinho","10":"pa_codigo-da-serie-32815","11":"pa_data-de-gravacao-26744","12":"pa_idioma-de-destino-portugues","13":"pa_lancamento-no","14":"pa_midia-cd","15":"pa_moac-40692","16":"pa_quantidade-de-saldo-33067","17":"pa_sequencial-da-serie-31899","18":"pa_tipo-de-traducao-nao-classificado","20":"first","21":"outofstock","22":"product-type-simple"},"acf":[],"_links":{"self":[{"href":"https:\/\/www.irdin.org.br\/site\/wp-json\/wp\/v2\/product\/83696","targetHints":{"allow":["GET"]}}],"collection":[{"href":"https:\/\/www.irdin.org.br\/site\/wp-json\/wp\/v2\/product"}],"about":[{"href":"https:\/\/www.irdin.org.br\/site\/wp-json\/wp\/v2\/types\/product"}],"version-history":[{"count":1,"href":"https:\/\/www.irdin.org.br\/site\/wp-json\/wp\/v2\/product\/83696\/revisions"}],"predecessor-version":[{"id":108585,"href":"https:\/\/www.irdin.org.br\/site\/wp-json\/wp\/v2\/product\/83696\/revisions\/108585"}],"wp:featuredmedia":[{"embeddable":true,"href":"https:\/\/www.irdin.org.br\/site\/wp-json\/wp\/v2\/media\/37803"}],"wp:attachment":[{"href":"https:\/\/www.irdin.org.br\/site\/wp-json\/wp\/v2\/media?parent=83696"}],"wp:term":[{"taxonomy":"product_brand","embeddable":true,"href":"https:\/\/www.irdin.org.br\/site\/wp-json\/wp\/v2\/product_brand?post=83696"},{"taxonomy":"product_cat","embeddable":true,"href":"https:\/\/www.irdin.org.br\/site\/wp-json\/wp\/v2\/product_cat?post=83696"},{"taxonomy":"product_tag","embeddable":true,"href":"https:\/\/www.irdin.org.br\/site\/wp-json\/wp\/v2\/product_tag?post=83696"}],"curies":[{"name":"wp","href":"https:\/\/api.w.org\/{rel}","templated":true}]}}