{"id":83697,"date":"2018-04-26T18:25:19","date_gmt":"2018-04-26T18:25:19","guid":{"rendered":"http:\/\/www.irdin.org.br\/site\/produto\/a-proposito-de-baleias-luzes-para-a-nossa-consciencia\/"},"modified":"2025-03-15T19:47:32","modified_gmt":"2025-03-15T19:47:32","slug":"a-proposito-de-baleias-luzes-para-a-nossa-consciencia","status":"publish","type":"product","link":"https:\/\/www.irdin.org.br\/site\/produtos\/a-proposito-de-baleias-luzes-para-a-nossa-consciencia\/","title":{"rendered":"A prop\u00f3sito de baleias: luzes para a nossa consci\u00eancia"},"content":{"rendered":"<p><em>A contribui\u00e7\u00e3o das baleias para a presen\u00e7a do Amor-Sabedoria no planeta \/ A situa\u00e7\u00e3o comprometida pelo homem, e a destrui\u00e7\u00e3o nos oceanos \/ As baleias no equil\u00edbrio do eixo da Terra<\/em><\/p>\n<p>&nbsp;<br \/>\n<strong>Ou\u00e7a agora:<\/strong><\/p>\n<p><span data-href=\"https:\/\/www.irdin.org.br\/site\/envios\/audios\/0041_0027__por_por__a_proposito_de_baleias_luzes_para_nossa_consciencia.mp3\" data-title=\"a prop\u00f3sito de baleias: luzes para a nossa consci\u00eancia\" data-rel=\"\" data-target=\"\" data-meta=\"#fap-meta-6a05e1fe360e0\" class=\"fap-single-track fap-track-button fap-play-button\" data-enqueue=\"no\" data-autoenqueue=\"no\" title=\"a prop\u00f3sito de baleias: luzes para a nossa consci\u00eancia\"><span class=\"fap-icon-play\"><\/span>Ouvir<\/span> <a href=\"https:\/\/www.irdin.org.br\/site\/envios\/audios\/0041_0027__por_por__a_proposito_de_baleias_luzes_para_nossa_consciencia.mp3\" class=\"baixar\" download><span class=\"fa fa-arrow-down\"><\/span>Baixar<\/span><\/a> <span class=\"textobaixar\"> a prop\u00f3sito de baleias: luzes para a nossa consci\u00eancia<\/span><\/p>\n<p>&nbsp;<\/p>\n","protected":false},"excerpt":{"rendered":"<p>A contribui\u00e7\u00e3o das baleias para a presen\u00e7a do Amor-Sabedoria no planeta \/ A situa\u00e7\u00e3o comprometida pelo homem, e a destrui\u00e7\u00e3o<\/p>\n","protected":false},"featured_media":37803,"template":"","meta":{"_acf_changed":false},"product_brand":[],"product_cat":[18076,33068],"product_tag":[40695],"class_list":{"0":"post-83697","1":"product","2":"type-product","3":"status-publish","4":"has-post-thumbnail","6":"product_cat-cddvd","7":"product_cat-palestras","8":"product_tag-40695","9":"pa_autor-trigueirinho","10":"pa_codigo-da-serie-32815","11":"pa_data-de-gravacao-31174","12":"pa_idioma-de-destino-portugues","13":"pa_lancamento-no","14":"pa_midia-cd","15":"pa_moac-40694","16":"pa_quantidade-de-saldo-33067","17":"pa_sequencial-da-serie-31903","18":"pa_tipo-de-traducao-nao-classificado","20":"first","21":"outofstock","22":"product-type-simple"},"acf":[],"_links":{"self":[{"href":"https:\/\/www.irdin.org.br\/site\/wp-json\/wp\/v2\/product\/83697","targetHints":{"allow":["GET"]}}],"collection":[{"href":"https:\/\/www.irdin.org.br\/site\/wp-json\/wp\/v2\/product"}],"about":[{"href":"https:\/\/www.irdin.org.br\/site\/wp-json\/wp\/v2\/types\/product"}],"version-history":[{"count":1,"href":"https:\/\/www.irdin.org.br\/site\/wp-json\/wp\/v2\/product\/83697\/revisions"}],"predecessor-version":[{"id":108586,"href":"https:\/\/www.irdin.org.br\/site\/wp-json\/wp\/v2\/product\/83697\/revisions\/108586"}],"wp:featuredmedia":[{"embeddable":true,"href":"https:\/\/www.irdin.org.br\/site\/wp-json\/wp\/v2\/media\/37803"}],"wp:attachment":[{"href":"https:\/\/www.irdin.org.br\/site\/wp-json\/wp\/v2\/media?parent=83697"}],"wp:term":[{"taxonomy":"product_brand","embeddable":true,"href":"https:\/\/www.irdin.org.br\/site\/wp-json\/wp\/v2\/product_brand?post=83697"},{"taxonomy":"product_cat","embeddable":true,"href":"https:\/\/www.irdin.org.br\/site\/wp-json\/wp\/v2\/product_cat?post=83697"},{"taxonomy":"product_tag","embeddable":true,"href":"https:\/\/www.irdin.org.br\/site\/wp-json\/wp\/v2\/product_tag?post=83697"}],"curies":[{"name":"wp","href":"https:\/\/api.w.org\/{rel}","templated":true}]}}