{"id":83699,"date":"2018-04-26T18:25:38","date_gmt":"2018-04-26T18:25:38","guid":{"rendered":"http:\/\/www.irdin.org.br\/site\/produto\/o-projeto-misericordia-maria\/"},"modified":"2025-03-15T19:39:37","modified_gmt":"2025-03-15T19:39:37","slug":"o-projeto-misericordia-maria","status":"publish","type":"product","link":"https:\/\/www.irdin.org.br\/site\/produtos\/o-projeto-misericordia-maria\/","title":{"rendered":"O projeto &#8220;Misericordia Mar\u00eda&#8221;"},"content":{"rendered":"<p><em>As bases espirituais da cria\u00e7\u00e3o de Misericordia Mar\u00eda TV \/ O porqu\u00ea de a Hierarquia Celestial utilizar os meios de comunica\u00e7\u00e3o para transmitir Sua Mensagem \/ Impulsos de fraternidade, cura e perd\u00e3o que a humanidade necessita<\/em><\/p>\n<p>&nbsp;<br \/>\n<strong>Ou\u00e7a agora:<\/strong><\/p>\n<p><span data-href=\"https:\/\/www.irdin.org.br\/site\/envios\/audios\/0041_0029__por_por__o_projeto_misericordia_maria.mp3\" data-title=\"o projeto \u00b4misericordia mar\u00eda\u00b4\" data-rel=\"\" data-target=\"\" data-meta=\"#fap-meta-69e5e0e326677\" class=\"fap-single-track fap-track-button fap-play-button\" data-enqueue=\"no\" data-autoenqueue=\"no\" title=\"o projeto \u00b4misericordia mar\u00eda\u00b4\"><span class=\"fap-icon-play\"><\/span>Ouvir<\/span> <a href=\"https:\/\/www.irdin.org.br\/site\/envios\/audios\/0041_0029__por_por__o_projeto_misericordia_maria.mp3\" class=\"baixar\" download><span class=\"fa fa-arrow-down\"><\/span>Baixar<\/span><\/a> <span class=\"textobaixar\"> o projeto \u00b4misericordia mar\u00eda\u00b4<\/span><\/p>\n<p>&nbsp;<\/p>\n","protected":false},"excerpt":{"rendered":"<p>As bases espirituais da cria\u00e7\u00e3o de Misericordia Mar\u00eda TV \/ O porqu\u00ea de a Hierarquia Celestial utilizar os meios de<\/p>\n","protected":false},"featured_media":37803,"template":"","meta":{"_acf_changed":false},"product_brand":[],"product_cat":[18076,33068],"product_tag":[40699],"class_list":{"0":"post-83699","1":"product","2":"type-product","3":"status-publish","4":"has-post-thumbnail","6":"product_cat-cddvd","7":"product_cat-palestras","8":"product_tag-40699","9":"pa_autor-associacao-maria-mae-da-divina-concepcao-2","10":"pa_autor-trigueirinho","11":"pa_codigo-da-serie-32815","12":"pa_codigo-externo-00410029porcd","13":"pa_data-de-gravacao-31180","14":"pa_duracao-42min","15":"pa_idioma-de-destino-portugues","16":"pa_idioma-de-origem-portugues","17":"pa_lancamento-no","18":"pa_midia-cd","19":"pa_moac-40698","20":"pa_quantidade-de-saldo-33067","21":"pa_sequencial-da-serie-31905","22":"pa_tipo-de-traducao-nao-classificado","24":"first","25":"outofstock","26":"product-type-simple"},"acf":[],"_links":{"self":[{"href":"https:\/\/www.irdin.org.br\/site\/wp-json\/wp\/v2\/product\/83699","targetHints":{"allow":["GET"]}}],"collection":[{"href":"https:\/\/www.irdin.org.br\/site\/wp-json\/wp\/v2\/product"}],"about":[{"href":"https:\/\/www.irdin.org.br\/site\/wp-json\/wp\/v2\/types\/product"}],"version-history":[{"count":1,"href":"https:\/\/www.irdin.org.br\/site\/wp-json\/wp\/v2\/product\/83699\/revisions"}],"predecessor-version":[{"id":108548,"href":"https:\/\/www.irdin.org.br\/site\/wp-json\/wp\/v2\/product\/83699\/revisions\/108548"}],"wp:featuredmedia":[{"embeddable":true,"href":"https:\/\/www.irdin.org.br\/site\/wp-json\/wp\/v2\/media\/37803"}],"wp:attachment":[{"href":"https:\/\/www.irdin.org.br\/site\/wp-json\/wp\/v2\/media?parent=83699"}],"wp:term":[{"taxonomy":"product_brand","embeddable":true,"href":"https:\/\/www.irdin.org.br\/site\/wp-json\/wp\/v2\/product_brand?post=83699"},{"taxonomy":"product_cat","embeddable":true,"href":"https:\/\/www.irdin.org.br\/site\/wp-json\/wp\/v2\/product_cat?post=83699"},{"taxonomy":"product_tag","embeddable":true,"href":"https:\/\/www.irdin.org.br\/site\/wp-json\/wp\/v2\/product_tag?post=83699"}],"curies":[{"name":"wp","href":"https:\/\/api.w.org\/{rel}","templated":true}]}}