{"id":83700,"date":"2018-04-26T18:25:38","date_gmt":"2018-04-26T18:25:38","guid":{"rendered":"http:\/\/www.irdin.org.br\/site\/produto\/ir-alem-do-que-somos-hoje\/"},"modified":"2025-03-15T19:39:46","modified_gmt":"2025-03-15T19:39:46","slug":"ir-alem-do-que-somos-hoje","status":"publish","type":"product","link":"https:\/\/www.irdin.org.br\/site\/produtos\/ir-alem-do-que-somos-hoje\/","title":{"rendered":"Ir al\u00e9m do que somos hoje"},"content":{"rendered":"<p><em>Para orar e mantralizar realmente \/ Sobre a transmiss\u00e3o de Cristo Jesus no dia 19 de agosto de 2013: nosso encontro com a castidade e a humildade \/ Presen\u00e7a de S\u00e3o Jos\u00e9 atrav\u00e9s de suas Bem-Aventuran\u00e7as<\/em><\/p>\n<p>&nbsp;<br \/>\n<strong>Ou\u00e7a agora:<\/strong><\/p>\n<p><span data-href=\"https:\/\/www.irdin.org.br\/site\/envios\/audios\/0041_0030__por_por__ir_alem_do_que_somos_hoje.mp3\" data-title=\"ir al\u00e9m do que somos hoje\" data-rel=\"\" data-target=\"\" data-meta=\"#fap-meta-69e3957d58e10\" class=\"fap-single-track fap-track-button fap-play-button\" data-enqueue=\"no\" data-autoenqueue=\"no\" title=\"ir al\u00e9m do que somos hoje\"><span class=\"fap-icon-play\"><\/span>Ouvir<\/span> <a href=\"https:\/\/www.irdin.org.br\/site\/envios\/audios\/0041_0030__por_por__ir_alem_do_que_somos_hoje.mp3\" class=\"baixar\" download><span class=\"fa fa-arrow-down\"><\/span>Baixar<\/span><\/a> <span class=\"textobaixar\"> ir al\u00e9m do que somos hoje<\/span><\/p>\n<p>&nbsp;<\/p>\n","protected":false},"excerpt":{"rendered":"<p>Para orar e mantralizar realmente \/ Sobre a transmiss\u00e3o de Cristo Jesus no dia 19 de agosto de 2013: nosso<\/p>\n","protected":false},"featured_media":37803,"template":"","meta":{"_acf_changed":false},"product_brand":[],"product_cat":[18076,33068],"product_tag":[40701],"class_list":{"0":"post-83700","1":"product","2":"type-product","3":"status-publish","4":"has-post-thumbnail","6":"product_cat-cddvd","7":"product_cat-palestras","8":"product_tag-40701","9":"pa_autor-trigueirinho","10":"pa_codigo-da-serie-32815","11":"pa_data-de-gravacao-31183","12":"pa_idioma-de-destino-portugues","13":"pa_lancamento-no","14":"pa_midia-cd","15":"pa_moac-40700","16":"pa_quantidade-de-saldo-33067","17":"pa_sequencial-da-serie-31906","18":"pa_tipo-de-traducao-nao-classificado","20":"first","21":"outofstock","22":"product-type-simple"},"acf":[],"_links":{"self":[{"href":"https:\/\/www.irdin.org.br\/site\/wp-json\/wp\/v2\/product\/83700","targetHints":{"allow":["GET"]}}],"collection":[{"href":"https:\/\/www.irdin.org.br\/site\/wp-json\/wp\/v2\/product"}],"about":[{"href":"https:\/\/www.irdin.org.br\/site\/wp-json\/wp\/v2\/types\/product"}],"version-history":[{"count":1,"href":"https:\/\/www.irdin.org.br\/site\/wp-json\/wp\/v2\/product\/83700\/revisions"}],"predecessor-version":[{"id":108549,"href":"https:\/\/www.irdin.org.br\/site\/wp-json\/wp\/v2\/product\/83700\/revisions\/108549"}],"wp:featuredmedia":[{"embeddable":true,"href":"https:\/\/www.irdin.org.br\/site\/wp-json\/wp\/v2\/media\/37803"}],"wp:attachment":[{"href":"https:\/\/www.irdin.org.br\/site\/wp-json\/wp\/v2\/media?parent=83700"}],"wp:term":[{"taxonomy":"product_brand","embeddable":true,"href":"https:\/\/www.irdin.org.br\/site\/wp-json\/wp\/v2\/product_brand?post=83700"},{"taxonomy":"product_cat","embeddable":true,"href":"https:\/\/www.irdin.org.br\/site\/wp-json\/wp\/v2\/product_cat?post=83700"},{"taxonomy":"product_tag","embeddable":true,"href":"https:\/\/www.irdin.org.br\/site\/wp-json\/wp\/v2\/product_tag?post=83700"}],"curies":[{"name":"wp","href":"https:\/\/api.w.org\/{rel}","templated":true}]}}