{"id":83701,"date":"2018-04-26T18:25:38","date_gmt":"2018-04-26T18:25:38","guid":{"rendered":"http:\/\/www.irdin.org.br\/site\/produto\/das-coisas-da-terra-as-mensagens-do-ceu\/"},"modified":"2025-03-15T19:39:58","modified_gmt":"2025-03-15T19:39:58","slug":"das-coisas-da-terra-as-mensagens-do-ceu","status":"publish","type":"product","link":"https:\/\/www.irdin.org.br\/site\/produtos\/das-coisas-da-terra-as-mensagens-do-ceu\/","title":{"rendered":"Das coisas da Terra \u00e0s mensagens do C\u00e9u"},"content":{"rendered":"<p><em>Como desenvolver n\u00edvel mental adequado para esta \u00e9poca \/ Valor do sono profundo e uso s\u00e1bio da ora\u00e7\u00e3o \/ Frases de Padre Pio sobre a f\u00e9 e o sentimento de culpa \/ Longa \u00e9 a estrada da perfei\u00e7\u00e3o \/ Aspectos ocultos da mensagem de Cristo de 18 de novembro de 2013<\/em><\/p>\n<p>&nbsp;<br \/>\n<strong>Ou\u00e7a agora:<\/strong><\/p>\n<p><span data-href=\"https:\/\/www.irdin.org.br\/site\/envios\/audios\/0041_0031__por_por__das_coisas_da_terra_as_mensagens_do_ceu.mp3\" data-title=\"das coisas da terra \u00e0s mensagens do c\u00e9u\" data-rel=\"\" data-target=\"\" data-meta=\"#fap-meta-6a058afe40492\" class=\"fap-single-track fap-track-button fap-play-button\" data-enqueue=\"no\" data-autoenqueue=\"no\" title=\"das coisas da terra \u00e0s mensagens do c\u00e9u\"><span class=\"fap-icon-play\"><\/span>Ouvir<\/span> <a href=\"https:\/\/www.irdin.org.br\/site\/envios\/audios\/0041_0031__por_por__das_coisas_da_terra_as_mensagens_do_ceu.mp3\" class=\"baixar\" download><span class=\"fa fa-arrow-down\"><\/span>Baixar<\/span><\/a> <span class=\"textobaixar\"> das coisas da terra \u00e0s mensagens do c\u00e9u<\/span><\/p>\n<p>&nbsp;<\/p>\n","protected":false},"excerpt":{"rendered":"<p>Como desenvolver n\u00edvel mental adequado para esta \u00e9poca \/ Valor do sono profundo e uso s\u00e1bio da ora\u00e7\u00e3o \/ Frases<\/p>\n","protected":false},"featured_media":37803,"template":"","meta":{"_acf_changed":false},"product_brand":[],"product_cat":[18076,33068],"product_tag":[40703],"class_list":{"0":"post-83701","1":"product","2":"type-product","3":"status-publish","4":"has-post-thumbnail","6":"product_cat-cddvd","7":"product_cat-palestras","8":"product_tag-40703","9":"pa_autor-trigueirinho","10":"pa_codigo-da-serie-32815","11":"pa_data-de-gravacao-31186","12":"pa_idioma-de-destino-portugues","13":"pa_lancamento-no","14":"pa_midia-cd","15":"pa_moac-40702","16":"pa_quantidade-de-saldo-33067","17":"pa_sequencial-da-serie-31907","18":"pa_tipo-de-traducao-nao-classificado","20":"first","21":"outofstock","22":"product-type-simple"},"acf":[],"_links":{"self":[{"href":"https:\/\/www.irdin.org.br\/site\/wp-json\/wp\/v2\/product\/83701","targetHints":{"allow":["GET"]}}],"collection":[{"href":"https:\/\/www.irdin.org.br\/site\/wp-json\/wp\/v2\/product"}],"about":[{"href":"https:\/\/www.irdin.org.br\/site\/wp-json\/wp\/v2\/types\/product"}],"version-history":[{"count":1,"href":"https:\/\/www.irdin.org.br\/site\/wp-json\/wp\/v2\/product\/83701\/revisions"}],"predecessor-version":[{"id":108550,"href":"https:\/\/www.irdin.org.br\/site\/wp-json\/wp\/v2\/product\/83701\/revisions\/108550"}],"wp:featuredmedia":[{"embeddable":true,"href":"https:\/\/www.irdin.org.br\/site\/wp-json\/wp\/v2\/media\/37803"}],"wp:attachment":[{"href":"https:\/\/www.irdin.org.br\/site\/wp-json\/wp\/v2\/media?parent=83701"}],"wp:term":[{"taxonomy":"product_brand","embeddable":true,"href":"https:\/\/www.irdin.org.br\/site\/wp-json\/wp\/v2\/product_brand?post=83701"},{"taxonomy":"product_cat","embeddable":true,"href":"https:\/\/www.irdin.org.br\/site\/wp-json\/wp\/v2\/product_cat?post=83701"},{"taxonomy":"product_tag","embeddable":true,"href":"https:\/\/www.irdin.org.br\/site\/wp-json\/wp\/v2\/product_tag?post=83701"}],"curies":[{"name":"wp","href":"https:\/\/api.w.org\/{rel}","templated":true}]}}