{"id":83705,"date":"2018-04-26T18:25:38","date_gmt":"2018-04-26T18:25:38","guid":{"rendered":"http:\/\/www.irdin.org.br\/site\/produto\/o-invisivel-no-sacramento-da-comunhao\/"},"modified":"2025-03-15T19:41:34","modified_gmt":"2025-03-15T19:41:34","slug":"o-invisivel-no-sacramento-da-comunhao","status":"publish","type":"product","link":"https:\/\/www.irdin.org.br\/site\/produtos\/o-invisivel-no-sacramento-da-comunhao\/","title":{"rendered":"O invis\u00edvel no sacramento da comunh\u00e3o"},"content":{"rendered":"<p><em>Meditando com humildade sobre alguns aspectos de Cristo, podemos chegar a transcender a pris\u00e3o de nossos corpos rudimentares \/ Sangue, Corpo, Alma e Esp\u00edrito de Cristo \/ Reflex\u00f5es para compreender o que se passa na cerim\u00f4nia da comunh\u00e3o \/ A necessidade de vivermos a humildade nas menores coisas, para nos aproximarmos do que \u00e9 considerado mist\u00e9rio<\/em><\/p>\n<p>&nbsp;<br \/>\n<strong>Ou\u00e7a agora:<\/strong><\/p>\n<p><span data-href=\"https:\/\/www.irdin.org.br\/site\/envios\/audios\/0041_0035__por_por__o_invisivel_no_sacramento_da_comunhao.mp3\" data-title=\"o invis\u00edvel no sacramento da comunh\u00e3o\" data-rel=\"\" data-target=\"\" data-meta=\"#fap-meta-69e22df8c0d69\" class=\"fap-single-track fap-track-button fap-play-button\" data-enqueue=\"no\" data-autoenqueue=\"no\" title=\"o invis\u00edvel no sacramento da comunh\u00e3o\"><span class=\"fap-icon-play\"><\/span>Ouvir<\/span> <a href=\"https:\/\/www.irdin.org.br\/site\/envios\/audios\/0041_0035__por_por__o_invisivel_no_sacramento_da_comunhao.mp3\" class=\"baixar\" download><span class=\"fa fa-arrow-down\"><\/span>Baixar<\/span><\/a> <span class=\"textobaixar\"> o invis\u00edvel no sacramento da comunh\u00e3o<\/span><\/p>\n<p>&nbsp;<\/p>\n","protected":false},"excerpt":{"rendered":"<p>Meditando com humildade sobre alguns aspectos de Cristo, podemos chegar a transcender a pris\u00e3o de nossos corpos rudimentares \/ Sangue,<\/p>\n","protected":false},"featured_media":37803,"template":"","meta":{"_acf_changed":false},"product_brand":[],"product_cat":[18076,33068],"product_tag":[40711],"class_list":{"0":"post-83705","1":"product","2":"type-product","3":"status-publish","4":"has-post-thumbnail","6":"product_cat-cddvd","7":"product_cat-palestras","8":"product_tag-40711","9":"pa_autor-trigueirinho","10":"pa_codigo-da-serie-32815","11":"pa_data-de-gravacao-31198","12":"pa_idioma-de-destino-portugues","13":"pa_lancamento-no","14":"pa_midia-cd","15":"pa_moac-40710","16":"pa_quantidade-de-saldo-33067","17":"pa_sequencial-da-serie-31911","18":"pa_tipo-de-traducao-nao-classificado","20":"first","21":"outofstock","22":"product-type-simple"},"acf":[],"_links":{"self":[{"href":"https:\/\/www.irdin.org.br\/site\/wp-json\/wp\/v2\/product\/83705","targetHints":{"allow":["GET"]}}],"collection":[{"href":"https:\/\/www.irdin.org.br\/site\/wp-json\/wp\/v2\/product"}],"about":[{"href":"https:\/\/www.irdin.org.br\/site\/wp-json\/wp\/v2\/types\/product"}],"version-history":[{"count":1,"href":"https:\/\/www.irdin.org.br\/site\/wp-json\/wp\/v2\/product\/83705\/revisions"}],"predecessor-version":[{"id":108554,"href":"https:\/\/www.irdin.org.br\/site\/wp-json\/wp\/v2\/product\/83705\/revisions\/108554"}],"wp:featuredmedia":[{"embeddable":true,"href":"https:\/\/www.irdin.org.br\/site\/wp-json\/wp\/v2\/media\/37803"}],"wp:attachment":[{"href":"https:\/\/www.irdin.org.br\/site\/wp-json\/wp\/v2\/media?parent=83705"}],"wp:term":[{"taxonomy":"product_brand","embeddable":true,"href":"https:\/\/www.irdin.org.br\/site\/wp-json\/wp\/v2\/product_brand?post=83705"},{"taxonomy":"product_cat","embeddable":true,"href":"https:\/\/www.irdin.org.br\/site\/wp-json\/wp\/v2\/product_cat?post=83705"},{"taxonomy":"product_tag","embeddable":true,"href":"https:\/\/www.irdin.org.br\/site\/wp-json\/wp\/v2\/product_tag?post=83705"}],"curies":[{"name":"wp","href":"https:\/\/api.w.org\/{rel}","templated":true}]}}