{"id":83709,"date":"2018-04-26T18:25:38","date_gmt":"2018-04-26T18:25:38","guid":{"rendered":"http:\/\/www.irdin.org.br\/site\/produto\/como-transcender-a-energia-da-ira\/"},"modified":"2025-03-15T19:42:05","modified_gmt":"2025-03-15T19:42:05","slug":"como-transcender-a-energia-da-ira","status":"publish","type":"product","link":"https:\/\/www.irdin.org.br\/site\/produtos\/como-transcender-a-energia-da-ira\/","title":{"rendered":"Como transcender a energia da ira"},"content":{"rendered":"<p><em>Somos prisioneiros da ira? \/ Embates vividos nos monast\u00e9rios e comunidades e que s\u00e3o resolvidos pela liturgia di\u00e1ria \/ Poderosos c\u00f3digos gerados pelo Cristo durante a crucifica\u00e7\u00e3o \/ Pacifica\u00e7\u00e3o e mansid\u00e3o \/ Orar e vigiar \/ O Centro Planet\u00e1rio Aurora e a cura da ira \/ Alquimia da Vontade-Amor proposta por Amhaj<\/em><\/p>\n<p>&nbsp;<br \/>\n<strong>Ou\u00e7a agora:<\/strong><\/p>\n<p><span data-href=\"https:\/\/www.irdin.org.br\/site\/envios\/audios\/0041_0039__por_por__como_transcender_a_energia_da_ira.mp3\" data-title=\"como transcender a energia da ira\" data-rel=\"\" data-target=\"\" data-meta=\"#fap-meta-69e3dc2fc1163\" class=\"fap-single-track fap-track-button fap-play-button\" data-enqueue=\"no\" data-autoenqueue=\"no\" title=\"como transcender a energia da ira\"><span class=\"fap-icon-play\"><\/span>Ouvir<\/span> <a href=\"https:\/\/www.irdin.org.br\/site\/envios\/audios\/0041_0039__por_por__como_transcender_a_energia_da_ira.mp3\" class=\"baixar\" download><span class=\"fa fa-arrow-down\"><\/span>Baixar<\/span><\/a> <span class=\"textobaixar\"> como transcender a energia da ira<\/span><\/p>\n<p>&nbsp;<\/p>\n","protected":false},"excerpt":{"rendered":"<p>Somos prisioneiros da ira? \/ Embates vividos nos monast\u00e9rios e comunidades e que s\u00e3o resolvidos pela liturgia di\u00e1ria \/ Poderosos<\/p>\n","protected":false},"featured_media":37803,"template":"","meta":{"_acf_changed":false},"product_brand":[],"product_cat":[18076,33068],"product_tag":[40719],"class_list":{"0":"post-83709","1":"product","2":"type-product","3":"status-publish","4":"has-post-thumbnail","6":"product_cat-cddvd","7":"product_cat-palestras","8":"product_tag-40719","9":"pa_autor-trigueirinho","10":"pa_codigo-da-serie-32815","11":"pa_codigo-externo-00410039porcd","12":"pa_data-de-gravacao-28501","13":"pa_duracao-43-min","14":"pa_idioma-de-destino-portugues","15":"pa_idioma-de-origem-portugues","16":"pa_lancamento-no","17":"pa_midia-cd","18":"pa_moac-40718","19":"pa_quantidade-de-saldo-33067","20":"pa_sequencial-da-serie-31915","21":"pa_tipo-de-traducao-nao-classificado","23":"first","24":"outofstock","25":"product-type-simple"},"acf":[],"_links":{"self":[{"href":"https:\/\/www.irdin.org.br\/site\/wp-json\/wp\/v2\/product\/83709","targetHints":{"allow":["GET"]}}],"collection":[{"href":"https:\/\/www.irdin.org.br\/site\/wp-json\/wp\/v2\/product"}],"about":[{"href":"https:\/\/www.irdin.org.br\/site\/wp-json\/wp\/v2\/types\/product"}],"version-history":[{"count":1,"href":"https:\/\/www.irdin.org.br\/site\/wp-json\/wp\/v2\/product\/83709\/revisions"}],"predecessor-version":[{"id":108558,"href":"https:\/\/www.irdin.org.br\/site\/wp-json\/wp\/v2\/product\/83709\/revisions\/108558"}],"wp:featuredmedia":[{"embeddable":true,"href":"https:\/\/www.irdin.org.br\/site\/wp-json\/wp\/v2\/media\/37803"}],"wp:attachment":[{"href":"https:\/\/www.irdin.org.br\/site\/wp-json\/wp\/v2\/media?parent=83709"}],"wp:term":[{"taxonomy":"product_brand","embeddable":true,"href":"https:\/\/www.irdin.org.br\/site\/wp-json\/wp\/v2\/product_brand?post=83709"},{"taxonomy":"product_cat","embeddable":true,"href":"https:\/\/www.irdin.org.br\/site\/wp-json\/wp\/v2\/product_cat?post=83709"},{"taxonomy":"product_tag","embeddable":true,"href":"https:\/\/www.irdin.org.br\/site\/wp-json\/wp\/v2\/product_tag?post=83709"}],"curies":[{"name":"wp","href":"https:\/\/api.w.org\/{rel}","templated":true}]}}