{"id":83712,"date":"2018-04-26T18:25:38","date_gmt":"2018-04-26T18:25:38","guid":{"rendered":"http:\/\/www.irdin.org.br\/site\/produto\/o-apostolado-de-maria-um-misterio\/"},"modified":"2025-03-15T19:42:33","modified_gmt":"2025-03-15T19:42:33","slug":"o-apostolado-de-maria-um-misterio","status":"publish","type":"product","link":"https:\/\/www.irdin.org.br\/site\/produtos\/o-apostolado-de-maria-um-misterio\/","title":{"rendered":"O Apostolado de Maria, um mist\u00e9rio?"},"content":{"rendered":"<p><em>A origem de Maria n\u00e3o foi como a nossa \/ A renova\u00e7\u00e3o da ess\u00eancia maternal em todo ser feminino \/ Da ideia da Cria\u00e7\u00e3o \u00e0 a\u00e7\u00e3o manifestada pelo mundo \/ Amor, cura, f\u00e9, reconcilia\u00e7\u00e3o, perd\u00e3o, transmuta\u00e7\u00e3o e libera\u00e7\u00e3o: as 7 espadas que Maria manifestou \/ O real caminho para o amor \/ O Retorno para o qual devemos nos preparar<\/em><\/p>\n<p>&nbsp;<br \/>\n<strong>Ou\u00e7a agora:<\/strong><\/p>\n<p><span data-href=\"https:\/\/www.irdin.org.br\/site\/envios\/audios\/0041_0042__por_por__o_apostolado_de_maria_um_misterio.mp3\" data-title=\"o apostolado de maria, um mist\u00e9rio?\" data-rel=\"\" data-target=\"\" data-meta=\"#fap-meta-6a04d24083cd4\" class=\"fap-single-track fap-track-button fap-play-button\" data-enqueue=\"no\" data-autoenqueue=\"no\" title=\"o apostolado de maria, um mist\u00e9rio?\"><span class=\"fap-icon-play\"><\/span>Ouvir<\/span> <a href=\"https:\/\/www.irdin.org.br\/site\/envios\/audios\/0041_0042__por_por__o_apostolado_de_maria_um_misterio.mp3\" class=\"baixar\" download><span class=\"fa fa-arrow-down\"><\/span>Baixar<\/span><\/a> <span class=\"textobaixar\"> o apostolado de maria, um mist\u00e9rio?<\/span><\/p>\n<p>&nbsp;<\/p>\n","protected":false},"excerpt":{"rendered":"<p>A origem de Maria n\u00e3o foi como a nossa \/ A renova\u00e7\u00e3o da ess\u00eancia maternal em todo ser feminino \/<\/p>\n","protected":false},"featured_media":37803,"template":"","meta":{"_acf_changed":false},"product_brand":[],"product_cat":[18076,33068],"product_tag":[40725],"class_list":{"0":"post-83712","1":"product","2":"type-product","3":"status-publish","4":"has-post-thumbnail","6":"product_cat-cddvd","7":"product_cat-palestras","8":"product_tag-40725","9":"pa_autor-trigueirinho","10":"pa_codigo-da-serie-32815","11":"pa_codigo-externo-00410042porcd","12":"pa_data-de-gravacao-31220","13":"pa_duracao-57-min","14":"pa_idioma-de-destino-portugues","15":"pa_idioma-de-origem-portugues","16":"pa_lancamento-no","17":"pa_midia-cd","18":"pa_moac-40724","19":"pa_quantidade-de-saldo-33067","20":"pa_sequencial-da-serie-31918","21":"pa_tipo-de-traducao-nao-classificado","23":"first","24":"outofstock","25":"product-type-simple"},"acf":[],"_links":{"self":[{"href":"https:\/\/www.irdin.org.br\/site\/wp-json\/wp\/v2\/product\/83712","targetHints":{"allow":["GET"]}}],"collection":[{"href":"https:\/\/www.irdin.org.br\/site\/wp-json\/wp\/v2\/product"}],"about":[{"href":"https:\/\/www.irdin.org.br\/site\/wp-json\/wp\/v2\/types\/product"}],"version-history":[{"count":1,"href":"https:\/\/www.irdin.org.br\/site\/wp-json\/wp\/v2\/product\/83712\/revisions"}],"predecessor-version":[{"id":108561,"href":"https:\/\/www.irdin.org.br\/site\/wp-json\/wp\/v2\/product\/83712\/revisions\/108561"}],"wp:featuredmedia":[{"embeddable":true,"href":"https:\/\/www.irdin.org.br\/site\/wp-json\/wp\/v2\/media\/37803"}],"wp:attachment":[{"href":"https:\/\/www.irdin.org.br\/site\/wp-json\/wp\/v2\/media?parent=83712"}],"wp:term":[{"taxonomy":"product_brand","embeddable":true,"href":"https:\/\/www.irdin.org.br\/site\/wp-json\/wp\/v2\/product_brand?post=83712"},{"taxonomy":"product_cat","embeddable":true,"href":"https:\/\/www.irdin.org.br\/site\/wp-json\/wp\/v2\/product_cat?post=83712"},{"taxonomy":"product_tag","embeddable":true,"href":"https:\/\/www.irdin.org.br\/site\/wp-json\/wp\/v2\/product_tag?post=83712"}],"curies":[{"name":"wp","href":"https:\/\/api.w.org\/{rel}","templated":true}]}}