{"id":83713,"date":"2018-04-26T18:25:38","date_gmt":"2018-04-26T18:25:38","guid":{"rendered":"http:\/\/www.irdin.org.br\/site\/produto\/as-3-forcas-poder-dinheiro-e-sexo-e-o-silencio\/"},"modified":"2025-03-15T19:42:39","modified_gmt":"2025-03-15T19:42:39","slug":"as-3-forcas-poder-dinheiro-e-sexo-e-o-silencio","status":"publish","type":"product","link":"https:\/\/www.irdin.org.br\/site\/produtos\/as-3-forcas-poder-dinheiro-e-sexo-e-o-silencio\/","title":{"rendered":"As 3 For\u00e7as: Poder, Dinheiro e Sexo e o Sil\u00eancio"},"content":{"rendered":"<p><em>A compreens\u00e3o de tr\u00eas energias que movem o mundo pode nos levar \u00e0 experi\u00eancia do Amor Divino \/ A sabedoria da M\u00e3e do Sri Aurobindo Ashram nos coloca diante de assuntos a serem resolvidos pelos seres humanos \/ Considera\u00e7\u00f5es de valor planet\u00e1rio que podem nos reorganizar neste ciclo de grandes desordens<\/em><\/p>\n<p>&nbsp;<br \/>\n<strong>Ou\u00e7a agora:<\/strong><\/p>\n<p><span data-href=\"https:\/\/www.irdin.org.br\/site\/envios\/audios\/0041_0043__por_por__as_3_forcas_poder_dinhero_e_sexo_e_o_silencio.mp3\" data-title=\"as 3 for\u00e7as: poder, dinheiro e sexo e o sil\u00eancio\" data-rel=\"\" data-target=\"\" data-meta=\"#fap-meta-69e3693cda6a6\" class=\"fap-single-track fap-track-button fap-play-button\" data-enqueue=\"no\" data-autoenqueue=\"no\" title=\"as 3 for\u00e7as: poder, dinheiro e sexo e o sil\u00eancio\"><span class=\"fap-icon-play\"><\/span>Ouvir<\/span> <a href=\"https:\/\/www.irdin.org.br\/site\/envios\/audios\/0041_0043__por_por__as_3_forcas_poder_dinhero_e_sexo_e_o_silencio.mp3\" class=\"baixar\" download><span class=\"fa fa-arrow-down\"><\/span>Baixar<\/span><\/a> <span class=\"textobaixar\"> as 3 for\u00e7as: poder, dinheiro e sexo e o sil\u00eancio<\/span><\/p>\n<p>&nbsp;<\/p>\n","protected":false},"excerpt":{"rendered":"<p>A compreens\u00e3o de tr\u00eas energias que movem o mundo pode nos levar \u00e0 experi\u00eancia do Amor Divino \/ A sabedoria<\/p>\n","protected":false},"featured_media":37803,"template":"","meta":{"_acf_changed":false},"product_brand":[],"product_cat":[18076,33068],"product_tag":[40727],"class_list":{"0":"post-83713","1":"product","2":"type-product","3":"status-publish","4":"has-post-thumbnail","6":"product_cat-cddvd","7":"product_cat-palestras","8":"product_tag-40727","9":"pa_autor-trigueirinho","10":"pa_codigo-da-serie-32815","11":"pa_codigo-externo-00410043porcd","12":"pa_data-de-gravacao-31223","13":"pa_duracao-90-min","14":"pa_idioma-de-destino-portugues","15":"pa_idioma-de-origem-portugues","16":"pa_lancamento-no","17":"pa_midia-cd","18":"pa_moac-40726","19":"pa_quantidade-de-saldo-33067","20":"pa_sequencial-da-serie-31919","21":"pa_tipo-de-traducao-nao-classificado","23":"first","24":"outofstock","25":"product-type-simple"},"acf":[],"_links":{"self":[{"href":"https:\/\/www.irdin.org.br\/site\/wp-json\/wp\/v2\/product\/83713","targetHints":{"allow":["GET"]}}],"collection":[{"href":"https:\/\/www.irdin.org.br\/site\/wp-json\/wp\/v2\/product"}],"about":[{"href":"https:\/\/www.irdin.org.br\/site\/wp-json\/wp\/v2\/types\/product"}],"version-history":[{"count":1,"href":"https:\/\/www.irdin.org.br\/site\/wp-json\/wp\/v2\/product\/83713\/revisions"}],"predecessor-version":[{"id":108562,"href":"https:\/\/www.irdin.org.br\/site\/wp-json\/wp\/v2\/product\/83713\/revisions\/108562"}],"wp:featuredmedia":[{"embeddable":true,"href":"https:\/\/www.irdin.org.br\/site\/wp-json\/wp\/v2\/media\/37803"}],"wp:attachment":[{"href":"https:\/\/www.irdin.org.br\/site\/wp-json\/wp\/v2\/media?parent=83713"}],"wp:term":[{"taxonomy":"product_brand","embeddable":true,"href":"https:\/\/www.irdin.org.br\/site\/wp-json\/wp\/v2\/product_brand?post=83713"},{"taxonomy":"product_cat","embeddable":true,"href":"https:\/\/www.irdin.org.br\/site\/wp-json\/wp\/v2\/product_cat?post=83713"},{"taxonomy":"product_tag","embeddable":true,"href":"https:\/\/www.irdin.org.br\/site\/wp-json\/wp\/v2\/product_tag?post=83713"}],"curies":[{"name":"wp","href":"https:\/\/api.w.org\/{rel}","templated":true}]}}