{"id":83722,"date":"2018-04-26T18:25:58","date_gmt":"2018-04-26T18:25:58","guid":{"rendered":"http:\/\/www.irdin.org.br\/site\/produto\/consideracoes-sobre-transcendencia\/"},"modified":"2024-09-09T02:00:07","modified_gmt":"2024-09-09T02:00:07","slug":"consideracoes-sobre-transcendencia","status":"publish","type":"product","link":"https:\/\/www.irdin.org.br\/site\/produtos\/consideracoes-sobre-transcendencia\/","title":{"rendered":"Considera\u00e7\u00f5es sobre Transcend\u00eancia"},"content":{"rendered":"<p><em>A Lei da Transcend\u00eancia n\u00e3o \u00e9 material: age na alma, na m\u00f4nada e em n\u00facleos ainda mais profundos do ser, e os efeitos dessa a\u00e7\u00e3o refletem-se na personalidade.<\/em><\/p>\n<p>&nbsp;<br \/>\n<strong>Ou\u00e7a agora:<\/strong><\/p>\n<p><span data-href=\"https:\/\/www.irdin.org.br\/site\/envios\/audios\/0045_0003__por_por__consideracoes_sobre_transcendencia.mp3\" data-title=\"considera\u00e7\u00f5es sobre transcend\u00eancia\" data-rel=\"\" data-target=\"\" data-meta=\"#fap-meta-69e8b688e21ea\" class=\"fap-single-track fap-track-button fap-play-button\" data-enqueue=\"no\" data-autoenqueue=\"no\" title=\"considera\u00e7\u00f5es sobre transcend\u00eancia\"><span class=\"fap-icon-play\"><\/span>Ouvir<\/span> <a href=\"https:\/\/www.irdin.org.br\/site\/envios\/audios\/0045_0003__por_por__consideracoes_sobre_transcendencia.mp3\" class=\"baixar\" download><span class=\"fa fa-arrow-down\"><\/span>Baixar<\/span><\/a> <span class=\"textobaixar\"> considera\u00e7\u00f5es sobre transcend\u00eancia<\/span><\/p>\n<p>&nbsp;<\/p>\n","protected":false},"excerpt":{"rendered":"<p>A Lei da Transcend\u00eancia n\u00e3o \u00e9 material: age na alma, na m\u00f4nada e em n\u00facleos ainda mais profundos do ser,<\/p>\n","protected":false},"featured_media":37803,"template":"","meta":{"_acf_changed":false},"product_brand":[],"product_cat":[18076,33068],"product_tag":[40745],"class_list":{"0":"post-83722","1":"product","2":"type-product","3":"status-publish","4":"has-post-thumbnail","6":"product_cat-cddvd","7":"product_cat-palestras","8":"product_tag-40745","9":"pa_autor-trigueirinho","10":"pa_codigo-da-serie-32823","11":"pa_data-de-gravacao-31285","12":"pa_idioma-de-destino-portugues","13":"pa_lancamento-no","14":"pa_midia-cd","15":"pa_moac-40744","16":"pa_quantidade-de-saldo-33067","17":"pa_sequencial-da-serie-31879","18":"pa_tipo-de-traducao-nao-classificado","20":"first","21":"outofstock","22":"product-type-simple"},"acf":[],"_links":{"self":[{"href":"https:\/\/www.irdin.org.br\/site\/wp-json\/wp\/v2\/product\/83722","targetHints":{"allow":["GET"]}}],"collection":[{"href":"https:\/\/www.irdin.org.br\/site\/wp-json\/wp\/v2\/product"}],"about":[{"href":"https:\/\/www.irdin.org.br\/site\/wp-json\/wp\/v2\/types\/product"}],"version-history":[{"count":1,"href":"https:\/\/www.irdin.org.br\/site\/wp-json\/wp\/v2\/product\/83722\/revisions"}],"predecessor-version":[{"id":106955,"href":"https:\/\/www.irdin.org.br\/site\/wp-json\/wp\/v2\/product\/83722\/revisions\/106955"}],"wp:featuredmedia":[{"embeddable":true,"href":"https:\/\/www.irdin.org.br\/site\/wp-json\/wp\/v2\/media\/37803"}],"wp:attachment":[{"href":"https:\/\/www.irdin.org.br\/site\/wp-json\/wp\/v2\/media?parent=83722"}],"wp:term":[{"taxonomy":"product_brand","embeddable":true,"href":"https:\/\/www.irdin.org.br\/site\/wp-json\/wp\/v2\/product_brand?post=83722"},{"taxonomy":"product_cat","embeddable":true,"href":"https:\/\/www.irdin.org.br\/site\/wp-json\/wp\/v2\/product_cat?post=83722"},{"taxonomy":"product_tag","embeddable":true,"href":"https:\/\/www.irdin.org.br\/site\/wp-json\/wp\/v2\/product_tag?post=83722"}],"curies":[{"name":"wp","href":"https:\/\/api.w.org\/{rel}","templated":true}]}}