{"id":83723,"date":"2018-04-26T18:25:58","date_gmt":"2018-04-26T18:25:58","guid":{"rendered":"http:\/\/www.irdin.org.br\/site\/produto\/consideracoes-sobre-acao-abnegada\/"},"modified":"2025-03-15T19:37:06","modified_gmt":"2025-03-15T19:37:06","slug":"consideracoes-sobre-acao-abnegada","status":"publish","type":"product","link":"https:\/\/www.irdin.org.br\/site\/produtos\/consideracoes-sobre-acao-abnegada\/","title":{"rendered":"Considera\u00e7\u00f5es sobre A\u00e7\u00e3o Abnegada"},"content":{"rendered":"<p><em>\u00c9 ao promover a eleva\u00e7\u00e3o de tudo o que tocamos que agimos de forma verdadeiramente abnegada. Assim se amplia a energia da alma e assim se transforma o mundo.<\/em><\/p>\n<p>&nbsp;<br \/>\n<strong>Ou\u00e7a agora:<\/strong><\/p>\n<p><span data-href=\"https:\/\/www.irdin.org.br\/site\/envios\/audios\/0045_0004__por_por__consideracoes_sobre_acao_abnegada.mp3\" data-title=\"considera\u00e7\u00f5es sobre a\u00e7\u00e3o abnegada\" data-rel=\"\" data-target=\"\" data-meta=\"#fap-meta-69e8b7eca6991\" class=\"fap-single-track fap-track-button fap-play-button\" data-enqueue=\"no\" data-autoenqueue=\"no\" title=\"considera\u00e7\u00f5es sobre a\u00e7\u00e3o abnegada\"><span class=\"fap-icon-play\"><\/span>Ouvir<\/span> <a href=\"https:\/\/www.irdin.org.br\/site\/envios\/audios\/0045_0004__por_por__consideracoes_sobre_acao_abnegada.mp3\" class=\"baixar\" download><span class=\"fa fa-arrow-down\"><\/span>Baixar<\/span><\/a> <span class=\"textobaixar\"> considera\u00e7\u00f5es sobre a\u00e7\u00e3o abnegada<\/span><\/p>\n<p>&nbsp;<\/p>\n","protected":false},"excerpt":{"rendered":"<p>\u00c9 ao promover a eleva\u00e7\u00e3o de tudo o que tocamos que agimos de forma verdadeiramente abnegada. Assim se amplia a<\/p>\n","protected":false},"featured_media":37803,"template":"","meta":{"_acf_changed":false},"product_brand":[],"product_cat":[18076,33068],"product_tag":[40747],"class_list":{"0":"post-83723","1":"product","2":"type-product","3":"status-publish","4":"has-post-thumbnail","6":"product_cat-cddvd","7":"product_cat-palestras","8":"product_tag-40747","9":"pa_autor-trigueirinho","10":"pa_codigo-da-serie-32823","11":"pa_data-de-gravacao-31288","12":"pa_idioma-de-destino-portugues","13":"pa_lancamento-no","14":"pa_midia-cd","15":"pa_moac-40746","16":"pa_quantidade-de-saldo-33067","17":"pa_sequencial-da-serie-31880","18":"pa_tipo-de-traducao-nao-classificado","20":"first","21":"outofstock","22":"product-type-simple"},"acf":[],"_links":{"self":[{"href":"https:\/\/www.irdin.org.br\/site\/wp-json\/wp\/v2\/product\/83723","targetHints":{"allow":["GET"]}}],"collection":[{"href":"https:\/\/www.irdin.org.br\/site\/wp-json\/wp\/v2\/product"}],"about":[{"href":"https:\/\/www.irdin.org.br\/site\/wp-json\/wp\/v2\/types\/product"}],"version-history":[{"count":1,"href":"https:\/\/www.irdin.org.br\/site\/wp-json\/wp\/v2\/product\/83723\/revisions"}],"predecessor-version":[{"id":108532,"href":"https:\/\/www.irdin.org.br\/site\/wp-json\/wp\/v2\/product\/83723\/revisions\/108532"}],"wp:featuredmedia":[{"embeddable":true,"href":"https:\/\/www.irdin.org.br\/site\/wp-json\/wp\/v2\/media\/37803"}],"wp:attachment":[{"href":"https:\/\/www.irdin.org.br\/site\/wp-json\/wp\/v2\/media?parent=83723"}],"wp:term":[{"taxonomy":"product_brand","embeddable":true,"href":"https:\/\/www.irdin.org.br\/site\/wp-json\/wp\/v2\/product_brand?post=83723"},{"taxonomy":"product_cat","embeddable":true,"href":"https:\/\/www.irdin.org.br\/site\/wp-json\/wp\/v2\/product_cat?post=83723"},{"taxonomy":"product_tag","embeddable":true,"href":"https:\/\/www.irdin.org.br\/site\/wp-json\/wp\/v2\/product_tag?post=83723"}],"curies":[{"name":"wp","href":"https:\/\/api.w.org\/{rel}","templated":true}]}}