{"id":83724,"date":"2018-04-26T18:25:58","date_gmt":"2018-04-26T18:25:58","guid":{"rendered":"http:\/\/www.irdin.org.br\/site\/produto\/consideracoes-sobre-cura\/"},"modified":"2025-03-15T19:37:33","modified_gmt":"2025-03-15T19:37:33","slug":"consideracoes-sobre-cura","status":"publish","type":"product","link":"https:\/\/www.irdin.org.br\/site\/produtos\/consideracoes-sobre-cura\/","title":{"rendered":"Considera\u00e7\u00f5es sobre Cura"},"content":{"rendered":"<p><em>Para chegar \u00e0 verdadeira sanidade \u00e9 preciso ter presente um modelo de perfei\u00e7\u00e3o que n\u00e3o \u00e9 conhecido nem materializado. Isso se efetiva no sil\u00eancio.<\/em><\/p>\n<p>&nbsp;<br \/>\n<strong>Ou\u00e7a agora:<\/strong><\/p>\n<p><span data-href=\"https:\/\/www.irdin.org.br\/site\/envios\/audios\/0045_0005__por_por__consideracoes_sobre_cura.mp3\" data-title=\"considera\u00e7\u00f5es sobre cura\" data-rel=\"\" data-target=\"\" data-meta=\"#fap-meta-69eb3d592ca96\" class=\"fap-single-track fap-track-button fap-play-button\" data-enqueue=\"no\" data-autoenqueue=\"no\" title=\"considera\u00e7\u00f5es sobre cura\"><span class=\"fap-icon-play\"><\/span>Ouvir<\/span> <a href=\"https:\/\/www.irdin.org.br\/site\/envios\/audios\/0045_0005__por_por__consideracoes_sobre_cura.mp3\" class=\"baixar\" download><span class=\"fa fa-arrow-down\"><\/span>Baixar<\/span><\/a> <span class=\"textobaixar\"> considera\u00e7\u00f5es sobre cura<\/span><\/p>\n<p>&nbsp;<\/p>\n","protected":false},"excerpt":{"rendered":"<p>Para chegar \u00e0 verdadeira sanidade \u00e9 preciso ter presente um modelo de perfei\u00e7\u00e3o que n\u00e3o \u00e9 conhecido nem materializado. Isso<\/p>\n","protected":false},"featured_media":37803,"template":"","meta":{"_acf_changed":false},"product_brand":[],"product_cat":[18076,33068],"product_tag":[40749],"class_list":{"0":"post-83724","1":"product","2":"type-product","3":"status-publish","4":"has-post-thumbnail","6":"product_cat-cddvd","7":"product_cat-palestras","8":"product_tag-40749","9":"pa_autor-trigueirinho","10":"pa_codigo-da-serie-32823","11":"pa_data-de-gravacao-31291","12":"pa_idioma-de-destino-portugues","13":"pa_lancamento-no","14":"pa_midia-cd","15":"pa_moac-40748","16":"pa_quantidade-de-saldo-33067","17":"pa_sequencial-da-serie-31881","18":"pa_tipo-de-traducao-nao-classificado","20":"first","21":"outofstock","22":"product-type-simple"},"acf":[],"_links":{"self":[{"href":"https:\/\/www.irdin.org.br\/site\/wp-json\/wp\/v2\/product\/83724","targetHints":{"allow":["GET"]}}],"collection":[{"href":"https:\/\/www.irdin.org.br\/site\/wp-json\/wp\/v2\/product"}],"about":[{"href":"https:\/\/www.irdin.org.br\/site\/wp-json\/wp\/v2\/types\/product"}],"version-history":[{"count":1,"href":"https:\/\/www.irdin.org.br\/site\/wp-json\/wp\/v2\/product\/83724\/revisions"}],"predecessor-version":[{"id":108533,"href":"https:\/\/www.irdin.org.br\/site\/wp-json\/wp\/v2\/product\/83724\/revisions\/108533"}],"wp:featuredmedia":[{"embeddable":true,"href":"https:\/\/www.irdin.org.br\/site\/wp-json\/wp\/v2\/media\/37803"}],"wp:attachment":[{"href":"https:\/\/www.irdin.org.br\/site\/wp-json\/wp\/v2\/media?parent=83724"}],"wp:term":[{"taxonomy":"product_brand","embeddable":true,"href":"https:\/\/www.irdin.org.br\/site\/wp-json\/wp\/v2\/product_brand?post=83724"},{"taxonomy":"product_cat","embeddable":true,"href":"https:\/\/www.irdin.org.br\/site\/wp-json\/wp\/v2\/product_cat?post=83724"},{"taxonomy":"product_tag","embeddable":true,"href":"https:\/\/www.irdin.org.br\/site\/wp-json\/wp\/v2\/product_tag?post=83724"}],"curies":[{"name":"wp","href":"https:\/\/api.w.org\/{rel}","templated":true}]}}