{"id":83726,"date":"2018-04-26T18:25:58","date_gmt":"2018-04-26T18:25:58","guid":{"rendered":"http:\/\/www.irdin.org.br\/site\/produto\/consideracoes-sobre-governo-de-si\/"},"modified":"2025-03-15T19:37:46","modified_gmt":"2025-03-15T19:37:46","slug":"consideracoes-sobre-governo-de-si","status":"publish","type":"product","link":"https:\/\/www.irdin.org.br\/site\/produtos\/consideracoes-sobre-governo-de-si\/","title":{"rendered":"Considera\u00e7\u00f5es sobre Governo de Si"},"content":{"rendered":"<p><em>Nosso verdadeiro governo \u00e9 o interior, em tr\u00eas n\u00edveis: o da alma, o da m\u00f4nada e o do regente mon\u00e1dico. Relacionamos-nos com eles \u00e0 medida que evolu\u00edmos.<\/em><\/p>\n<p>&nbsp;<br \/>\n<strong>Ou\u00e7a agora:<\/strong><\/p>\n<p><span data-href=\"https:\/\/www.irdin.org.br\/site\/envios\/audios\/0045_0007__por_por__consideracoes_sobre_governo_de_si.mp3\" data-title=\"considera\u00e7\u00f5es sobre governo de si\" data-rel=\"\" data-target=\"\" data-meta=\"#fap-meta-69e3d4f8417b8\" class=\"fap-single-track fap-track-button fap-play-button\" data-enqueue=\"no\" data-autoenqueue=\"no\" title=\"considera\u00e7\u00f5es sobre governo de si\"><span class=\"fap-icon-play\"><\/span>Ouvir<\/span> <a href=\"https:\/\/www.irdin.org.br\/site\/envios\/audios\/0045_0007__por_por__consideracoes_sobre_governo_de_si.mp3\" class=\"baixar\" download><span class=\"fa fa-arrow-down\"><\/span>Baixar<\/span><\/a> <span class=\"textobaixar\"> considera\u00e7\u00f5es sobre governo de si<\/span><\/p>\n<p>&nbsp;<\/p>\n","protected":false},"excerpt":{"rendered":"<p>Nosso verdadeiro governo \u00e9 o interior, em tr\u00eas n\u00edveis: o da alma, o da m\u00f4nada e o do regente mon\u00e1dico.<\/p>\n","protected":false},"featured_media":37803,"template":"","meta":{"_acf_changed":false},"product_brand":[],"product_cat":[18076,33068],"product_tag":[40753],"class_list":{"0":"post-83726","1":"product","2":"type-product","3":"status-publish","4":"has-post-thumbnail","6":"product_cat-cddvd","7":"product_cat-palestras","8":"product_tag-40753","9":"pa_autor-trigueirinho","10":"pa_codigo-da-serie-32823","11":"pa_data-de-gravacao-31297","12":"pa_idioma-de-destino-portugues","13":"pa_lancamento-no","14":"pa_midia-cd","15":"pa_moac-40752","16":"pa_quantidade-de-saldo-33067","17":"pa_sequencial-da-serie-31883","18":"pa_tipo-de-traducao-nao-classificado","20":"first","21":"outofstock","22":"product-type-simple"},"acf":[],"_links":{"self":[{"href":"https:\/\/www.irdin.org.br\/site\/wp-json\/wp\/v2\/product\/83726","targetHints":{"allow":["GET"]}}],"collection":[{"href":"https:\/\/www.irdin.org.br\/site\/wp-json\/wp\/v2\/product"}],"about":[{"href":"https:\/\/www.irdin.org.br\/site\/wp-json\/wp\/v2\/types\/product"}],"version-history":[{"count":1,"href":"https:\/\/www.irdin.org.br\/site\/wp-json\/wp\/v2\/product\/83726\/revisions"}],"predecessor-version":[{"id":108535,"href":"https:\/\/www.irdin.org.br\/site\/wp-json\/wp\/v2\/product\/83726\/revisions\/108535"}],"wp:featuredmedia":[{"embeddable":true,"href":"https:\/\/www.irdin.org.br\/site\/wp-json\/wp\/v2\/media\/37803"}],"wp:attachment":[{"href":"https:\/\/www.irdin.org.br\/site\/wp-json\/wp\/v2\/media?parent=83726"}],"wp:term":[{"taxonomy":"product_brand","embeddable":true,"href":"https:\/\/www.irdin.org.br\/site\/wp-json\/wp\/v2\/product_brand?post=83726"},{"taxonomy":"product_cat","embeddable":true,"href":"https:\/\/www.irdin.org.br\/site\/wp-json\/wp\/v2\/product_cat?post=83726"},{"taxonomy":"product_tag","embeddable":true,"href":"https:\/\/www.irdin.org.br\/site\/wp-json\/wp\/v2\/product_tag?post=83726"}],"curies":[{"name":"wp","href":"https:\/\/api.w.org\/{rel}","templated":true}]}}