{"id":83730,"date":"2018-04-26T18:25:58","date_gmt":"2018-04-26T18:25:58","guid":{"rendered":"http:\/\/www.irdin.org.br\/site\/produto\/consideracoes-sobre-a-casa-luz-da-colina\/"},"modified":"2025-03-15T19:38:16","modified_gmt":"2025-03-15T19:38:16","slug":"consideracoes-sobre-a-casa-luz-da-colina","status":"publish","type":"product","link":"https:\/\/www.irdin.org.br\/site\/produtos\/consideracoes-sobre-a-casa-luz-da-colina\/","title":{"rendered":"Considera\u00e7\u00f5es sobre a Casa Luz da Colina"},"content":{"rendered":"<p><em>Amor, servi\u00e7o, harmonia e ordem numa ilha de salva\u00e7\u00e3o em tempos de caos.<\/em><\/p>\n<p>&nbsp;<br \/>\n<strong>Ou\u00e7a agora:<\/strong><\/p>\n<p><span data-href=\"https:\/\/www.irdin.org.br\/site\/envios\/audios\/0047_0003__por_por__consideracoes_sobre_a_casa_luz_da_colina.mp3\" data-title=\"considera\u00e7\u00f5es sobre a casa luz da colina\" data-rel=\"\" data-target=\"\" data-meta=\"#fap-meta-69ede8d27608a\" class=\"fap-single-track fap-track-button fap-play-button\" data-enqueue=\"no\" data-autoenqueue=\"no\" title=\"considera\u00e7\u00f5es sobre a casa luz da colina\"><span class=\"fap-icon-play\"><\/span>Ouvir<\/span> <a href=\"https:\/\/www.irdin.org.br\/site\/envios\/audios\/0047_0003__por_por__consideracoes_sobre_a_casa_luz_da_colina.mp3\" class=\"baixar\" download><span class=\"fa fa-arrow-down\"><\/span>Baixar<\/span><\/a> <span class=\"textobaixar\"> considera\u00e7\u00f5es sobre a casa luz da colina<\/span><\/p>\n<p>&nbsp;<\/p>\n","protected":false},"excerpt":{"rendered":"<p>Amor, servi\u00e7o, harmonia e ordem numa ilha de salva\u00e7\u00e3o em tempos de caos. &nbsp; Ou\u00e7a agora: Baixar considera\u00e7\u00f5es sobre a<\/p>\n","protected":false},"featured_media":37803,"template":"","meta":{"_acf_changed":false},"product_brand":[],"product_cat":[18076,33068],"product_tag":[40761],"class_list":{"0":"post-83730","1":"product","2":"type-product","3":"status-publish","4":"has-post-thumbnail","6":"product_cat-cddvd","7":"product_cat-palestras","8":"product_tag-40761","9":"pa_autor-trigueirinho","10":"pa_codigo-da-serie-32825","11":"pa_data-de-gravacao-28888","12":"pa_idioma-de-destino-portugues","13":"pa_lancamento-no","14":"pa_midia-cd","15":"pa_moac-40760","16":"pa_quantidade-de-saldo-33067","17":"pa_sequencial-da-serie-31879","18":"pa_tipo-de-traducao-nao-classificado","20":"first","21":"outofstock","22":"product-type-simple"},"acf":[],"_links":{"self":[{"href":"https:\/\/www.irdin.org.br\/site\/wp-json\/wp\/v2\/product\/83730","targetHints":{"allow":["GET"]}}],"collection":[{"href":"https:\/\/www.irdin.org.br\/site\/wp-json\/wp\/v2\/product"}],"about":[{"href":"https:\/\/www.irdin.org.br\/site\/wp-json\/wp\/v2\/types\/product"}],"version-history":[{"count":1,"href":"https:\/\/www.irdin.org.br\/site\/wp-json\/wp\/v2\/product\/83730\/revisions"}],"predecessor-version":[{"id":108539,"href":"https:\/\/www.irdin.org.br\/site\/wp-json\/wp\/v2\/product\/83730\/revisions\/108539"}],"wp:featuredmedia":[{"embeddable":true,"href":"https:\/\/www.irdin.org.br\/site\/wp-json\/wp\/v2\/media\/37803"}],"wp:attachment":[{"href":"https:\/\/www.irdin.org.br\/site\/wp-json\/wp\/v2\/media?parent=83730"}],"wp:term":[{"taxonomy":"product_brand","embeddable":true,"href":"https:\/\/www.irdin.org.br\/site\/wp-json\/wp\/v2\/product_brand?post=83730"},{"taxonomy":"product_cat","embeddable":true,"href":"https:\/\/www.irdin.org.br\/site\/wp-json\/wp\/v2\/product_cat?post=83730"},{"taxonomy":"product_tag","embeddable":true,"href":"https:\/\/www.irdin.org.br\/site\/wp-json\/wp\/v2\/product_tag?post=83730"}],"curies":[{"name":"wp","href":"https:\/\/api.w.org\/{rel}","templated":true}]}}