{"id":83732,"date":"2018-04-26T18:25:58","date_gmt":"2018-04-26T18:25:58","guid":{"rendered":"http:\/\/www.irdin.org.br\/site\/produto\/os-frutos-de-nossas-vidas-1aparte-palestra-em-sao-paulo\/"},"modified":"2025-03-15T19:38:32","modified_gmt":"2025-03-15T19:38:32","slug":"os-frutos-de-nossas-vidas-1aparte-palestra-em-sao-paulo","status":"publish","type":"product","link":"https:\/\/www.irdin.org.br\/site\/produtos\/os-frutos-de-nossas-vidas-1aparte-palestra-em-sao-paulo\/","title":{"rendered":"Os frutos de nossas vidas &#8211; 1\u00aaparte &#8211; Palestra em S\u00e3o Paulo"},"content":{"rendered":"<p><em>Reacender a sensibilidade superior e a consci\u00eancia corporal, tornando a personalidade mais perme\u00e1vel aos est\u00edmulos da alma, equilibrando assim nosso carma com a mat\u00e9ria e abrindo possibilidades para o resgate dos corpos materiais.<\/em><\/p>\n<p>&nbsp;<br \/>\n<strong>Ou\u00e7a agora:<\/strong><\/p>\n<p><span data-href=\"https:\/\/www.irdin.org.br\/site\/envios\/audios\/0047_0005__por_por__os_frutos_de_nossas_vidas_1parte.mp3\" data-title=\"os frutos de nossas vidas - 1\u00aaparte\" data-rel=\"\" data-target=\"\" data-meta=\"#fap-meta-69e310cd7126f\" class=\"fap-single-track fap-track-button fap-play-button\" data-enqueue=\"no\" data-autoenqueue=\"no\" title=\"os frutos de nossas vidas - 1\u00aaparte\"><span class=\"fap-icon-play\"><\/span>Ouvir<\/span> <a href=\"https:\/\/www.irdin.org.br\/site\/envios\/audios\/0047_0005__por_por__os_frutos_de_nossas_vidas_1parte.mp3\" class=\"baixar\" download><span class=\"fa fa-arrow-down\"><\/span>Baixar<\/span><\/a> <span class=\"textobaixar\"> os frutos de nossas vidas &#8211; 1\u00aaparte<\/span><\/p>\n<p>&nbsp;<\/p>\n","protected":false},"excerpt":{"rendered":"<p>Reacender a sensibilidade superior e a consci\u00eancia corporal, tornando a personalidade mais perme\u00e1vel aos est\u00edmulos da alma, equilibrando assim nosso<\/p>\n","protected":false},"featured_media":37803,"template":"","meta":{"_acf_changed":false},"product_brand":[],"product_cat":[18076,33068],"product_tag":[40765],"class_list":{"0":"post-83732","1":"product","2":"type-product","3":"status-publish","4":"has-post-thumbnail","6":"product_cat-cddvd","7":"product_cat-palestras","8":"product_tag-40765","9":"pa_autor-trigueirinho","10":"pa_codigo-da-serie-32825","11":"pa_data-de-gravacao-31326","12":"pa_idioma-de-destino-portugues","13":"pa_lancamento-no","14":"pa_midia-cd","15":"pa_moac-40764","16":"pa_quantidade-de-saldo-33067","17":"pa_sequencial-da-serie-31881","18":"pa_tipo-de-traducao-nao-classificado","20":"first","21":"outofstock","22":"product-type-simple"},"acf":[],"_links":{"self":[{"href":"https:\/\/www.irdin.org.br\/site\/wp-json\/wp\/v2\/product\/83732","targetHints":{"allow":["GET"]}}],"collection":[{"href":"https:\/\/www.irdin.org.br\/site\/wp-json\/wp\/v2\/product"}],"about":[{"href":"https:\/\/www.irdin.org.br\/site\/wp-json\/wp\/v2\/types\/product"}],"version-history":[{"count":1,"href":"https:\/\/www.irdin.org.br\/site\/wp-json\/wp\/v2\/product\/83732\/revisions"}],"predecessor-version":[{"id":108541,"href":"https:\/\/www.irdin.org.br\/site\/wp-json\/wp\/v2\/product\/83732\/revisions\/108541"}],"wp:featuredmedia":[{"embeddable":true,"href":"https:\/\/www.irdin.org.br\/site\/wp-json\/wp\/v2\/media\/37803"}],"wp:attachment":[{"href":"https:\/\/www.irdin.org.br\/site\/wp-json\/wp\/v2\/media?parent=83732"}],"wp:term":[{"taxonomy":"product_brand","embeddable":true,"href":"https:\/\/www.irdin.org.br\/site\/wp-json\/wp\/v2\/product_brand?post=83732"},{"taxonomy":"product_cat","embeddable":true,"href":"https:\/\/www.irdin.org.br\/site\/wp-json\/wp\/v2\/product_cat?post=83732"},{"taxonomy":"product_tag","embeddable":true,"href":"https:\/\/www.irdin.org.br\/site\/wp-json\/wp\/v2\/product_tag?post=83732"}],"curies":[{"name":"wp","href":"https:\/\/api.w.org\/{rel}","templated":true}]}}