{"id":83750,"date":"2018-04-26T18:26:17","date_gmt":"2018-04-26T18:26:17","guid":{"rendered":"http:\/\/www.irdin.org.br\/site\/produto\/abertura-ao-novo\/"},"modified":"2025-03-15T19:35:26","modified_gmt":"2025-03-15T19:35:26","slug":"abertura-ao-novo","status":"publish","type":"product","link":"https:\/\/www.irdin.org.br\/site\/produtos\/abertura-ao-novo\/","title":{"rendered":"Abertura ao NOVO"},"content":{"rendered":"<p><em>A Hierarquia espiritual est\u00e1 irradiando os novos padr\u00f5es a serem desenvolvidos. Preparam o ser humano para transcender os limites do ego e do planeta, e hoje muitos j\u00e1 podem perceber a grandiosa oportunidade de cada momento da vida.<\/em><\/p>\n<p>&nbsp;<br \/>\n<strong>Ou\u00e7a agora:<\/strong><\/p>\n<p><span data-href=\"https:\/\/www.irdin.org.br\/site\/envios\/audios\/0052_0003__por_por__abertura_ao_novo.mp3\" data-title=\"abertura ao novo\" data-rel=\"\" data-target=\"\" data-meta=\"#fap-meta-69e5f46f72afb\" class=\"fap-single-track fap-track-button fap-play-button\" data-enqueue=\"no\" data-autoenqueue=\"no\" title=\"abertura ao novo\"><span class=\"fap-icon-play\"><\/span>Ouvir<\/span> <a href=\"https:\/\/www.irdin.org.br\/site\/envios\/audios\/0052_0003__por_por__abertura_ao_novo.mp3\" class=\"baixar\" download><span class=\"fa fa-arrow-down\"><\/span>Baixar<\/span><\/a> <span class=\"textobaixar\"> abertura ao novo<\/span><\/p>\n<p>&nbsp;<\/p>\n","protected":false},"excerpt":{"rendered":"<p>A Hierarquia espiritual est\u00e1 irradiando os novos padr\u00f5es a serem desenvolvidos. Preparam o ser humano para transcender os limites do<\/p>\n","protected":false},"featured_media":37803,"template":"","meta":{"_acf_changed":false},"product_brand":[],"product_cat":[18076,33068],"product_tag":[40801],"class_list":{"0":"post-83750","1":"product","2":"type-product","3":"status-publish","4":"has-post-thumbnail","6":"product_cat-cddvd","7":"product_cat-palestras","8":"product_tag-40801","9":"pa_autor-trigueirinho","10":"pa_codigo-da-serie-32831","11":"pa_data-de-gravacao-31432","12":"pa_idioma-de-destino-portugues","13":"pa_lancamento-no","14":"pa_midia-cd","15":"pa_moac-40800","16":"pa_quantidade-de-saldo-33067","17":"pa_sequencial-da-serie-31879","18":"pa_tipo-de-traducao-nao-classificado","20":"first","21":"outofstock","22":"product-type-simple"},"acf":[],"_links":{"self":[{"href":"https:\/\/www.irdin.org.br\/site\/wp-json\/wp\/v2\/product\/83750","targetHints":{"allow":["GET"]}}],"collection":[{"href":"https:\/\/www.irdin.org.br\/site\/wp-json\/wp\/v2\/product"}],"about":[{"href":"https:\/\/www.irdin.org.br\/site\/wp-json\/wp\/v2\/types\/product"}],"version-history":[{"count":1,"href":"https:\/\/www.irdin.org.br\/site\/wp-json\/wp\/v2\/product\/83750\/revisions"}],"predecessor-version":[{"id":108520,"href":"https:\/\/www.irdin.org.br\/site\/wp-json\/wp\/v2\/product\/83750\/revisions\/108520"}],"wp:featuredmedia":[{"embeddable":true,"href":"https:\/\/www.irdin.org.br\/site\/wp-json\/wp\/v2\/media\/37803"}],"wp:attachment":[{"href":"https:\/\/www.irdin.org.br\/site\/wp-json\/wp\/v2\/media?parent=83750"}],"wp:term":[{"taxonomy":"product_brand","embeddable":true,"href":"https:\/\/www.irdin.org.br\/site\/wp-json\/wp\/v2\/product_brand?post=83750"},{"taxonomy":"product_cat","embeddable":true,"href":"https:\/\/www.irdin.org.br\/site\/wp-json\/wp\/v2\/product_cat?post=83750"},{"taxonomy":"product_tag","embeddable":true,"href":"https:\/\/www.irdin.org.br\/site\/wp-json\/wp\/v2\/product_tag?post=83750"}],"curies":[{"name":"wp","href":"https:\/\/api.w.org\/{rel}","templated":true}]}}