{"id":83752,"date":"2018-04-26T18:26:17","date_gmt":"2018-04-26T18:26:17","guid":{"rendered":"http:\/\/www.irdin.org.br\/site\/produto\/canalizar-o-poder-para-fins-evolutivos\/"},"modified":"2025-03-15T19:35:44","modified_gmt":"2025-03-15T19:35:44","slug":"canalizar-o-poder-para-fins-evolutivos","status":"publish","type":"product","link":"https:\/\/www.irdin.org.br\/site\/produtos\/canalizar-o-poder-para-fins-evolutivos\/","title":{"rendered":"Canalizar o poder para fins evolutivos"},"content":{"rendered":"<p><em>Que \u00e9 o poder? At\u00e9 que ponto o temos? Como lidar com ele?<\/em><\/p>\n<p>&nbsp;<br \/>\n<strong>Ou\u00e7a agora:<\/strong><\/p>\n<p><span data-href=\"https:\/\/www.irdin.org.br\/site\/envios\/audios\/0052_0005__por_por__canalizar_o_poder_para_fins_evolutivos.mp3\" data-title=\"canalizar o poder para fins evolutivos\" data-rel=\"\" data-target=\"\" data-meta=\"#fap-meta-69f8cc9bed2b0\" class=\"fap-single-track fap-track-button fap-play-button\" data-enqueue=\"no\" data-autoenqueue=\"no\" title=\"canalizar o poder para fins evolutivos\"><span class=\"fap-icon-play\"><\/span>Ouvir<\/span> <a href=\"https:\/\/www.irdin.org.br\/site\/envios\/audios\/0052_0005__por_por__canalizar_o_poder_para_fins_evolutivos.mp3\" class=\"baixar\" download><span class=\"fa fa-arrow-down\"><\/span>Baixar<\/span><\/a> <span class=\"textobaixar\"> canalizar o poder para fins evolutivos<\/span><\/p>\n<p>&nbsp;<\/p>\n","protected":false},"excerpt":{"rendered":"<p>Que \u00e9 o poder? At\u00e9 que ponto o temos? Como lidar com ele? &nbsp; Ou\u00e7a agora: Baixar canalizar o poder<\/p>\n","protected":false},"featured_media":37803,"template":"","meta":{"_acf_changed":false},"product_brand":[],"product_cat":[18076,33068],"product_tag":[40805],"class_list":{"0":"post-83752","1":"product","2":"type-product","3":"status-publish","4":"has-post-thumbnail","6":"product_cat-cddvd","7":"product_cat-palestras","8":"product_tag-40805","9":"pa_autor-trigueirinho","10":"pa_codigo-da-serie-32831","11":"pa_codigo-externo-00520005porcd","12":"pa_data-de-gravacao-28995","13":"pa_duracao-51min","14":"pa_idioma-de-destino-portugues","15":"pa_idioma-de-origem-portugues","16":"pa_lancamento-no","17":"pa_midia-cd","18":"pa_moac-40804","19":"pa_quantidade-de-saldo-33067","20":"pa_sequencial-da-serie-31881","21":"pa_tipo-de-traducao-nao-classificado","23":"first","24":"outofstock","25":"product-type-simple"},"acf":[],"_links":{"self":[{"href":"https:\/\/www.irdin.org.br\/site\/wp-json\/wp\/v2\/product\/83752","targetHints":{"allow":["GET"]}}],"collection":[{"href":"https:\/\/www.irdin.org.br\/site\/wp-json\/wp\/v2\/product"}],"about":[{"href":"https:\/\/www.irdin.org.br\/site\/wp-json\/wp\/v2\/types\/product"}],"version-history":[{"count":1,"href":"https:\/\/www.irdin.org.br\/site\/wp-json\/wp\/v2\/product\/83752\/revisions"}],"predecessor-version":[{"id":108522,"href":"https:\/\/www.irdin.org.br\/site\/wp-json\/wp\/v2\/product\/83752\/revisions\/108522"}],"wp:featuredmedia":[{"embeddable":true,"href":"https:\/\/www.irdin.org.br\/site\/wp-json\/wp\/v2\/media\/37803"}],"wp:attachment":[{"href":"https:\/\/www.irdin.org.br\/site\/wp-json\/wp\/v2\/media?parent=83752"}],"wp:term":[{"taxonomy":"product_brand","embeddable":true,"href":"https:\/\/www.irdin.org.br\/site\/wp-json\/wp\/v2\/product_brand?post=83752"},{"taxonomy":"product_cat","embeddable":true,"href":"https:\/\/www.irdin.org.br\/site\/wp-json\/wp\/v2\/product_cat?post=83752"},{"taxonomy":"product_tag","embeddable":true,"href":"https:\/\/www.irdin.org.br\/site\/wp-json\/wp\/v2\/product_tag?post=83752"}],"curies":[{"name":"wp","href":"https:\/\/api.w.org\/{rel}","templated":true}]}}