{"id":83755,"date":"2018-04-26T18:26:17","date_gmt":"2018-04-26T18:26:17","guid":{"rendered":"http:\/\/www.irdin.org.br\/site\/produto\/firmar-bases-para-os-novos-ciclos\/"},"modified":"2025-03-15T19:36:07","modified_gmt":"2025-03-15T19:36:07","slug":"firmar-bases-para-os-novos-ciclos","status":"publish","type":"product","link":"https:\/\/www.irdin.org.br\/site\/produtos\/firmar-bases-para-os-novos-ciclos\/","title":{"rendered":"Firmar bases para os novos ciclos"},"content":{"rendered":"<p><em>Para nos ajustarmos aos movimentos evolutivos e permitir que a Lei dos Ciclos atue plenamente em n\u00f3s, precisamos t\u00ea-la no cora\u00e7\u00e3o e saber acolher a luz das fases transit\u00f3rias.<\/em><\/p>\n<p>&nbsp;<br \/>\n<strong>Ou\u00e7a agora:<\/strong><\/p>\n<p><span data-href=\"https:\/\/www.irdin.org.br\/site\/envios\/audios\/0052_0008__por_por__firmar_bases_para_os_novos_ciclos.mp3\" data-title=\"firmar bases para os novos ciclos\" data-rel=\"\" data-target=\"\" data-meta=\"#fap-meta-69e3972763b2e\" class=\"fap-single-track fap-track-button fap-play-button\" data-enqueue=\"no\" data-autoenqueue=\"no\" title=\"firmar bases para os novos ciclos\"><span class=\"fap-icon-play\"><\/span>Ouvir<\/span> <a href=\"https:\/\/www.irdin.org.br\/site\/envios\/audios\/0052_0008__por_por__firmar_bases_para_os_novos_ciclos.mp3\" class=\"baixar\" download><span class=\"fa fa-arrow-down\"><\/span>Baixar<\/span><\/a> <span class=\"textobaixar\"> firmar bases para os novos ciclos<\/span><\/p>\n<p>&nbsp;<\/p>\n","protected":false},"excerpt":{"rendered":"<p>Para nos ajustarmos aos movimentos evolutivos e permitir que a Lei dos Ciclos atue plenamente em n\u00f3s, precisamos t\u00ea-la no<\/p>\n","protected":false},"featured_media":37803,"template":"","meta":{"_acf_changed":false},"product_brand":[],"product_cat":[18076,33068],"product_tag":[40811],"class_list":{"0":"post-83755","1":"product","2":"type-product","3":"status-publish","4":"has-post-thumbnail","6":"product_cat-cddvd","7":"product_cat-palestras","8":"product_tag-40811","9":"pa_autor-trigueirinho","10":"pa_codigo-da-serie-32831","11":"pa_data-de-gravacao-31444","12":"pa_idioma-de-destino-portugues","13":"pa_lancamento-no","14":"pa_midia-cd","15":"pa_moac-40810","16":"pa_quantidade-de-saldo-33067","17":"pa_sequencial-da-serie-31888","18":"pa_tipo-de-traducao-nao-classificado","20":"first","21":"outofstock","22":"product-type-simple"},"acf":[],"_links":{"self":[{"href":"https:\/\/www.irdin.org.br\/site\/wp-json\/wp\/v2\/product\/83755","targetHints":{"allow":["GET"]}}],"collection":[{"href":"https:\/\/www.irdin.org.br\/site\/wp-json\/wp\/v2\/product"}],"about":[{"href":"https:\/\/www.irdin.org.br\/site\/wp-json\/wp\/v2\/types\/product"}],"version-history":[{"count":1,"href":"https:\/\/www.irdin.org.br\/site\/wp-json\/wp\/v2\/product\/83755\/revisions"}],"predecessor-version":[{"id":108525,"href":"https:\/\/www.irdin.org.br\/site\/wp-json\/wp\/v2\/product\/83755\/revisions\/108525"}],"wp:featuredmedia":[{"embeddable":true,"href":"https:\/\/www.irdin.org.br\/site\/wp-json\/wp\/v2\/media\/37803"}],"wp:attachment":[{"href":"https:\/\/www.irdin.org.br\/site\/wp-json\/wp\/v2\/media?parent=83755"}],"wp:term":[{"taxonomy":"product_brand","embeddable":true,"href":"https:\/\/www.irdin.org.br\/site\/wp-json\/wp\/v2\/product_brand?post=83755"},{"taxonomy":"product_cat","embeddable":true,"href":"https:\/\/www.irdin.org.br\/site\/wp-json\/wp\/v2\/product_cat?post=83755"},{"taxonomy":"product_tag","embeddable":true,"href":"https:\/\/www.irdin.org.br\/site\/wp-json\/wp\/v2\/product_tag?post=83755"}],"curies":[{"name":"wp","href":"https:\/\/api.w.org\/{rel}","templated":true}]}}