{"id":83757,"date":"2018-04-26T18:26:17","date_gmt":"2018-04-26T18:26:17","guid":{"rendered":"http:\/\/www.irdin.org.br\/site\/produto\/tornar-se-a-imagem-do-real\/"},"modified":"2025-03-15T19:36:22","modified_gmt":"2025-03-15T19:36:22","slug":"tornar-se-a-imagem-do-real","status":"publish","type":"product","link":"https:\/\/www.irdin.org.br\/site\/produtos\/tornar-se-a-imagem-do-real\/","title":{"rendered":"Tornar-se a imagem do Real"},"content":{"rendered":"<p><em>A participa\u00e7\u00e3o da humanidade de hoje no preparo da Nova Terra e na semeadura da futura civiliza\u00e7\u00e3o.<\/em><\/p>\n<p>&nbsp;<br \/>\n<strong>Ou\u00e7a agora:<\/strong><\/p>\n<p><span data-href=\"https:\/\/www.irdin.org.br\/site\/envios\/audios\/0052_0009__por_por__tornar_se_a_imagem_do_real.mp3\" data-title=\"tornar-se a imagem do real\" data-rel=\"\" data-target=\"\" data-meta=\"#fap-meta-69e88847e57b4\" class=\"fap-single-track fap-track-button fap-play-button\" data-enqueue=\"no\" data-autoenqueue=\"no\" title=\"tornar-se a imagem do real\"><span class=\"fap-icon-play\"><\/span>Ouvir<\/span> <a href=\"https:\/\/www.irdin.org.br\/site\/envios\/audios\/0052_0009__por_por__tornar_se_a_imagem_do_real.mp3\" class=\"baixar\" download><span class=\"fa fa-arrow-down\"><\/span>Baixar<\/span><\/a> <span class=\"textobaixar\"> tornar-se a imagem do real<\/span><\/p>\n<p>&nbsp;<\/p>\n","protected":false},"excerpt":{"rendered":"<p>A participa\u00e7\u00e3o da humanidade de hoje no preparo da Nova Terra e na semeadura da futura civiliza\u00e7\u00e3o. &nbsp; Ou\u00e7a agora:<\/p>\n","protected":false},"featured_media":37803,"template":"","meta":{"_acf_changed":false},"product_brand":[],"product_cat":[18076,33068],"product_tag":[40815],"class_list":{"0":"post-83757","1":"product","2":"type-product","3":"status-publish","4":"has-post-thumbnail","6":"product_cat-cddvd","7":"product_cat-palestras","8":"product_tag-40815","9":"pa_autor-trigueirinho","10":"pa_codigo-da-serie-32831","11":"pa_data-de-gravacao-31450","12":"pa_idioma-de-destino-portugues","13":"pa_lancamento-no","14":"pa_midia-cd","15":"pa_moac-40814","16":"pa_quantidade-de-saldo-33067","17":"pa_sequencial-da-serie-31889","18":"pa_tipo-de-traducao-nao-classificado","20":"first","21":"outofstock","22":"product-type-simple"},"acf":[],"_links":{"self":[{"href":"https:\/\/www.irdin.org.br\/site\/wp-json\/wp\/v2\/product\/83757","targetHints":{"allow":["GET"]}}],"collection":[{"href":"https:\/\/www.irdin.org.br\/site\/wp-json\/wp\/v2\/product"}],"about":[{"href":"https:\/\/www.irdin.org.br\/site\/wp-json\/wp\/v2\/types\/product"}],"version-history":[{"count":1,"href":"https:\/\/www.irdin.org.br\/site\/wp-json\/wp\/v2\/product\/83757\/revisions"}],"predecessor-version":[{"id":108527,"href":"https:\/\/www.irdin.org.br\/site\/wp-json\/wp\/v2\/product\/83757\/revisions\/108527"}],"wp:featuredmedia":[{"embeddable":true,"href":"https:\/\/www.irdin.org.br\/site\/wp-json\/wp\/v2\/media\/37803"}],"wp:attachment":[{"href":"https:\/\/www.irdin.org.br\/site\/wp-json\/wp\/v2\/media?parent=83757"}],"wp:term":[{"taxonomy":"product_brand","embeddable":true,"href":"https:\/\/www.irdin.org.br\/site\/wp-json\/wp\/v2\/product_brand?post=83757"},{"taxonomy":"product_cat","embeddable":true,"href":"https:\/\/www.irdin.org.br\/site\/wp-json\/wp\/v2\/product_cat?post=83757"},{"taxonomy":"product_tag","embeddable":true,"href":"https:\/\/www.irdin.org.br\/site\/wp-json\/wp\/v2\/product_tag?post=83757"}],"curies":[{"name":"wp","href":"https:\/\/api.w.org\/{rel}","templated":true}]}}