{"id":83759,"date":"2018-04-26T18:26:36","date_gmt":"2018-04-26T18:26:36","guid":{"rendered":"http:\/\/www.irdin.org.br\/site\/produto\/chegaremos-a-expressar-a-verdade\/"},"modified":"2025-03-15T19:28:46","modified_gmt":"2025-03-15T19:28:46","slug":"chegaremos-a-expressar-a-verdade","status":"publish","type":"product","link":"https:\/\/www.irdin.org.br\/site\/produtos\/chegaremos-a-expressar-a-verdade\/","title":{"rendered":"Chegaremos a expressar a Verdade?"},"content":{"rendered":"<p><em>A Verdade \u00e9 relativa: a cada amplia\u00e7\u00e3o da consci\u00eancia revela-nos nova faceta, o degrau seguinte de uma cont\u00ednua ascens\u00e3o.<\/em><\/p>\n<p>&nbsp;<br \/>\n<strong>Ou\u00e7a agora:<\/strong><\/p>\n<p><span data-href=\"https:\/\/www.irdin.org.br\/site\/envios\/audios\/0052_0011__por_por__chegaremos_a_expressar_a_verdade.mp3\" data-title=\"chegaremos a expressar a verdade?\" data-rel=\"\" data-target=\"\" data-meta=\"#fap-meta-69e3134b06c09\" class=\"fap-single-track fap-track-button fap-play-button\" data-enqueue=\"no\" data-autoenqueue=\"no\" title=\"chegaremos a expressar a verdade?\"><span class=\"fap-icon-play\"><\/span>Ouvir<\/span> <a href=\"https:\/\/www.irdin.org.br\/site\/envios\/audios\/0052_0011__por_por__chegaremos_a_expressar_a_verdade.mp3\" class=\"baixar\" download><span class=\"fa fa-arrow-down\"><\/span>Baixar<\/span><\/a> <span class=\"textobaixar\"> chegaremos a expressar a verdade?<\/span><\/p>\n<p>&nbsp;<\/p>\n","protected":false},"excerpt":{"rendered":"<p>A Verdade \u00e9 relativa: a cada amplia\u00e7\u00e3o da consci\u00eancia revela-nos nova faceta, o degrau seguinte de uma cont\u00ednua ascens\u00e3o. &nbsp;<\/p>\n","protected":false},"featured_media":37803,"template":"","meta":{"_acf_changed":false},"product_brand":[],"product_cat":[18076,33068],"product_tag":[40819],"class_list":{"0":"post-83759","1":"product","2":"type-product","3":"status-publish","4":"has-post-thumbnail","6":"product_cat-cddvd","7":"product_cat-palestras","8":"product_tag-40819","9":"pa_autor-trigueirinho","10":"pa_codigo-da-serie-32831","11":"pa_data-de-gravacao-31456","12":"pa_idioma-de-destino-portugues","13":"pa_lancamento-no","14":"pa_midia-cd","15":"pa_moac-40818","16":"pa_quantidade-de-saldo-33067","17":"pa_sequencial-da-serie-31891","18":"pa_tipo-de-traducao-nao-classificado","20":"first","21":"outofstock","22":"product-type-simple"},"acf":[],"_links":{"self":[{"href":"https:\/\/www.irdin.org.br\/site\/wp-json\/wp\/v2\/product\/83759","targetHints":{"allow":["GET"]}}],"collection":[{"href":"https:\/\/www.irdin.org.br\/site\/wp-json\/wp\/v2\/product"}],"about":[{"href":"https:\/\/www.irdin.org.br\/site\/wp-json\/wp\/v2\/types\/product"}],"version-history":[{"count":1,"href":"https:\/\/www.irdin.org.br\/site\/wp-json\/wp\/v2\/product\/83759\/revisions"}],"predecessor-version":[{"id":108489,"href":"https:\/\/www.irdin.org.br\/site\/wp-json\/wp\/v2\/product\/83759\/revisions\/108489"}],"wp:featuredmedia":[{"embeddable":true,"href":"https:\/\/www.irdin.org.br\/site\/wp-json\/wp\/v2\/media\/37803"}],"wp:attachment":[{"href":"https:\/\/www.irdin.org.br\/site\/wp-json\/wp\/v2\/media?parent=83759"}],"wp:term":[{"taxonomy":"product_brand","embeddable":true,"href":"https:\/\/www.irdin.org.br\/site\/wp-json\/wp\/v2\/product_brand?post=83759"},{"taxonomy":"product_cat","embeddable":true,"href":"https:\/\/www.irdin.org.br\/site\/wp-json\/wp\/v2\/product_cat?post=83759"},{"taxonomy":"product_tag","embeddable":true,"href":"https:\/\/www.irdin.org.br\/site\/wp-json\/wp\/v2\/product_tag?post=83759"}],"curies":[{"name":"wp","href":"https:\/\/api.w.org\/{rel}","templated":true}]}}