{"id":83760,"date":"2018-04-26T18:26:36","date_gmt":"2018-04-26T18:26:36","guid":{"rendered":"http:\/\/www.irdin.org.br\/site\/produto\/o-amor-das-estrelas-palestra-do-44-encontro-geral-de-figueira\/"},"modified":"2025-03-15T19:28:53","modified_gmt":"2025-03-15T19:28:53","slug":"o-amor-das-estrelas-palestra-do-44-encontro-geral-de-figueira","status":"publish","type":"product","link":"https:\/\/www.irdin.org.br\/site\/produtos\/o-amor-das-estrelas-palestra-do-44-encontro-geral-de-figueira\/","title":{"rendered":"O amor das estrelas &#8211; Palestra do 44\u00b0 Encontro Geral de Figueira"},"content":{"rendered":"<p><em>Das estrelas vem a cura, na forma de amor universal. Cabe \u00e0 humanidade abrir-se e dedicar-se a esses contatos com as constela\u00e7\u00f5es.<\/em><\/p>\n<p>&nbsp;<br \/>\n<strong>Ou\u00e7a agora:<\/strong><\/p>\n<p><span data-href=\"https:\/\/www.irdin.org.br\/site\/envios\/audios\/0052_0012__por_por__o_amor_das_estrelas_palestra_do_44_encontro_geral_de_figueira.mp3\" data-title=\"o amor das estrelas - palestra do 44\u00b0 encontro geral de figueira\" data-rel=\"\" data-target=\"\" data-meta=\"#fap-meta-69e5fb6bd4057\" class=\"fap-single-track fap-track-button fap-play-button\" data-enqueue=\"no\" data-autoenqueue=\"no\" title=\"o amor das estrelas - palestra do 44\u00b0 encontro geral de figueira\"><span class=\"fap-icon-play\"><\/span>Ouvir<\/span> <a href=\"https:\/\/www.irdin.org.br\/site\/envios\/audios\/0052_0012__por_por__o_amor_das_estrelas_palestra_do_44_encontro_geral_de_figueira.mp3\" class=\"baixar\" download><span class=\"fa fa-arrow-down\"><\/span>Baixar<\/span><\/a> <span class=\"textobaixar\"> o amor das estrelas &#8211; palestra do 44\u00b0 encontro geral de figueira<\/span><\/p>\n<p>&nbsp;<\/p>\n","protected":false},"excerpt":{"rendered":"<p>Das estrelas vem a cura, na forma de amor universal. Cabe \u00e0 humanidade abrir-se e dedicar-se a esses contatos com<\/p>\n","protected":false},"featured_media":37803,"template":"","meta":{"_acf_changed":false},"product_brand":[],"product_cat":[18076,33068],"product_tag":[40821],"class_list":{"0":"post-83760","1":"product","2":"type-product","3":"status-publish","4":"has-post-thumbnail","6":"product_cat-cddvd","7":"product_cat-palestras","8":"product_tag-40821","9":"pa_autor-trigueirinho","10":"pa_codigo-da-serie-32831","11":"pa_codigo-externo-00520012porcd","12":"pa_data-de-gravacao-25568","13":"pa_duracao-66min21s","14":"pa_idioma-de-destino-portugues","15":"pa_idioma-de-origem-portugues","16":"pa_lancamento-no","17":"pa_midia-cd","18":"pa_moac-40820","19":"pa_quantidade-de-saldo-33067","20":"pa_sequencial-da-serie-31892","21":"pa_tipo-de-traducao-nao-classificado","23":"first","24":"outofstock","25":"product-type-simple"},"acf":[],"_links":{"self":[{"href":"https:\/\/www.irdin.org.br\/site\/wp-json\/wp\/v2\/product\/83760","targetHints":{"allow":["GET"]}}],"collection":[{"href":"https:\/\/www.irdin.org.br\/site\/wp-json\/wp\/v2\/product"}],"about":[{"href":"https:\/\/www.irdin.org.br\/site\/wp-json\/wp\/v2\/types\/product"}],"version-history":[{"count":1,"href":"https:\/\/www.irdin.org.br\/site\/wp-json\/wp\/v2\/product\/83760\/revisions"}],"predecessor-version":[{"id":108490,"href":"https:\/\/www.irdin.org.br\/site\/wp-json\/wp\/v2\/product\/83760\/revisions\/108490"}],"wp:featuredmedia":[{"embeddable":true,"href":"https:\/\/www.irdin.org.br\/site\/wp-json\/wp\/v2\/media\/37803"}],"wp:attachment":[{"href":"https:\/\/www.irdin.org.br\/site\/wp-json\/wp\/v2\/media?parent=83760"}],"wp:term":[{"taxonomy":"product_brand","embeddable":true,"href":"https:\/\/www.irdin.org.br\/site\/wp-json\/wp\/v2\/product_brand?post=83760"},{"taxonomy":"product_cat","embeddable":true,"href":"https:\/\/www.irdin.org.br\/site\/wp-json\/wp\/v2\/product_cat?post=83760"},{"taxonomy":"product_tag","embeddable":true,"href":"https:\/\/www.irdin.org.br\/site\/wp-json\/wp\/v2\/product_tag?post=83760"}],"curies":[{"name":"wp","href":"https:\/\/api.w.org\/{rel}","templated":true}]}}