{"id":83764,"date":"2018-04-26T18:26:36","date_gmt":"2018-04-26T18:26:36","guid":{"rendered":"http:\/\/www.irdin.org.br\/site\/produto\/flashes-do-processo-monadico\/"},"modified":"2025-03-15T19:29:35","modified_gmt":"2025-03-15T19:29:35","slug":"flashes-do-processo-monadico","status":"publish","type":"product","link":"https:\/\/www.irdin.org.br\/site\/produtos\/flashes-do-processo-monadico\/","title":{"rendered":"Flashes do processo mon\u00e1dico"},"content":{"rendered":"<p><em>Para tomarmos consci\u00eancia da rela\u00e7\u00e3o entre ego, alma e m\u00f4nada em nossa vida.<\/em><\/p>\n<p>&nbsp;<br \/>\n<strong>Ou\u00e7a agora:<\/strong><\/p>\n<p><span data-href=\"https:\/\/www.irdin.org.br\/site\/envios\/audios\/0052_0016__por_por__flashes_do_processo_monadico.mp3\" data-title=\"flashes do processo mon\u00e1dico\" data-rel=\"\" data-target=\"\" data-meta=\"#fap-meta-69e39572aad89\" class=\"fap-single-track fap-track-button fap-play-button\" data-enqueue=\"no\" data-autoenqueue=\"no\" title=\"flashes do processo mon\u00e1dico\"><span class=\"fap-icon-play\"><\/span>Ouvir<\/span> <a href=\"https:\/\/www.irdin.org.br\/site\/envios\/audios\/0052_0016__por_por__flashes_do_processo_monadico.mp3\" class=\"baixar\" download><span class=\"fa fa-arrow-down\"><\/span>Baixar<\/span><\/a> <span class=\"textobaixar\"> flashes do processo mon\u00e1dico<\/span><\/p>\n<p>&nbsp;<\/p>\n","protected":false},"excerpt":{"rendered":"<p>Para tomarmos consci\u00eancia da rela\u00e7\u00e3o entre ego, alma e m\u00f4nada em nossa vida. &nbsp; Ou\u00e7a agora: Baixar flashes do processo<\/p>\n","protected":false},"featured_media":37803,"template":"","meta":{"_acf_changed":false},"product_brand":[],"product_cat":[18076,33068],"product_tag":[40829],"class_list":{"0":"post-83764","1":"product","2":"type-product","3":"status-publish","4":"has-post-thumbnail","6":"product_cat-cddvd","7":"product_cat-palestras","8":"product_tag-40829","9":"pa_autor-trigueirinho","10":"pa_codigo-da-serie-32831","11":"pa_data-de-gravacao-31472","12":"pa_idioma-de-destino-portugues","13":"pa_lancamento-no","14":"pa_midia-cd","15":"pa_moac-40828","16":"pa_quantidade-de-saldo-33067","17":"pa_sequencial-da-serie-31869","18":"pa_tipo-de-traducao-nao-classificado","20":"first","21":"outofstock","22":"product-type-simple"},"acf":[],"_links":{"self":[{"href":"https:\/\/www.irdin.org.br\/site\/wp-json\/wp\/v2\/product\/83764","targetHints":{"allow":["GET"]}}],"collection":[{"href":"https:\/\/www.irdin.org.br\/site\/wp-json\/wp\/v2\/product"}],"about":[{"href":"https:\/\/www.irdin.org.br\/site\/wp-json\/wp\/v2\/types\/product"}],"version-history":[{"count":1,"href":"https:\/\/www.irdin.org.br\/site\/wp-json\/wp\/v2\/product\/83764\/revisions"}],"predecessor-version":[{"id":108494,"href":"https:\/\/www.irdin.org.br\/site\/wp-json\/wp\/v2\/product\/83764\/revisions\/108494"}],"wp:featuredmedia":[{"embeddable":true,"href":"https:\/\/www.irdin.org.br\/site\/wp-json\/wp\/v2\/media\/37803"}],"wp:attachment":[{"href":"https:\/\/www.irdin.org.br\/site\/wp-json\/wp\/v2\/media?parent=83764"}],"wp:term":[{"taxonomy":"product_brand","embeddable":true,"href":"https:\/\/www.irdin.org.br\/site\/wp-json\/wp\/v2\/product_brand?post=83764"},{"taxonomy":"product_cat","embeddable":true,"href":"https:\/\/www.irdin.org.br\/site\/wp-json\/wp\/v2\/product_cat?post=83764"},{"taxonomy":"product_tag","embeddable":true,"href":"https:\/\/www.irdin.org.br\/site\/wp-json\/wp\/v2\/product_tag?post=83764"}],"curies":[{"name":"wp","href":"https:\/\/api.w.org\/{rel}","templated":true}]}}