{"id":83770,"date":"2018-04-26T18:26:36","date_gmt":"2018-04-26T18:26:36","guid":{"rendered":"http:\/\/www.irdin.org.br\/site\/produto\/chaves-para-viver-o-ecumenismo-nestes-tempos\/"},"modified":"2025-03-15T19:30:35","modified_gmt":"2025-03-15T19:30:35","slug":"chaves-para-viver-o-ecumenismo-nestes-tempos","status":"publish","type":"product","link":"https:\/\/www.irdin.org.br\/site\/produtos\/chaves-para-viver-o-ecumenismo-nestes-tempos\/","title":{"rendered":"Chaves para viver o Ecumenismo nestes tempos"},"content":{"rendered":"<p><em>O ecumenismo segundo Murielh \/ Uni\u00e3o dos Centros Planet\u00e1rios \/ Sob o manto de Mainhdra \/ Convers\u00e3o do cora\u00e7\u00e3o \/ Ora\u00e7\u00e3o e colabora\u00e7\u00e3o \/ Mainhdra e o arqu\u00e9tipo das naves \/ Amhaj e as religi\u00f5es \/ Trabalhando a uni\u00e3o<\/em><\/p>\n<p>&nbsp;<br \/>\n<strong>Ou\u00e7a agora:<\/strong><\/p>\n<p><span data-href=\"https:\/\/www.irdin.org.br\/site\/envios\/audios\/0052_0022__por_por__chaves_para_viver_o_ecumenismo_nestes_tempos.mp3\" data-title=\"chaves para viver o ecumenismo nestes tempos\" data-rel=\"\" data-target=\"\" data-meta=\"#fap-meta-69e3b1ece06d5\" class=\"fap-single-track fap-track-button fap-play-button\" data-enqueue=\"no\" data-autoenqueue=\"no\" title=\"chaves para viver o ecumenismo nestes tempos\"><span class=\"fap-icon-play\"><\/span>Ouvir<\/span> <a href=\"https:\/\/www.irdin.org.br\/site\/envios\/audios\/0052_0022__por_por__chaves_para_viver_o_ecumenismo_nestes_tempos.mp3\" class=\"baixar\" download><span class=\"fa fa-arrow-down\"><\/span>Baixar<\/span><\/a> <span class=\"textobaixar\"> chaves para viver o ecumenismo nestes tempos<\/span><\/p>\n<p>&nbsp;<\/p>\n","protected":false},"excerpt":{"rendered":"<p>O ecumenismo segundo Murielh \/ Uni\u00e3o dos Centros Planet\u00e1rios \/ Sob o manto de Mainhdra \/ Convers\u00e3o do cora\u00e7\u00e3o \/<\/p>\n","protected":false},"featured_media":37803,"template":"","meta":{"_acf_changed":false},"product_brand":[],"product_cat":[18076,33068],"product_tag":[40841],"class_list":{"0":"post-83770","1":"product","2":"type-product","3":"status-publish","4":"has-post-thumbnail","6":"product_cat-cddvd","7":"product_cat-palestras","8":"product_tag-40841","9":"pa_autor-trigueirinho","10":"pa_codigo-da-serie-32831","11":"pa_data-de-gravacao-31494","12":"pa_idioma-de-destino-portugues","13":"pa_lancamento-no","14":"pa_midia-cd","15":"pa_moac-40840","16":"pa_quantidade-de-saldo-33067","17":"pa_sequencial-da-serie-31875","18":"pa_tipo-de-traducao-nao-classificado","20":"first","21":"outofstock","22":"product-type-simple"},"acf":[],"_links":{"self":[{"href":"https:\/\/www.irdin.org.br\/site\/wp-json\/wp\/v2\/product\/83770","targetHints":{"allow":["GET"]}}],"collection":[{"href":"https:\/\/www.irdin.org.br\/site\/wp-json\/wp\/v2\/product"}],"about":[{"href":"https:\/\/www.irdin.org.br\/site\/wp-json\/wp\/v2\/types\/product"}],"version-history":[{"count":1,"href":"https:\/\/www.irdin.org.br\/site\/wp-json\/wp\/v2\/product\/83770\/revisions"}],"predecessor-version":[{"id":108500,"href":"https:\/\/www.irdin.org.br\/site\/wp-json\/wp\/v2\/product\/83770\/revisions\/108500"}],"wp:featuredmedia":[{"embeddable":true,"href":"https:\/\/www.irdin.org.br\/site\/wp-json\/wp\/v2\/media\/37803"}],"wp:attachment":[{"href":"https:\/\/www.irdin.org.br\/site\/wp-json\/wp\/v2\/media?parent=83770"}],"wp:term":[{"taxonomy":"product_brand","embeddable":true,"href":"https:\/\/www.irdin.org.br\/site\/wp-json\/wp\/v2\/product_brand?post=83770"},{"taxonomy":"product_cat","embeddable":true,"href":"https:\/\/www.irdin.org.br\/site\/wp-json\/wp\/v2\/product_cat?post=83770"},{"taxonomy":"product_tag","embeddable":true,"href":"https:\/\/www.irdin.org.br\/site\/wp-json\/wp\/v2\/product_tag?post=83770"}],"curies":[{"name":"wp","href":"https:\/\/api.w.org\/{rel}","templated":true}]}}