{"id":83771,"date":"2018-04-26T18:26:36","date_gmt":"2018-04-26T18:26:36","guid":{"rendered":"http:\/\/www.irdin.org.br\/site\/produto\/ressonancias\/"},"modified":"2025-03-15T19:30:42","modified_gmt":"2025-03-15T19:30:42","slug":"ressonancias","status":"publish","type":"product","link":"https:\/\/www.irdin.org.br\/site\/produtos\/ressonancias\/","title":{"rendered":"Resson\u00e2ncias"},"content":{"rendered":"<p><em>Quest\u00f5es atuais sobre a vida interior, a paz e a reden\u00e7\u00e3o \/ A rever\u00eancia como dom a ser reconquistado pelos esp\u00edritos despertos \/ Instru\u00e7\u00e3o c\u00f3smica de Thaykhuma sobre o significado e o trabalho oculto de um sino<\/em><\/p>\n<p>&nbsp;<br \/>\n<strong>Ou\u00e7a agora:<\/strong><\/p>\n<p><span data-href=\"https:\/\/www.irdin.org.br\/site\/envios\/audios\/0052_0023__por_por__ressonancias.mp3\" data-title=\"resson\u00e2ncias\" data-rel=\"\" data-target=\"\" data-meta=\"#fap-meta-6a04be497b90b\" class=\"fap-single-track fap-track-button fap-play-button\" data-enqueue=\"no\" data-autoenqueue=\"no\" title=\"resson\u00e2ncias\"><span class=\"fap-icon-play\"><\/span>Ouvir<\/span> <a href=\"https:\/\/www.irdin.org.br\/site\/envios\/audios\/0052_0023__por_por__ressonancias.mp3\" class=\"baixar\" download><span class=\"fa fa-arrow-down\"><\/span>Baixar<\/span><\/a> <span class=\"textobaixar\"> resson\u00e2ncias<\/span><\/p>\n<p>&nbsp;<\/p>\n","protected":false},"excerpt":{"rendered":"<p>Quest\u00f5es atuais sobre a vida interior, a paz e a reden\u00e7\u00e3o \/ A rever\u00eancia como dom a ser reconquistado pelos<\/p>\n","protected":false},"featured_media":37803,"template":"","meta":{"_acf_changed":false},"product_brand":[],"product_cat":[18076,33068],"product_tag":[40843],"class_list":{"0":"post-83771","1":"product","2":"type-product","3":"status-publish","4":"has-post-thumbnail","6":"product_cat-cddvd","7":"product_cat-palestras","8":"product_tag-40843","9":"pa_autor-trigueirinho","10":"pa_codigo-da-serie-32831","11":"pa_data-de-gravacao-31498","12":"pa_idioma-de-destino-portugues","13":"pa_lancamento-no","14":"pa_midia-cd","15":"pa_moac-40842","16":"pa_quantidade-de-saldo-33067","17":"pa_sequencial-da-serie-31899","18":"pa_tipo-de-traducao-nao-classificado","20":"first","21":"outofstock","22":"product-type-simple"},"acf":[],"_links":{"self":[{"href":"https:\/\/www.irdin.org.br\/site\/wp-json\/wp\/v2\/product\/83771","targetHints":{"allow":["GET"]}}],"collection":[{"href":"https:\/\/www.irdin.org.br\/site\/wp-json\/wp\/v2\/product"}],"about":[{"href":"https:\/\/www.irdin.org.br\/site\/wp-json\/wp\/v2\/types\/product"}],"version-history":[{"count":1,"href":"https:\/\/www.irdin.org.br\/site\/wp-json\/wp\/v2\/product\/83771\/revisions"}],"predecessor-version":[{"id":108501,"href":"https:\/\/www.irdin.org.br\/site\/wp-json\/wp\/v2\/product\/83771\/revisions\/108501"}],"wp:featuredmedia":[{"embeddable":true,"href":"https:\/\/www.irdin.org.br\/site\/wp-json\/wp\/v2\/media\/37803"}],"wp:attachment":[{"href":"https:\/\/www.irdin.org.br\/site\/wp-json\/wp\/v2\/media?parent=83771"}],"wp:term":[{"taxonomy":"product_brand","embeddable":true,"href":"https:\/\/www.irdin.org.br\/site\/wp-json\/wp\/v2\/product_brand?post=83771"},{"taxonomy":"product_cat","embeddable":true,"href":"https:\/\/www.irdin.org.br\/site\/wp-json\/wp\/v2\/product_cat?post=83771"},{"taxonomy":"product_tag","embeddable":true,"href":"https:\/\/www.irdin.org.br\/site\/wp-json\/wp\/v2\/product_tag?post=83771"}],"curies":[{"name":"wp","href":"https:\/\/api.w.org\/{rel}","templated":true}]}}