{"id":83772,"date":"2018-04-26T18:26:36","date_gmt":"2018-04-26T18:26:36","guid":{"rendered":"http:\/\/www.irdin.org.br\/site\/produto\/misterios-de-maria\/"},"modified":"2025-03-15T19:30:50","modified_gmt":"2025-03-15T19:30:50","slug":"misterios-de-maria","status":"publish","type":"product","link":"https:\/\/www.irdin.org.br\/site\/produtos\/misterios-de-maria\/","title":{"rendered":"Mist\u00e9rios de Maria"},"content":{"rendered":"<p><em>Impulsos para vivermos os \u00faltimos tempos deste ciclo planet\u00e1rio, segundo as mensagens de Maria de 25 e 30 de novembro de 2013 \/ Que fazemos da nossa capacidade de contato com o Alto? \/ Quando o imposs\u00edvel se torna simples de conseguir \/ O preparo de uma Nova Ra\u00e7a<\/em><\/p>\n<p>&nbsp;<br \/>\n<strong>Ou\u00e7a agora:<\/strong><\/p>\n<p><span data-href=\"https:\/\/www.irdin.org.br\/site\/envios\/audios\/0052_0024__por_por__misterios_de_maria.mp3\" data-title=\"mist\u00e9rios de maria\" data-rel=\"\" data-target=\"\" data-meta=\"#fap-meta-69e36921eb462\" class=\"fap-single-track fap-track-button fap-play-button\" data-enqueue=\"no\" data-autoenqueue=\"no\" title=\"mist\u00e9rios de maria\"><span class=\"fap-icon-play\"><\/span>Ouvir<\/span> <a href=\"https:\/\/www.irdin.org.br\/site\/envios\/audios\/0052_0024__por_por__misterios_de_maria.mp3\" class=\"baixar\" download><span class=\"fa fa-arrow-down\"><\/span>Baixar<\/span><\/a> <span class=\"textobaixar\"> mist\u00e9rios de maria<\/span><\/p>\n<p>&nbsp;<\/p>\n","protected":false},"excerpt":{"rendered":"<p>Impulsos para vivermos os \u00faltimos tempos deste ciclo planet\u00e1rio, segundo as mensagens de Maria de 25 e 30 de novembro<\/p>\n","protected":false},"featured_media":37803,"template":"","meta":{"_acf_changed":false},"product_brand":[],"product_cat":[18076,33068],"product_tag":[40845],"class_list":{"0":"post-83772","1":"product","2":"type-product","3":"status-publish","4":"has-post-thumbnail","6":"product_cat-cddvd","7":"product_cat-palestras","8":"product_tag-40845","9":"pa_autor-trigueirinho","10":"pa_codigo-da-serie-32831","11":"pa_data-de-gravacao-31501","12":"pa_idioma-de-destino-portugues","13":"pa_lancamento-no","14":"pa_midia-cd","15":"pa_moac-40844","16":"pa_quantidade-de-saldo-33067","17":"pa_sequencial-da-serie-31900","18":"pa_tipo-de-traducao-nao-classificado","20":"first","21":"outofstock","22":"product-type-simple"},"acf":[],"_links":{"self":[{"href":"https:\/\/www.irdin.org.br\/site\/wp-json\/wp\/v2\/product\/83772","targetHints":{"allow":["GET"]}}],"collection":[{"href":"https:\/\/www.irdin.org.br\/site\/wp-json\/wp\/v2\/product"}],"about":[{"href":"https:\/\/www.irdin.org.br\/site\/wp-json\/wp\/v2\/types\/product"}],"version-history":[{"count":1,"href":"https:\/\/www.irdin.org.br\/site\/wp-json\/wp\/v2\/product\/83772\/revisions"}],"predecessor-version":[{"id":108502,"href":"https:\/\/www.irdin.org.br\/site\/wp-json\/wp\/v2\/product\/83772\/revisions\/108502"}],"wp:featuredmedia":[{"embeddable":true,"href":"https:\/\/www.irdin.org.br\/site\/wp-json\/wp\/v2\/media\/37803"}],"wp:attachment":[{"href":"https:\/\/www.irdin.org.br\/site\/wp-json\/wp\/v2\/media?parent=83772"}],"wp:term":[{"taxonomy":"product_brand","embeddable":true,"href":"https:\/\/www.irdin.org.br\/site\/wp-json\/wp\/v2\/product_brand?post=83772"},{"taxonomy":"product_cat","embeddable":true,"href":"https:\/\/www.irdin.org.br\/site\/wp-json\/wp\/v2\/product_cat?post=83772"},{"taxonomy":"product_tag","embeddable":true,"href":"https:\/\/www.irdin.org.br\/site\/wp-json\/wp\/v2\/product_tag?post=83772"}],"curies":[{"name":"wp","href":"https:\/\/api.w.org\/{rel}","templated":true}]}}