{"id":83774,"date":"2018-04-26T18:26:36","date_gmt":"2018-04-26T18:26:36","guid":{"rendered":"http:\/\/www.irdin.org.br\/site\/produto\/a-oferta-suprema-da-mae-universal\/"},"modified":"2025-03-15T19:31:05","modified_gmt":"2025-03-15T19:31:05","slug":"a-oferta-suprema-da-mae-universal","status":"publish","type":"product","link":"https:\/\/www.irdin.org.br\/site\/produtos\/a-oferta-suprema-da-mae-universal\/","title":{"rendered":"A oferta suprema da M\u00e3e Universal"},"content":{"rendered":"<p><em>Modernidades que nos mant\u00eam adormecidos diante do real \/ O sonho no qual vivemos deixa invis\u00edvel nossa luz interior \/ Deus \u00e9 o que existe mais pr\u00f3ximo a n\u00f3s \/ Ora\u00e7\u00e3o como busca do imposs\u00edvel \/ A Justi\u00e7a Divina pode ser aliviada? \/ Podemos ser afastados do real sem perceber \/ Transmiss\u00e3o de Maria para o dia 25\/8\/2014<\/em><\/p>\n<p>&nbsp;<br \/>\n<strong>Ou\u00e7a agora:<\/strong><\/p>\n<p><span data-href=\"https:\/\/www.irdin.org.br\/site\/envios\/audios\/0052_0026__por_por__a_oferta_suprema_da_mae_universal.mp3\" data-title=\"a oferta suprema da m\u00e3e universal\" data-rel=\"\" data-target=\"\" data-meta=\"#fap-meta-69e9d99b848dc\" class=\"fap-single-track fap-track-button fap-play-button\" data-enqueue=\"no\" data-autoenqueue=\"no\" title=\"a oferta suprema da m\u00e3e universal\"><span class=\"fap-icon-play\"><\/span>Ouvir<\/span> <a href=\"https:\/\/www.irdin.org.br\/site\/envios\/audios\/0052_0026__por_por__a_oferta_suprema_da_mae_universal.mp3\" class=\"baixar\" download><span class=\"fa fa-arrow-down\"><\/span>Baixar<\/span><\/a> <span class=\"textobaixar\"> a oferta suprema da m\u00e3e universal<\/span><\/p>\n<p>&nbsp;<\/p>\n","protected":false},"excerpt":{"rendered":"<p>Modernidades que nos mant\u00eam adormecidos diante do real \/ O sonho no qual vivemos deixa invis\u00edvel nossa luz interior \/<\/p>\n","protected":false},"featured_media":37803,"template":"","meta":{"_acf_changed":false},"product_brand":[],"product_cat":[18076,33068],"product_tag":[40849],"class_list":{"0":"post-83774","1":"product","2":"type-product","3":"status-publish","4":"has-post-thumbnail","6":"product_cat-cddvd","7":"product_cat-palestras","8":"product_tag-40849","9":"pa_autor-trigueirinho","10":"pa_codigo-da-serie-32831","11":"pa_data-de-gravacao-31507","12":"pa_idioma-de-destino-portugues","13":"pa_lancamento-no","14":"pa_midia-cd","15":"pa_moac-40848","16":"pa_quantidade-de-saldo-33067","17":"pa_sequencial-da-serie-31902","18":"pa_tipo-de-traducao-nao-classificado","20":"first","21":"outofstock","22":"product-type-simple"},"acf":[],"_links":{"self":[{"href":"https:\/\/www.irdin.org.br\/site\/wp-json\/wp\/v2\/product\/83774","targetHints":{"allow":["GET"]}}],"collection":[{"href":"https:\/\/www.irdin.org.br\/site\/wp-json\/wp\/v2\/product"}],"about":[{"href":"https:\/\/www.irdin.org.br\/site\/wp-json\/wp\/v2\/types\/product"}],"version-history":[{"count":1,"href":"https:\/\/www.irdin.org.br\/site\/wp-json\/wp\/v2\/product\/83774\/revisions"}],"predecessor-version":[{"id":108504,"href":"https:\/\/www.irdin.org.br\/site\/wp-json\/wp\/v2\/product\/83774\/revisions\/108504"}],"wp:featuredmedia":[{"embeddable":true,"href":"https:\/\/www.irdin.org.br\/site\/wp-json\/wp\/v2\/media\/37803"}],"wp:attachment":[{"href":"https:\/\/www.irdin.org.br\/site\/wp-json\/wp\/v2\/media?parent=83774"}],"wp:term":[{"taxonomy":"product_brand","embeddable":true,"href":"https:\/\/www.irdin.org.br\/site\/wp-json\/wp\/v2\/product_brand?post=83774"},{"taxonomy":"product_cat","embeddable":true,"href":"https:\/\/www.irdin.org.br\/site\/wp-json\/wp\/v2\/product_cat?post=83774"},{"taxonomy":"product_tag","embeddable":true,"href":"https:\/\/www.irdin.org.br\/site\/wp-json\/wp\/v2\/product_tag?post=83774"}],"curies":[{"name":"wp","href":"https:\/\/api.w.org\/{rel}","templated":true}]}}