{"id":83777,"date":"2018-04-26T18:26:36","date_gmt":"2018-04-26T18:26:36","guid":{"rendered":"http:\/\/www.irdin.org.br\/site\/produto\/o-trabalho-de-maria-na-nossa-supraconsciencia\/"},"modified":"2025-03-15T19:32:01","modified_gmt":"2025-03-15T19:32:01","slug":"o-trabalho-de-maria-na-nossa-supraconsciencia","status":"publish","type":"product","link":"https:\/\/www.irdin.org.br\/site\/produtos\/o-trabalho-de-maria-na-nossa-supraconsciencia\/","title":{"rendered":"O trabalho de Maria na nossa supraconsci\u00eancia"},"content":{"rendered":"<p><em>A import\u00e2ncia das Apari\u00e7\u00f5es em nossa consci\u00eancia \/ Etapas desse desenvolvimento \/ A ansiedade vem de estarmos fora de caminho \/ A entrega sincera abre caminhos \/ A entrega \u00e9 necess\u00e1ria para usufruirmos da energia transcendental \/ A gra\u00e7a de termos gratid\u00e3o por viver as provas<\/em><\/p>\n<p>&nbsp;<br \/>\n<strong>Ou\u00e7a agora:<\/strong><\/p>\n<p><span data-href=\"https:\/\/www.irdin.org.br\/site\/envios\/audios\/0052_0029__por_por__o_trabalho_de_maria_na_nossa_supraconsciencia.mp3\" data-title=\"o trabalho de maria na nossa supraconsci\u00eancia\" data-rel=\"\" data-target=\"\" data-meta=\"#fap-meta-6a04c62decd20\" class=\"fap-single-track fap-track-button fap-play-button\" data-enqueue=\"no\" data-autoenqueue=\"no\" title=\"o trabalho de maria na nossa supraconsci\u00eancia\"><span class=\"fap-icon-play\"><\/span>Ouvir<\/span> <a href=\"https:\/\/www.irdin.org.br\/site\/envios\/audios\/0052_0029__por_por__o_trabalho_de_maria_na_nossa_supraconsciencia.mp3\" class=\"baixar\" download><span class=\"fa fa-arrow-down\"><\/span>Baixar<\/span><\/a> <span class=\"textobaixar\"> o trabalho de maria na nossa supraconsci\u00eancia<\/span><\/p>\n<p>&nbsp;<\/p>\n","protected":false},"excerpt":{"rendered":"<p>A import\u00e2ncia das Apari\u00e7\u00f5es em nossa consci\u00eancia \/ Etapas desse desenvolvimento \/ A ansiedade vem de estarmos fora de caminho<\/p>\n","protected":false},"featured_media":37803,"template":"","meta":{"_acf_changed":false},"product_brand":[],"product_cat":[18076,33068],"product_tag":[40855],"class_list":{"0":"post-83777","1":"product","2":"type-product","3":"status-publish","4":"has-post-thumbnail","6":"product_cat-cddvd","7":"product_cat-palestras","8":"product_tag-40855","9":"pa_autor-trigueirinho","10":"pa_codigo-da-serie-32831","11":"pa_data-de-gravacao-31021","12":"pa_idioma-de-destino-portugues","13":"pa_lancamento-no","14":"pa_midia-cd","15":"pa_moac-40854","16":"pa_quantidade-de-saldo-33067","17":"pa_sequencial-da-serie-31905","18":"pa_tipo-de-traducao-nao-classificado","20":"first","21":"outofstock","22":"product-type-simple"},"acf":[],"_links":{"self":[{"href":"https:\/\/www.irdin.org.br\/site\/wp-json\/wp\/v2\/product\/83777","targetHints":{"allow":["GET"]}}],"collection":[{"href":"https:\/\/www.irdin.org.br\/site\/wp-json\/wp\/v2\/product"}],"about":[{"href":"https:\/\/www.irdin.org.br\/site\/wp-json\/wp\/v2\/types\/product"}],"version-history":[{"count":1,"href":"https:\/\/www.irdin.org.br\/site\/wp-json\/wp\/v2\/product\/83777\/revisions"}],"predecessor-version":[{"id":108507,"href":"https:\/\/www.irdin.org.br\/site\/wp-json\/wp\/v2\/product\/83777\/revisions\/108507"}],"wp:featuredmedia":[{"embeddable":true,"href":"https:\/\/www.irdin.org.br\/site\/wp-json\/wp\/v2\/media\/37803"}],"wp:attachment":[{"href":"https:\/\/www.irdin.org.br\/site\/wp-json\/wp\/v2\/media?parent=83777"}],"wp:term":[{"taxonomy":"product_brand","embeddable":true,"href":"https:\/\/www.irdin.org.br\/site\/wp-json\/wp\/v2\/product_brand?post=83777"},{"taxonomy":"product_cat","embeddable":true,"href":"https:\/\/www.irdin.org.br\/site\/wp-json\/wp\/v2\/product_cat?post=83777"},{"taxonomy":"product_tag","embeddable":true,"href":"https:\/\/www.irdin.org.br\/site\/wp-json\/wp\/v2\/product_tag?post=83777"}],"curies":[{"name":"wp","href":"https:\/\/api.w.org\/{rel}","templated":true}]}}