{"id":83781,"date":"2018-04-26T18:26:56","date_gmt":"2018-04-26T18:26:56","guid":{"rendered":"http:\/\/www.irdin.org.br\/site\/produto\/a-transformacao-da-materia\/"},"modified":"2025-03-15T19:25:46","modified_gmt":"2025-03-15T19:25:46","slug":"a-transformacao-da-materia","status":"publish","type":"product","link":"https:\/\/www.irdin.org.br\/site\/produtos\/a-transformacao-da-materia\/","title":{"rendered":"A transforma\u00e7\u00e3o da mat\u00e9ria"},"content":{"rendered":"<p><em>No trabalho de liberta\u00e7\u00e3o e transmuta\u00e7\u00e3o, reunir energias positivas e evitar as contr\u00e1rias \/ Revela\u00e7\u00f5es de Mishuk sobre as 1.000, as 3.000 e as 9.000 Ave Marias \/ O cuidado diante das energias capitais: pregui\u00e7a e lux\u00faria \/ O primarismo de querer o bem s\u00f3 para si mesmo \/ Preparo para as Comunidades-Luz<\/em><\/p>\n<p>&nbsp;<br \/>\n<strong>Ou\u00e7a agora:<\/strong><\/p>\n<p><span data-href=\"https:\/\/www.irdin.org.br\/site\/envios\/audios\/0052_0033__por_por__a_transformacao_da_materia.mp3\" data-title=\"a transforma\u00e7\u00e3o da mat\u00e9ria\" data-rel=\"\" data-target=\"\" data-meta=\"#fap-meta-69e365fb42382\" class=\"fap-single-track fap-track-button fap-play-button\" data-enqueue=\"no\" data-autoenqueue=\"no\" title=\"a transforma\u00e7\u00e3o da mat\u00e9ria\"><span class=\"fap-icon-play\"><\/span>Ouvir<\/span> <a href=\"https:\/\/www.irdin.org.br\/site\/envios\/audios\/0052_0033__por_por__a_transformacao_da_materia.mp3\" class=\"baixar\" download><span class=\"fa fa-arrow-down\"><\/span>Baixar<\/span><\/a> <span class=\"textobaixar\"> a transforma\u00e7\u00e3o da mat\u00e9ria<\/span><\/p>\n<p>&nbsp;<\/p>\n","protected":false},"excerpt":{"rendered":"<p>No trabalho de liberta\u00e7\u00e3o e transmuta\u00e7\u00e3o, reunir energias positivas e evitar as contr\u00e1rias \/ Revela\u00e7\u00f5es de Mishuk sobre as 1.000,<\/p>\n","protected":false},"featured_media":37803,"template":"","meta":{"_acf_changed":false},"product_brand":[],"product_cat":[18076,33068],"product_tag":[40863],"class_list":{"0":"post-83781","1":"product","2":"type-product","3":"status-publish","4":"has-post-thumbnail","6":"product_cat-cddvd","7":"product_cat-palestras","8":"product_tag-40863","9":"pa_autor-trigueirinho","10":"pa_codigo-da-serie-32831","11":"pa_data-de-gravacao-31527","12":"pa_idioma-de-destino-portugues","13":"pa_lancamento-no","14":"pa_midia-cd","15":"pa_moac-40862","16":"pa_quantidade-de-saldo-33067","17":"pa_sequencial-da-serie-31909","18":"pa_tipo-de-traducao-nao-classificado","20":"first","21":"outofstock","22":"product-type-simple"},"acf":[],"_links":{"self":[{"href":"https:\/\/www.irdin.org.br\/site\/wp-json\/wp\/v2\/product\/83781","targetHints":{"allow":["GET"]}}],"collection":[{"href":"https:\/\/www.irdin.org.br\/site\/wp-json\/wp\/v2\/product"}],"about":[{"href":"https:\/\/www.irdin.org.br\/site\/wp-json\/wp\/v2\/types\/product"}],"version-history":[{"count":1,"href":"https:\/\/www.irdin.org.br\/site\/wp-json\/wp\/v2\/product\/83781\/revisions"}],"predecessor-version":[{"id":108471,"href":"https:\/\/www.irdin.org.br\/site\/wp-json\/wp\/v2\/product\/83781\/revisions\/108471"}],"wp:featuredmedia":[{"embeddable":true,"href":"https:\/\/www.irdin.org.br\/site\/wp-json\/wp\/v2\/media\/37803"}],"wp:attachment":[{"href":"https:\/\/www.irdin.org.br\/site\/wp-json\/wp\/v2\/media?parent=83781"}],"wp:term":[{"taxonomy":"product_brand","embeddable":true,"href":"https:\/\/www.irdin.org.br\/site\/wp-json\/wp\/v2\/product_brand?post=83781"},{"taxonomy":"product_cat","embeddable":true,"href":"https:\/\/www.irdin.org.br\/site\/wp-json\/wp\/v2\/product_cat?post=83781"},{"taxonomy":"product_tag","embeddable":true,"href":"https:\/\/www.irdin.org.br\/site\/wp-json\/wp\/v2\/product_tag?post=83781"}],"curies":[{"name":"wp","href":"https:\/\/api.w.org\/{rel}","templated":true}]}}