{"id":83783,"date":"2018-04-26T18:26:56","date_gmt":"2018-04-26T18:26:56","guid":{"rendered":"http:\/\/www.irdin.org.br\/site\/produto\/a-verdade-que-escapa-a-nossa-compreensao-reflexao-realizada-no-56o-encontro-geral-em-figueira\/"},"modified":"2025-03-15T19:26:07","modified_gmt":"2025-03-15T19:26:07","slug":"a-verdade-que-escapa-a-nossa-compreensao-reflexao-realizada-no-56o-encontro-geral-em-figueira","status":"publish","type":"product","link":"https:\/\/www.irdin.org.br\/site\/produtos\/a-verdade-que-escapa-a-nossa-compreensao-reflexao-realizada-no-56o-encontro-geral-em-figueira\/","title":{"rendered":"A Verdade que escapa \u00e0 nossa compreens\u00e3o &#8211; Reflex\u00e3o realizada no 56\u00ba Encontro Geral em Figueira"},"content":{"rendered":"<p><em>A purifica\u00e7\u00e3o ser\u00e1 maior que o nosso entendimento \/ O mundo come\u00e7ar\u00e1 de novo? \/ A prepara\u00e7\u00e3o para encontrarmos a Luz \/ Que ser\u00e1 a Luz? \/ Ora\u00e7\u00e3o para que a vida superior se aproxime de nossas vidas \/ Mensagens de Maria de 25\/2\/2016 e 2\/3\/2016, e de S\u00e3o Jos\u00e9 de 23\/2\/2016 \/ Conseguiremos ser nada?<\/em><\/p>\n<p>&nbsp;<br \/>\n<strong>Ou\u00e7a agora:<\/strong><\/p>\n<p><span data-href=\"https:\/\/www.irdin.org.br\/site\/envios\/audios\/0052_0035__por_por__a_verdade_que_escapa_a_nossa_compreensao.mp3\" data-title=\"a verdade que escapa \u00e0 nossa compreens\u00e3o\" data-rel=\"\" data-target=\"\" data-meta=\"#fap-meta-69e369218ea9e\" class=\"fap-single-track fap-track-button fap-play-button\" data-enqueue=\"no\" data-autoenqueue=\"no\" title=\"a verdade que escapa \u00e0 nossa compreens\u00e3o\"><span class=\"fap-icon-play\"><\/span>Ouvir<\/span> <a href=\"https:\/\/www.irdin.org.br\/site\/envios\/audios\/0052_0035__por_por__a_verdade_que_escapa_a_nossa_compreensao.mp3\" class=\"baixar\" download><span class=\"fa fa-arrow-down\"><\/span>Baixar<\/span><\/a> <span class=\"textobaixar\"> a verdade que escapa \u00e0 nossa compreens\u00e3o<\/span><\/p>\n<p>&nbsp;<\/p>\n","protected":false},"excerpt":{"rendered":"<p>A purifica\u00e7\u00e3o ser\u00e1 maior que o nosso entendimento \/ O mundo come\u00e7ar\u00e1 de novo? \/ A prepara\u00e7\u00e3o para encontrarmos a<\/p>\n","protected":false},"featured_media":37803,"template":"","meta":{"_acf_changed":false},"product_brand":[],"product_cat":[18076,33068],"product_tag":[40867],"class_list":{"0":"post-83783","1":"product","2":"type-product","3":"status-publish","4":"has-post-thumbnail","6":"product_cat-cddvd","7":"product_cat-palestras","8":"product_tag-40867","9":"pa_autor-trigueirinho","10":"pa_codigo-da-serie-32831","11":"pa_data-de-gravacao-31533","12":"pa_idioma-de-destino-portugues","13":"pa_lancamento-no","14":"pa_midia-cd","15":"pa_moac-40866","16":"pa_quantidade-de-saldo-33067","17":"pa_sequencial-da-serie-31911","18":"pa_tipo-de-traducao-nao-classificado","20":"first","21":"outofstock","22":"product-type-simple"},"acf":[],"_links":{"self":[{"href":"https:\/\/www.irdin.org.br\/site\/wp-json\/wp\/v2\/product\/83783","targetHints":{"allow":["GET"]}}],"collection":[{"href":"https:\/\/www.irdin.org.br\/site\/wp-json\/wp\/v2\/product"}],"about":[{"href":"https:\/\/www.irdin.org.br\/site\/wp-json\/wp\/v2\/types\/product"}],"version-history":[{"count":1,"href":"https:\/\/www.irdin.org.br\/site\/wp-json\/wp\/v2\/product\/83783\/revisions"}],"predecessor-version":[{"id":108473,"href":"https:\/\/www.irdin.org.br\/site\/wp-json\/wp\/v2\/product\/83783\/revisions\/108473"}],"wp:featuredmedia":[{"embeddable":true,"href":"https:\/\/www.irdin.org.br\/site\/wp-json\/wp\/v2\/media\/37803"}],"wp:attachment":[{"href":"https:\/\/www.irdin.org.br\/site\/wp-json\/wp\/v2\/media?parent=83783"}],"wp:term":[{"taxonomy":"product_brand","embeddable":true,"href":"https:\/\/www.irdin.org.br\/site\/wp-json\/wp\/v2\/product_brand?post=83783"},{"taxonomy":"product_cat","embeddable":true,"href":"https:\/\/www.irdin.org.br\/site\/wp-json\/wp\/v2\/product_cat?post=83783"},{"taxonomy":"product_tag","embeddable":true,"href":"https:\/\/www.irdin.org.br\/site\/wp-json\/wp\/v2\/product_tag?post=83783"}],"curies":[{"name":"wp","href":"https:\/\/api.w.org\/{rel}","templated":true}]}}