{"id":83789,"date":"2018-04-26T18:26:56","date_gmt":"2018-04-26T18:26:56","guid":{"rendered":"http:\/\/www.irdin.org.br\/site\/produto\/voluntariado-na-educacao\/"},"modified":"2025-03-15T19:27:07","modified_gmt":"2025-03-15T19:27:07","slug":"voluntariado-na-educacao","status":"publish","type":"product","link":"https:\/\/www.irdin.org.br\/site\/produtos\/voluntariado-na-educacao\/","title":{"rendered":"Voluntariado na Educa\u00e7\u00e3o"},"content":{"rendered":"<p><em>Como trabalhar pelo advento de uma verdadeira educa\u00e7\u00e3o, fundada em valores espirituais?<\/em><\/p>\n<p>&nbsp;<br \/>\n<strong>Ou\u00e7a agora:<\/strong><\/p>\n<p><span data-href=\"https:\/\/www.irdin.org.br\/site\/envios\/audios\/0054_0001__por_por__voluntariado_na_educacao.mp3\" data-title=\"voluntariado na educa\u00e7\u00e3o\" data-rel=\"\" data-target=\"\" data-meta=\"#fap-meta-6a035db1c5a3f\" class=\"fap-single-track fap-track-button fap-play-button\" data-enqueue=\"no\" data-autoenqueue=\"no\" title=\"voluntariado na educa\u00e7\u00e3o\"><span class=\"fap-icon-play\"><\/span>Ouvir<\/span> <a href=\"https:\/\/www.irdin.org.br\/site\/envios\/audios\/0054_0001__por_por__voluntariado_na_educacao.mp3\" class=\"baixar\" download><span class=\"fa fa-arrow-down\"><\/span>Baixar<\/span><\/a> <span class=\"textobaixar\"> voluntariado na educa\u00e7\u00e3o<\/span><\/p>\n<p>&nbsp;<\/p>\n","protected":false},"excerpt":{"rendered":"<p>Como trabalhar pelo advento de uma verdadeira educa\u00e7\u00e3o, fundada em valores espirituais? &nbsp; Ou\u00e7a agora: Baixar voluntariado na educa\u00e7\u00e3o &nbsp;<\/p>\n","protected":false},"featured_media":37803,"template":"","meta":{"_acf_changed":false},"product_brand":[],"product_cat":[18076,33068],"product_tag":[40879],"class_list":{"0":"post-83789","1":"product","2":"type-product","3":"status-publish","4":"has-post-thumbnail","6":"product_cat-cddvd","7":"product_cat-palestras","8":"product_tag-40879","9":"pa_autor-trigueirinho","10":"pa_codigo-da-serie-32835","11":"pa_data-de-gravacao-31557","12":"pa_idioma-de-destino-portugues","13":"pa_lancamento-no","14":"pa_midia-cd","15":"pa_moac-40878","16":"pa_quantidade-de-saldo-33067","17":"pa_sequencial-da-serie-31877","18":"pa_tipo-de-traducao-nao-classificado","20":"first","21":"outofstock","22":"product-type-simple"},"acf":[],"_links":{"self":[{"href":"https:\/\/www.irdin.org.br\/site\/wp-json\/wp\/v2\/product\/83789","targetHints":{"allow":["GET"]}}],"collection":[{"href":"https:\/\/www.irdin.org.br\/site\/wp-json\/wp\/v2\/product"}],"about":[{"href":"https:\/\/www.irdin.org.br\/site\/wp-json\/wp\/v2\/types\/product"}],"version-history":[{"count":1,"href":"https:\/\/www.irdin.org.br\/site\/wp-json\/wp\/v2\/product\/83789\/revisions"}],"predecessor-version":[{"id":108479,"href":"https:\/\/www.irdin.org.br\/site\/wp-json\/wp\/v2\/product\/83789\/revisions\/108479"}],"wp:featuredmedia":[{"embeddable":true,"href":"https:\/\/www.irdin.org.br\/site\/wp-json\/wp\/v2\/media\/37803"}],"wp:attachment":[{"href":"https:\/\/www.irdin.org.br\/site\/wp-json\/wp\/v2\/media?parent=83789"}],"wp:term":[{"taxonomy":"product_brand","embeddable":true,"href":"https:\/\/www.irdin.org.br\/site\/wp-json\/wp\/v2\/product_brand?post=83789"},{"taxonomy":"product_cat","embeddable":true,"href":"https:\/\/www.irdin.org.br\/site\/wp-json\/wp\/v2\/product_cat?post=83789"},{"taxonomy":"product_tag","embeddable":true,"href":"https:\/\/www.irdin.org.br\/site\/wp-json\/wp\/v2\/product_tag?post=83789"}],"curies":[{"name":"wp","href":"https:\/\/api.w.org\/{rel}","templated":true}]}}