{"id":83791,"date":"2018-04-26T18:26:56","date_gmt":"2018-04-26T18:26:56","guid":{"rendered":"http:\/\/www.irdin.org.br\/site\/produto\/uma-panoramica-sobre-a-vida-atual-palestra-vespertina-1o-outubro-2007-belo-horizonte\/"},"modified":"2025-03-15T19:27:24","modified_gmt":"2025-03-15T19:27:24","slug":"uma-panoramica-sobre-a-vida-atual-palestra-vespertina-1o-outubro-2007-belo-horizonte","status":"publish","type":"product","link":"https:\/\/www.irdin.org.br\/site\/produtos\/uma-panoramica-sobre-a-vida-atual-palestra-vespertina-1o-outubro-2007-belo-horizonte\/","title":{"rendered":"Uma panor\u00e2mica sobre a vida atual &#8211; Palestra vespertina &#8211; 1\u00ba outubro 2007 &#8211; Belo Horizonte"},"content":{"rendered":"<p><em>Podemos viver de modo coerente com a verdadeira situa\u00e7\u00e3o da Terra: com sua polaridade feminina desperta, ela caminha agora para a evolu\u00e7\u00e3o superior.<\/em><\/p>\n<p>&nbsp;<br \/>\n<strong>Ou\u00e7a agora:<\/strong><\/p>\n<p><span data-href=\"https:\/\/www.irdin.org.br\/site\/envios\/audios\/0055_0001__por_por__uma_panoramica_sobre_a_vida_atual.mp3\" data-title=\"uma panor\u00e2mica sobre a vida atual\" data-rel=\"\" data-target=\"\" data-meta=\"#fap-meta-6a0385a215148\" class=\"fap-single-track fap-track-button fap-play-button\" data-enqueue=\"no\" data-autoenqueue=\"no\" title=\"uma panor\u00e2mica sobre a vida atual\"><span class=\"fap-icon-play\"><\/span>Ouvir<\/span> <a href=\"https:\/\/www.irdin.org.br\/site\/envios\/audios\/0055_0001__por_por__uma_panoramica_sobre_a_vida_atual.mp3\" class=\"baixar\" download><span class=\"fa fa-arrow-down\"><\/span>Baixar<\/span><\/a> <span class=\"textobaixar\"> uma panor\u00e2mica sobre a vida atual<\/span><\/p>\n<p>&nbsp;<\/p>\n","protected":false},"excerpt":{"rendered":"<p>Podemos viver de modo coerente com a verdadeira situa\u00e7\u00e3o da Terra: com sua polaridade feminina desperta, ela caminha agora para<\/p>\n","protected":false},"featured_media":37803,"template":"","meta":{"_acf_changed":false},"product_brand":[],"product_cat":[18076,33068],"product_tag":[40883],"class_list":{"0":"post-83791","1":"product","2":"type-product","3":"status-publish","4":"has-post-thumbnail","6":"product_cat-cddvd","7":"product_cat-palestras","8":"product_tag-40883","9":"pa_autor-trigueirinho","10":"pa_codigo-da-serie-32836","11":"pa_data-de-gravacao-31564","12":"pa_idioma-de-destino-portugues","13":"pa_lancamento-no","14":"pa_midia-cd","15":"pa_moac-40882","16":"pa_quantidade-de-saldo-33067","17":"pa_sequencial-da-serie-31877","18":"pa_tipo-de-traducao-nao-classificado","20":"first","21":"outofstock","22":"product-type-simple"},"acf":[],"_links":{"self":[{"href":"https:\/\/www.irdin.org.br\/site\/wp-json\/wp\/v2\/product\/83791","targetHints":{"allow":["GET"]}}],"collection":[{"href":"https:\/\/www.irdin.org.br\/site\/wp-json\/wp\/v2\/product"}],"about":[{"href":"https:\/\/www.irdin.org.br\/site\/wp-json\/wp\/v2\/types\/product"}],"version-history":[{"count":1,"href":"https:\/\/www.irdin.org.br\/site\/wp-json\/wp\/v2\/product\/83791\/revisions"}],"predecessor-version":[{"id":108481,"href":"https:\/\/www.irdin.org.br\/site\/wp-json\/wp\/v2\/product\/83791\/revisions\/108481"}],"wp:featuredmedia":[{"embeddable":true,"href":"https:\/\/www.irdin.org.br\/site\/wp-json\/wp\/v2\/media\/37803"}],"wp:attachment":[{"href":"https:\/\/www.irdin.org.br\/site\/wp-json\/wp\/v2\/media?parent=83791"}],"wp:term":[{"taxonomy":"product_brand","embeddable":true,"href":"https:\/\/www.irdin.org.br\/site\/wp-json\/wp\/v2\/product_brand?post=83791"},{"taxonomy":"product_cat","embeddable":true,"href":"https:\/\/www.irdin.org.br\/site\/wp-json\/wp\/v2\/product_cat?post=83791"},{"taxonomy":"product_tag","embeddable":true,"href":"https:\/\/www.irdin.org.br\/site\/wp-json\/wp\/v2\/product_tag?post=83791"}],"curies":[{"name":"wp","href":"https:\/\/api.w.org\/{rel}","templated":true}]}}