{"id":83794,"date":"2018-04-26T18:26:56","date_gmt":"2018-04-26T18:26:56","guid":{"rendered":"http:\/\/www.irdin.org.br\/site\/produto\/os-dias-do-amanha-palestra-vespertina-7-outubro-2007-sao-paulo\/"},"modified":"2025-03-15T19:27:58","modified_gmt":"2025-03-15T19:27:58","slug":"os-dias-do-amanha-palestra-vespertina-7-outubro-2007-sao-paulo","status":"publish","type":"product","link":"https:\/\/www.irdin.org.br\/site\/produtos\/os-dias-do-amanha-palestra-vespertina-7-outubro-2007-sao-paulo\/","title":{"rendered":"Os dias do Amanh\u00e3 &#8211; Palestra vespertina &#8211; 7 outubro 2007 &#8211; S\u00e3o Paulo"},"content":{"rendered":"<p><em>O porvir est\u00e1 presente, bem como a possibilidade de relacionarmo-nos com realidades supraterrestres. \u00c9 fundamental tomarmos consci\u00eancia desses contatos.<\/em><\/p>\n<p><strong>Ou\u00e7a agora:<\/strong><\/p>\n<p><span data-href=\"https:\/\/www.irdin.org.br\/site\/envios\/audios\/0055_0003__por_por__os_dias_do_amanha.mp3\" data-title=\"os dias do amanh\u00e3\" data-rel=\"\" data-target=\"\" data-meta=\"#fap-meta-6a06462b48c74\" class=\"fap-single-track fap-track-button fap-play-button\" data-enqueue=\"no\" data-autoenqueue=\"no\" title=\"os dias do amanh\u00e3\"><span class=\"fap-icon-play\"><\/span>Ouvir<\/span> <a class=\"baixar\" href=\"https:\/\/www.irdin.org.br\/site\/envios\/audios\/0055_0003__por_por__os_dias_do_amanha.mp3\" download=\"\">Baixar<\/a> <span class=\"textobaixar\"> os dias do amanh\u00e3<\/span><\/p>\n<p>&nbsp;<\/p>\n","protected":false},"excerpt":{"rendered":"<p>O porvir est\u00e1 presente, bem como a possibilidade de relacionarmo-nos com realidades supraterrestres. \u00c9 fundamental tomarmos consci\u00eancia desses contatos. Ou\u00e7a<\/p>\n","protected":false},"featured_media":37803,"template":"","meta":{"_acf_changed":false},"product_brand":[],"product_cat":[18076,33068],"product_tag":[40889],"class_list":{"0":"post-83794","1":"product","2":"type-product","3":"status-publish","4":"has-post-thumbnail","6":"product_cat-cddvd","7":"product_cat-palestras","8":"product_tag-40889","9":"pa_autor-trigueirinho","10":"pa_codigo-da-serie-32836","11":"pa_data-de-gravacao-31572","12":"pa_idioma-de-destino-portugues","13":"pa_lancamento-no","14":"pa_midia-cd","15":"pa_moac-40888","16":"pa_quantidade-de-saldo-33067","17":"pa_sequencial-da-serie-31879","18":"pa_tipo-de-traducao-nao-classificado","20":"first","21":"outofstock","22":"product-type-simple"},"acf":[],"_links":{"self":[{"href":"https:\/\/www.irdin.org.br\/site\/wp-json\/wp\/v2\/product\/83794","targetHints":{"allow":["GET"]}}],"collection":[{"href":"https:\/\/www.irdin.org.br\/site\/wp-json\/wp\/v2\/product"}],"about":[{"href":"https:\/\/www.irdin.org.br\/site\/wp-json\/wp\/v2\/types\/product"}],"version-history":[{"count":1,"href":"https:\/\/www.irdin.org.br\/site\/wp-json\/wp\/v2\/product\/83794\/revisions"}],"predecessor-version":[{"id":108484,"href":"https:\/\/www.irdin.org.br\/site\/wp-json\/wp\/v2\/product\/83794\/revisions\/108484"}],"wp:featuredmedia":[{"embeddable":true,"href":"https:\/\/www.irdin.org.br\/site\/wp-json\/wp\/v2\/media\/37803"}],"wp:attachment":[{"href":"https:\/\/www.irdin.org.br\/site\/wp-json\/wp\/v2\/media?parent=83794"}],"wp:term":[{"taxonomy":"product_brand","embeddable":true,"href":"https:\/\/www.irdin.org.br\/site\/wp-json\/wp\/v2\/product_brand?post=83794"},{"taxonomy":"product_cat","embeddable":true,"href":"https:\/\/www.irdin.org.br\/site\/wp-json\/wp\/v2\/product_cat?post=83794"},{"taxonomy":"product_tag","embeddable":true,"href":"https:\/\/www.irdin.org.br\/site\/wp-json\/wp\/v2\/product_tag?post=83794"}],"curies":[{"name":"wp","href":"https:\/\/api.w.org\/{rel}","templated":true}]}}