{"id":83799,"date":"2018-04-26T18:27:16","date_gmt":"2018-04-26T18:27:16","guid":{"rendered":"http:\/\/www.irdin.org.br\/site\/produto\/o-que-a-oracao-pode-produzir\/"},"modified":"2025-03-15T19:21:33","modified_gmt":"2025-03-15T19:21:33","slug":"o-que-a-oracao-pode-produzir","status":"publish","type":"product","link":"https:\/\/www.irdin.org.br\/site\/produtos\/o-que-a-oracao-pode-produzir\/","title":{"rendered":"O que a ora\u00e7\u00e3o pode produzir"},"content":{"rendered":"<p><em>A ora\u00e7\u00e3o verdadeira, que vem do cora\u00e7\u00e3o, redime e liberta as almas. Grupos orantes dissolvem densos n\u00f3dulos na aura planet\u00e1ria, curando e equilibrando o planeta.<\/em><\/p>\n<p>&nbsp;<br \/>\n<strong>Ou\u00e7a agora:<\/strong><\/p>\n<p><span data-href=\"https:\/\/www.irdin.org.br\/site\/envios\/audios\/0056_0004__por_por__o_que_a_oracao_pode_produzir.mp3\" data-title=\"o que a ora\u00e7\u00e3o pode produzir\" data-rel=\"\" data-target=\"\" data-meta=\"#fap-meta-69e3243bb9ed8\" class=\"fap-single-track fap-track-button fap-play-button\" data-enqueue=\"no\" data-autoenqueue=\"no\" title=\"o que a ora\u00e7\u00e3o pode produzir\"><span class=\"fap-icon-play\"><\/span>Ouvir<\/span> <a href=\"https:\/\/www.irdin.org.br\/site\/envios\/audios\/0056_0004__por_por__o_que_a_oracao_pode_produzir.mp3\" class=\"baixar\" download><span class=\"fa fa-arrow-down\"><\/span>Baixar<\/span><\/a> <span class=\"textobaixar\"> o que a ora\u00e7\u00e3o pode produzir<\/span><\/p>\n<p>&nbsp;<\/p>\n","protected":false},"excerpt":{"rendered":"<p>A ora\u00e7\u00e3o verdadeira, que vem do cora\u00e7\u00e3o, redime e liberta as almas. Grupos orantes dissolvem densos n\u00f3dulos na aura planet\u00e1ria,<\/p>\n","protected":false},"featured_media":37803,"template":"","meta":{"_acf_changed":false},"product_brand":[],"product_cat":[18076,33068],"product_tag":[40899],"class_list":{"0":"post-83799","1":"product","2":"type-product","3":"status-publish","4":"has-post-thumbnail","6":"product_cat-cddvd","7":"product_cat-palestras","8":"product_tag-40899","9":"pa_autor-trigueirinho","10":"pa_codigo-da-serie-32837","11":"pa_codigo-externo-00560004porcd","12":"pa_data-de-gravacao-31586","13":"pa_duracao-41min05s","14":"pa_idioma-de-destino-portugues","15":"pa_idioma-de-origem-portugues","16":"pa_lancamento-no","17":"pa_midia-cd","18":"pa_moac-40898","19":"pa_quantidade-de-saldo-33067","20":"pa_sequencial-da-serie-31880","21":"pa_tipo-de-traducao-nao-classificado","23":"first","24":"outofstock","25":"product-type-simple"},"acf":[],"_links":{"self":[{"href":"https:\/\/www.irdin.org.br\/site\/wp-json\/wp\/v2\/product\/83799","targetHints":{"allow":["GET"]}}],"collection":[{"href":"https:\/\/www.irdin.org.br\/site\/wp-json\/wp\/v2\/product"}],"about":[{"href":"https:\/\/www.irdin.org.br\/site\/wp-json\/wp\/v2\/types\/product"}],"version-history":[{"count":1,"href":"https:\/\/www.irdin.org.br\/site\/wp-json\/wp\/v2\/product\/83799\/revisions"}],"predecessor-version":[{"id":108451,"href":"https:\/\/www.irdin.org.br\/site\/wp-json\/wp\/v2\/product\/83799\/revisions\/108451"}],"wp:featuredmedia":[{"embeddable":true,"href":"https:\/\/www.irdin.org.br\/site\/wp-json\/wp\/v2\/media\/37803"}],"wp:attachment":[{"href":"https:\/\/www.irdin.org.br\/site\/wp-json\/wp\/v2\/media?parent=83799"}],"wp:term":[{"taxonomy":"product_brand","embeddable":true,"href":"https:\/\/www.irdin.org.br\/site\/wp-json\/wp\/v2\/product_brand?post=83799"},{"taxonomy":"product_cat","embeddable":true,"href":"https:\/\/www.irdin.org.br\/site\/wp-json\/wp\/v2\/product_cat?post=83799"},{"taxonomy":"product_tag","embeddable":true,"href":"https:\/\/www.irdin.org.br\/site\/wp-json\/wp\/v2\/product_tag?post=83799"}],"curies":[{"name":"wp","href":"https:\/\/api.w.org\/{rel}","templated":true}]}}