{"id":83801,"date":"2018-04-26T18:27:16","date_gmt":"2018-04-26T18:27:16","guid":{"rendered":"http:\/\/www.irdin.org.br\/site\/produto\/orando-em-fraternidade-7o-encontro-do-caminho-da-oracao\/"},"modified":"2025-08-11T11:02:18","modified_gmt":"2025-08-11T14:02:18","slug":"orando-em-fraternidade-7o-encontro-do-caminho-da-oracao","status":"publish","type":"product","link":"https:\/\/www.irdin.org.br\/site\/produtos\/orando-em-fraternidade-7o-encontro-do-caminho-da-oracao\/","title":{"rendered":"Orando em fraternidade &#8211; 7\u00ba Encontro do Caminho da Ora\u00e7\u00e3o"},"content":{"rendered":"<p><em>Instru\u00e7\u00f5es de Ahkiuk e Murielh sobre ora\u00e7\u00e3o: Estaremos preparados para um ciclo orante de maior profundidade? S\u00e3o necess\u00e1rios hoje, seres conscientes que colaborem com a Hierarquia planet\u00e1ria. \u00c9 preciso concentra\u00e7\u00e3o, vigil\u00e2ncia e amor \u00e0 ora\u00e7\u00e3o.<\/em><\/p>\n<p><strong>Ou\u00e7a agora:<\/strong><\/p>\n<p><span data-href=\"https:\/\/www.irdin.org.br\/site\/envios\/audios\/0056_0006__por_por__orando_em_fraternidade.mp3\" data-title=\"orando em fraternidade\" data-rel=\"\" data-target=\"\" data-meta=\"#fap-meta-6a06874049d15\" class=\"fap-single-track fap-track-button fap-play-button\" data-enqueue=\"no\" data-autoenqueue=\"no\" title=\"orando em fraternidade\"><span class=\"fap-icon-play\"><\/span>Ouvir<\/span> <a class=\"baixar\" href=\"https:\/\/www.irdin.org.br\/site\/envios\/audios\/0056_0006__por_por__orando_em_fraternidade.mp3\" download=\"\">Baixar<\/a> <span class=\"textobaixar\"> orando em fraternidade<\/span><\/p>\n<p>&nbsp;<\/p>\n","protected":false},"excerpt":{"rendered":"<p>Instru\u00e7\u00f5es de Ahkiuk e Murielh sobre ora\u00e7\u00e3o: Estaremos preparados para um ciclo orante de maior profundidade? S\u00e3o necess\u00e1rios hoje, seres<\/p>\n","protected":false},"featured_media":37803,"template":"","meta":{"_acf_changed":false},"product_brand":[],"product_cat":[18076,33068],"product_tag":[40903],"class_list":{"0":"post-83801","1":"product","2":"type-product","3":"status-publish","4":"has-post-thumbnail","6":"product_cat-cddvd","7":"product_cat-palestras","8":"product_tag-40903","9":"pa_autor-madre-maria-shimani","10":"pa_autor-trigueirinho","11":"pa_codigo-da-serie-32837","12":"pa_data-de-gravacao-27376","13":"pa_idioma-de-destino-portugues","14":"pa_lancamento-no","15":"pa_midia-cd","16":"pa_moac-40902","17":"pa_quantidade-de-saldo-33067","18":"pa_sequencial-da-serie-31882","19":"pa_tipo-de-traducao-nao-classificado","21":"first","22":"outofstock","23":"product-type-simple"},"acf":[],"_links":{"self":[{"href":"https:\/\/www.irdin.org.br\/site\/wp-json\/wp\/v2\/product\/83801","targetHints":{"allow":["GET"]}}],"collection":[{"href":"https:\/\/www.irdin.org.br\/site\/wp-json\/wp\/v2\/product"}],"about":[{"href":"https:\/\/www.irdin.org.br\/site\/wp-json\/wp\/v2\/types\/product"}],"version-history":[{"count":2,"href":"https:\/\/www.irdin.org.br\/site\/wp-json\/wp\/v2\/product\/83801\/revisions"}],"predecessor-version":[{"id":109908,"href":"https:\/\/www.irdin.org.br\/site\/wp-json\/wp\/v2\/product\/83801\/revisions\/109908"}],"wp:featuredmedia":[{"embeddable":true,"href":"https:\/\/www.irdin.org.br\/site\/wp-json\/wp\/v2\/media\/37803"}],"wp:attachment":[{"href":"https:\/\/www.irdin.org.br\/site\/wp-json\/wp\/v2\/media?parent=83801"}],"wp:term":[{"taxonomy":"product_brand","embeddable":true,"href":"https:\/\/www.irdin.org.br\/site\/wp-json\/wp\/v2\/product_brand?post=83801"},{"taxonomy":"product_cat","embeddable":true,"href":"https:\/\/www.irdin.org.br\/site\/wp-json\/wp\/v2\/product_cat?post=83801"},{"taxonomy":"product_tag","embeddable":true,"href":"https:\/\/www.irdin.org.br\/site\/wp-json\/wp\/v2\/product_tag?post=83801"}],"curies":[{"name":"wp","href":"https:\/\/api.w.org\/{rel}","templated":true}]}}