{"id":83802,"date":"2018-04-26T18:27:16","date_gmt":"2018-04-26T18:27:16","guid":{"rendered":"http:\/\/www.irdin.org.br\/site\/produto\/o-fogo-no-trabalho-da-adoracao\/"},"modified":"2025-03-15T19:21:59","modified_gmt":"2025-03-15T19:21:59","slug":"o-fogo-no-trabalho-da-adoracao","status":"publish","type":"product","link":"https:\/\/www.irdin.org.br\/site\/produtos\/o-fogo-no-trabalho-da-adoracao\/","title":{"rendered":"O fogo no trabalho da adora\u00e7\u00e3o"},"content":{"rendered":"<p><em>Atrav\u00e9s da ora\u00e7\u00e3o podemos abrir espa\u00e7o para que a devo\u00e7\u00e3o acenda um fogo em n\u00f3s. Aspirar ao alto e orar s\u00e3o condi\u00e7\u00f5es para manter a chama acessa no cora\u00e7\u00e3o. Instru\u00e7\u00f5es de Samana sobre esses trabalhos.<\/em><\/p>\n<p>&nbsp;<br \/>\n<strong>Ou\u00e7a agora:<\/strong><\/p>\n<p><span data-href=\"https:\/\/www.irdin.org.br\/site\/envios\/audios\/0056_0007__por_por__o_fogo_no_trabalho_da_adoracao.mp3\" data-title=\"o fogo no trabalho da adora\u00e7\u00e3o\" data-rel=\"\" data-target=\"\" data-meta=\"#fap-meta-6a00b34fe9611\" class=\"fap-single-track fap-track-button fap-play-button\" data-enqueue=\"no\" data-autoenqueue=\"no\" title=\"o fogo no trabalho da adora\u00e7\u00e3o\"><span class=\"fap-icon-play\"><\/span>Ouvir<\/span> <a href=\"https:\/\/www.irdin.org.br\/site\/envios\/audios\/0056_0007__por_por__o_fogo_no_trabalho_da_adoracao.mp3\" class=\"baixar\" download><span class=\"fa fa-arrow-down\"><\/span>Baixar<\/span><\/a> <span class=\"textobaixar\"> o fogo no trabalho da adora\u00e7\u00e3o<\/span><\/p>\n<p>&nbsp;<\/p>\n","protected":false},"excerpt":{"rendered":"<p>Atrav\u00e9s da ora\u00e7\u00e3o podemos abrir espa\u00e7o para que a devo\u00e7\u00e3o acenda um fogo em n\u00f3s. Aspirar ao alto e orar<\/p>\n","protected":false},"featured_media":37803,"template":"","meta":{"_acf_changed":false},"product_brand":[],"product_cat":[18076,33068],"product_tag":[40905],"class_list":{"0":"post-83802","1":"product","2":"type-product","3":"status-publish","4":"has-post-thumbnail","6":"product_cat-cddvd","7":"product_cat-palestras","8":"product_tag-40905","9":"pa_autor-trigueirinho","10":"pa_codigo-da-serie-32837","11":"pa_data-de-gravacao-31596","12":"pa_idioma-de-destino-portugues","13":"pa_lancamento-no","14":"pa_midia-cd","15":"pa_moac-40904","16":"pa_quantidade-de-saldo-33067","17":"pa_sequencial-da-serie-31883","18":"pa_tipo-de-traducao-nao-classificado","20":"first","21":"outofstock","22":"product-type-simple"},"acf":[],"_links":{"self":[{"href":"https:\/\/www.irdin.org.br\/site\/wp-json\/wp\/v2\/product\/83802","targetHints":{"allow":["GET"]}}],"collection":[{"href":"https:\/\/www.irdin.org.br\/site\/wp-json\/wp\/v2\/product"}],"about":[{"href":"https:\/\/www.irdin.org.br\/site\/wp-json\/wp\/v2\/types\/product"}],"version-history":[{"count":1,"href":"https:\/\/www.irdin.org.br\/site\/wp-json\/wp\/v2\/product\/83802\/revisions"}],"predecessor-version":[{"id":108454,"href":"https:\/\/www.irdin.org.br\/site\/wp-json\/wp\/v2\/product\/83802\/revisions\/108454"}],"wp:featuredmedia":[{"embeddable":true,"href":"https:\/\/www.irdin.org.br\/site\/wp-json\/wp\/v2\/media\/37803"}],"wp:attachment":[{"href":"https:\/\/www.irdin.org.br\/site\/wp-json\/wp\/v2\/media?parent=83802"}],"wp:term":[{"taxonomy":"product_brand","embeddable":true,"href":"https:\/\/www.irdin.org.br\/site\/wp-json\/wp\/v2\/product_brand?post=83802"},{"taxonomy":"product_cat","embeddable":true,"href":"https:\/\/www.irdin.org.br\/site\/wp-json\/wp\/v2\/product_cat?post=83802"},{"taxonomy":"product_tag","embeddable":true,"href":"https:\/\/www.irdin.org.br\/site\/wp-json\/wp\/v2\/product_tag?post=83802"}],"curies":[{"name":"wp","href":"https:\/\/api.w.org\/{rel}","templated":true}]}}