{"id":83803,"date":"2018-04-26T18:27:16","date_gmt":"2018-04-26T18:27:16","guid":{"rendered":"http:\/\/www.irdin.org.br\/site\/produto\/viver-o-amor-na-oracao\/"},"modified":"2025-03-15T19:22:06","modified_gmt":"2025-03-15T19:22:06","slug":"viver-o-amor-na-oracao","status":"publish","type":"product","link":"https:\/\/www.irdin.org.br\/site\/produtos\/viver-o-amor-na-oracao\/","title":{"rendered":"Viver o amor na ora\u00e7\u00e3o"},"content":{"rendered":"<p><em>Teresa de \u00c1vila e o amor na ora\u00e7\u00e3o \/ Como se ora? \/ Os Patriarcas e as contas de repeti\u00e7\u00e3o \/ Mainhdra e os vulc\u00f5es \/ Depois de aben\u00e7oado, aben\u00e7oar \/ Magnetismo interno<\/em><\/p>\n<p>&nbsp;<br \/>\n<strong>Ou\u00e7a agora:<\/strong><\/p>\n<p><span data-href=\"https:\/\/www.irdin.org.br\/site\/envios\/audios\/0056_0008__por_por__viver_o_amor_na_oracao.mp3\" data-title=\"viver o amor na ora\u00e7\u00e3o\" data-rel=\"\" data-target=\"\" data-meta=\"#fap-meta-69e26f8174ee3\" class=\"fap-single-track fap-track-button fap-play-button\" data-enqueue=\"no\" data-autoenqueue=\"no\" title=\"viver o amor na ora\u00e7\u00e3o\"><span class=\"fap-icon-play\"><\/span>Ouvir<\/span> <a href=\"https:\/\/www.irdin.org.br\/site\/envios\/audios\/0056_0008__por_por__viver_o_amor_na_oracao.mp3\" class=\"baixar\" download><span class=\"fa fa-arrow-down\"><\/span>Baixar<\/span><\/a> <span class=\"textobaixar\"> viver o amor na ora\u00e7\u00e3o<\/span><\/p>\n<p>&nbsp;<\/p>\n","protected":false},"excerpt":{"rendered":"<p>Teresa de \u00c1vila e o amor na ora\u00e7\u00e3o \/ Como se ora? \/ Os Patriarcas e as contas de repeti\u00e7\u00e3o<\/p>\n","protected":false},"featured_media":37803,"template":"","meta":{"_acf_changed":false},"product_brand":[],"product_cat":[18076,33068],"product_tag":[40907],"class_list":{"0":"post-83803","1":"product","2":"type-product","3":"status-publish","4":"has-post-thumbnail","6":"product_cat-cddvd","7":"product_cat-palestras","8":"product_tag-40907","9":"pa_autor-trigueirinho","10":"pa_codigo-da-serie-32837","11":"pa_data-de-gravacao-30264","12":"pa_idioma-de-destino-portugues","13":"pa_lancamento-no","14":"pa_midia-cd","15":"pa_moac-40906","16":"pa_quantidade-de-saldo-33067","17":"pa_sequencial-da-serie-31888","18":"pa_tipo-de-traducao-nao-classificado","20":"first","21":"outofstock","22":"product-type-simple"},"acf":[],"_links":{"self":[{"href":"https:\/\/www.irdin.org.br\/site\/wp-json\/wp\/v2\/product\/83803","targetHints":{"allow":["GET"]}}],"collection":[{"href":"https:\/\/www.irdin.org.br\/site\/wp-json\/wp\/v2\/product"}],"about":[{"href":"https:\/\/www.irdin.org.br\/site\/wp-json\/wp\/v2\/types\/product"}],"version-history":[{"count":1,"href":"https:\/\/www.irdin.org.br\/site\/wp-json\/wp\/v2\/product\/83803\/revisions"}],"predecessor-version":[{"id":108455,"href":"https:\/\/www.irdin.org.br\/site\/wp-json\/wp\/v2\/product\/83803\/revisions\/108455"}],"wp:featuredmedia":[{"embeddable":true,"href":"https:\/\/www.irdin.org.br\/site\/wp-json\/wp\/v2\/media\/37803"}],"wp:attachment":[{"href":"https:\/\/www.irdin.org.br\/site\/wp-json\/wp\/v2\/media?parent=83803"}],"wp:term":[{"taxonomy":"product_brand","embeddable":true,"href":"https:\/\/www.irdin.org.br\/site\/wp-json\/wp\/v2\/product_brand?post=83803"},{"taxonomy":"product_cat","embeddable":true,"href":"https:\/\/www.irdin.org.br\/site\/wp-json\/wp\/v2\/product_cat?post=83803"},{"taxonomy":"product_tag","embeddable":true,"href":"https:\/\/www.irdin.org.br\/site\/wp-json\/wp\/v2\/product_tag?post=83803"}],"curies":[{"name":"wp","href":"https:\/\/api.w.org\/{rel}","templated":true}]}}