{"id":83808,"date":"2018-04-26T18:27:16","date_gmt":"2018-04-26T18:27:16","guid":{"rendered":"http:\/\/www.irdin.org.br\/site\/produto\/o-encontro-do-misterio-do-coracao\/"},"modified":"2025-03-15T19:23:50","modified_gmt":"2025-03-15T19:23:50","slug":"o-encontro-do-misterio-do-coracao","status":"publish","type":"product","link":"https:\/\/www.irdin.org.br\/site\/produtos\/o-encontro-do-misterio-do-coracao\/","title":{"rendered":"O encontro do mist\u00e9rio do cora\u00e7\u00e3o"},"content":{"rendered":"<p><em>A luz dos Padres do Deserto e a sabedoria de S\u00e3o Jo\u00e3o da Cruz \/ Como encontrar a ora\u00e7\u00e3o do pr\u00f3prio cora\u00e7\u00e3o \/ O lugar no nosso ser onde a ora\u00e7\u00e3o j\u00e1 existe \/ Quando o cora\u00e7\u00e3o ora, sentimos Deus dentro de n\u00f3s \/ Nossa prepara\u00e7\u00e3o para o sil\u00eancio \/ Orar verdadeiramente \u00e9 n\u00e3o orar para si<\/em><\/p>\n<p>&nbsp;<br \/>\n<strong>Ou\u00e7a agora:<\/strong><\/p>\n<p><span data-href=\"https:\/\/www.irdin.org.br\/site\/envios\/audios\/0056_0013__por_por__o_encontro_do_misterio_do_coracao.mp3\" data-title=\"o encontro do mist\u00e9rio do cora\u00e7\u00e3o\" data-rel=\"\" data-target=\"\" data-meta=\"#fap-meta-69e21c9fb492d\" class=\"fap-single-track fap-track-button fap-play-button\" data-enqueue=\"no\" data-autoenqueue=\"no\" title=\"o encontro do mist\u00e9rio do cora\u00e7\u00e3o\"><span class=\"fap-icon-play\"><\/span>Ouvir<\/span> <a href=\"https:\/\/www.irdin.org.br\/site\/envios\/audios\/0056_0013__por_por__o_encontro_do_misterio_do_coracao.mp3\" class=\"baixar\" download><span class=\"fa fa-arrow-down\"><\/span>Baixar<\/span><\/a> <span class=\"textobaixar\"> o encontro do mist\u00e9rio do cora\u00e7\u00e3o<\/span><\/p>\n<p>&nbsp;<\/p>\n","protected":false},"excerpt":{"rendered":"<p>A luz dos Padres do Deserto e a sabedoria de S\u00e3o Jo\u00e3o da Cruz \/ Como encontrar a ora\u00e7\u00e3o do<\/p>\n","protected":false},"featured_media":37803,"template":"","meta":{"_acf_changed":false},"product_brand":[],"product_cat":[18076,33068],"product_tag":[40917],"class_list":{"0":"post-83808","1":"product","2":"type-product","3":"status-publish","4":"has-post-thumbnail","6":"product_cat-cddvd","7":"product_cat-palestras","8":"product_tag-40917","9":"pa_autor-trigueirinho","10":"pa_codigo-da-serie-32837","11":"pa_data-de-gravacao-31619","12":"pa_idioma-de-destino-portugues","13":"pa_lancamento-no","14":"pa_midia-cd","15":"pa_moac-40916","16":"pa_quantidade-de-saldo-33067","17":"pa_sequencial-da-serie-31895","18":"pa_tipo-de-traducao-nao-classificado","20":"first","21":"outofstock","22":"product-type-simple"},"acf":[],"_links":{"self":[{"href":"https:\/\/www.irdin.org.br\/site\/wp-json\/wp\/v2\/product\/83808","targetHints":{"allow":["GET"]}}],"collection":[{"href":"https:\/\/www.irdin.org.br\/site\/wp-json\/wp\/v2\/product"}],"about":[{"href":"https:\/\/www.irdin.org.br\/site\/wp-json\/wp\/v2\/types\/product"}],"version-history":[{"count":1,"href":"https:\/\/www.irdin.org.br\/site\/wp-json\/wp\/v2\/product\/83808\/revisions"}],"predecessor-version":[{"id":108460,"href":"https:\/\/www.irdin.org.br\/site\/wp-json\/wp\/v2\/product\/83808\/revisions\/108460"}],"wp:featuredmedia":[{"embeddable":true,"href":"https:\/\/www.irdin.org.br\/site\/wp-json\/wp\/v2\/media\/37803"}],"wp:attachment":[{"href":"https:\/\/www.irdin.org.br\/site\/wp-json\/wp\/v2\/media?parent=83808"}],"wp:term":[{"taxonomy":"product_brand","embeddable":true,"href":"https:\/\/www.irdin.org.br\/site\/wp-json\/wp\/v2\/product_brand?post=83808"},{"taxonomy":"product_cat","embeddable":true,"href":"https:\/\/www.irdin.org.br\/site\/wp-json\/wp\/v2\/product_cat?post=83808"},{"taxonomy":"product_tag","embeddable":true,"href":"https:\/\/www.irdin.org.br\/site\/wp-json\/wp\/v2\/product_tag?post=83808"}],"curies":[{"name":"wp","href":"https:\/\/api.w.org\/{rel}","templated":true}]}}