{"id":83812,"date":"2018-04-26T18:27:16","date_gmt":"2018-04-26T18:27:16","guid":{"rendered":"http:\/\/www.irdin.org.br\/site\/produto\/a-arte-de-viver-nos-tempos-atuais-palestra-em-buenos-aires\/"},"modified":"2025-03-15T19:24:23","modified_gmt":"2025-03-15T19:24:23","slug":"a-arte-de-viver-nos-tempos-atuais-palestra-em-buenos-aires","status":"publish","type":"product","link":"https:\/\/www.irdin.org.br\/site\/produtos\/a-arte-de-viver-nos-tempos-atuais-palestra-em-buenos-aires\/","title":{"rendered":"A arte de viver nos tempos atuais &#8211; palestra em Buenos Aires"},"content":{"rendered":"<p><em>\u00c9 na superf\u00edcie da vida que o caos vem agravando-se. Quem procura contatar o interior do pr\u00f3prio ser vai percebendo a eternidade dentro de si e, assim, ajuda a criar um mundo novo.<\/em><\/p>\n<p>&nbsp;<br \/>\n<strong>Ou\u00e7a agora:<\/strong><\/p>\n<p><span data-href=\"https:\/\/www.irdin.org.br\/site\/envios\/audios\/0059_0003__por_por__a_arte_de_viver_nos_tempos_atuais_palestra_em_buenos_aires.mp3\" data-title=\"a arte de viver nos tempos atuais - palestra em buenos aires\" data-rel=\"\" data-target=\"\" data-meta=\"#fap-meta-69fef2a4bb9f6\" class=\"fap-single-track fap-track-button fap-play-button\" data-enqueue=\"no\" data-autoenqueue=\"no\" title=\"a arte de viver nos tempos atuais - palestra em buenos aires\"><span class=\"fap-icon-play\"><\/span>Ouvir<\/span> <a href=\"https:\/\/www.irdin.org.br\/site\/envios\/audios\/0059_0003__por_por__a_arte_de_viver_nos_tempos_atuais_palestra_em_buenos_aires.mp3\" class=\"baixar\" download><span class=\"fa fa-arrow-down\"><\/span>Baixar<\/span><\/a> <span class=\"textobaixar\"> a arte de viver nos tempos atuais &#8211; palestra em buenos aires<\/span><\/p>\n<p>&nbsp;<\/p>\n","protected":false},"excerpt":{"rendered":"<p>\u00c9 na superf\u00edcie da vida que o caos vem agravando-se. Quem procura contatar o interior do pr\u00f3prio ser vai percebendo<\/p>\n","protected":false},"featured_media":37803,"template":"","meta":{"_acf_changed":false},"product_brand":[],"product_cat":[18076,33068],"product_tag":[40925],"class_list":{"0":"post-83812","1":"product","2":"type-product","3":"status-publish","4":"has-post-thumbnail","6":"product_cat-cddvd","7":"product_cat-palestras","8":"product_tag-40925","9":"pa_autor-trigueirinho","10":"pa_codigo-da-serie-32841","11":"pa_codigo-externo-00590003porcd","12":"pa_data-de-gravacao-31694","13":"pa_duracao-1h11min","14":"pa_idioma-de-destino-portugues","15":"pa_idioma-de-origem-portugues","16":"pa_lancamento-no","17":"pa_midia-cd","18":"pa_moac-40924","19":"pa_quantidade-de-saldo-33067","20":"pa_sequencial-da-serie-31879","21":"pa_tipo-de-traducao-nao-classificado","23":"first","24":"outofstock","25":"product-type-simple"},"acf":[],"_links":{"self":[{"href":"https:\/\/www.irdin.org.br\/site\/wp-json\/wp\/v2\/product\/83812","targetHints":{"allow":["GET"]}}],"collection":[{"href":"https:\/\/www.irdin.org.br\/site\/wp-json\/wp\/v2\/product"}],"about":[{"href":"https:\/\/www.irdin.org.br\/site\/wp-json\/wp\/v2\/types\/product"}],"version-history":[{"count":1,"href":"https:\/\/www.irdin.org.br\/site\/wp-json\/wp\/v2\/product\/83812\/revisions"}],"predecessor-version":[{"id":108464,"href":"https:\/\/www.irdin.org.br\/site\/wp-json\/wp\/v2\/product\/83812\/revisions\/108464"}],"wp:featuredmedia":[{"embeddable":true,"href":"https:\/\/www.irdin.org.br\/site\/wp-json\/wp\/v2\/media\/37803"}],"wp:attachment":[{"href":"https:\/\/www.irdin.org.br\/site\/wp-json\/wp\/v2\/media?parent=83812"}],"wp:term":[{"taxonomy":"product_brand","embeddable":true,"href":"https:\/\/www.irdin.org.br\/site\/wp-json\/wp\/v2\/product_brand?post=83812"},{"taxonomy":"product_cat","embeddable":true,"href":"https:\/\/www.irdin.org.br\/site\/wp-json\/wp\/v2\/product_cat?post=83812"},{"taxonomy":"product_tag","embeddable":true,"href":"https:\/\/www.irdin.org.br\/site\/wp-json\/wp\/v2\/product_tag?post=83812"}],"curies":[{"name":"wp","href":"https:\/\/api.w.org\/{rel}","templated":true}]}}