{"id":83815,"date":"2018-04-26T18:27:16","date_gmt":"2018-04-26T18:27:16","guid":{"rendered":"http:\/\/www.irdin.org.br\/site\/produto\/novos-sinais-de-alarme\/"},"modified":"2025-03-15T19:24:54","modified_gmt":"2025-03-15T19:24:54","slug":"novos-sinais-de-alarme","status":"publish","type":"product","link":"https:\/\/www.irdin.org.br\/site\/produtos\/novos-sinais-de-alarme\/","title":{"rendered":"Novos sinais de alarme"},"content":{"rendered":"<p><em>Grandes crises mundiais se avizinham: da \u00e1gua, dos alimentos, da energia&#8230; Mais do que nunca \u00e9 preciso redobrar nosso trabalho interno e ativar a luz interior, pois o chamado se dirige aos que t\u00eam condi\u00e7\u00f5es de escut\u00e1-lo.<\/em><\/p>\n<p>&nbsp;<br \/>\n<strong>Ou\u00e7a agora:<\/strong><\/p>\n<p><span data-href=\"https:\/\/www.irdin.org.br\/site\/envios\/audios\/0059_0005__por_por__novos_sinais_de_alarme.mp3\" data-title=\"novos sinais de alarme\" data-rel=\"\" data-target=\"\" data-meta=\"#fap-meta-69f1b1723c4b0\" class=\"fap-single-track fap-track-button fap-play-button\" data-enqueue=\"no\" data-autoenqueue=\"no\" title=\"novos sinais de alarme\"><span class=\"fap-icon-play\"><\/span>Ouvir<\/span> <a href=\"https:\/\/www.irdin.org.br\/site\/envios\/audios\/0059_0005__por_por__novos_sinais_de_alarme.mp3\" class=\"baixar\" download><span class=\"fa fa-arrow-down\"><\/span>Baixar<\/span><\/a> <span class=\"textobaixar\"> novos sinais de alarme<\/span><\/p>\n<p>&nbsp;<\/p>\n","protected":false},"excerpt":{"rendered":"<p>Grandes crises mundiais se avizinham: da \u00e1gua, dos alimentos, da energia&#8230; Mais do que nunca \u00e9 preciso redobrar nosso trabalho<\/p>\n","protected":false},"featured_media":37803,"template":"","meta":{"_acf_changed":false},"product_brand":[],"product_cat":[18076,33068],"product_tag":[40931],"class_list":{"0":"post-83815","1":"product","2":"type-product","3":"status-publish","4":"has-post-thumbnail","6":"product_cat-cddvd","7":"product_cat-palestras","8":"product_tag-40931","9":"pa_autor-trigueirinho","10":"pa_codigo-da-serie-32841","11":"pa_codigo-externo-00590005porcd","12":"pa_data-de-gravacao-29304","13":"pa_duracao-38min","14":"pa_idioma-de-destino-portugues","15":"pa_idioma-de-origem-portugues","16":"pa_lancamento-no","17":"pa_midia-cd","18":"pa_moac-40930","19":"pa_quantidade-de-saldo-33067","20":"pa_sequencial-da-serie-31881","21":"pa_tipo-de-traducao-nao-classificado","23":"first","24":"outofstock","25":"product-type-simple"},"acf":[],"_links":{"self":[{"href":"https:\/\/www.irdin.org.br\/site\/wp-json\/wp\/v2\/product\/83815","targetHints":{"allow":["GET"]}}],"collection":[{"href":"https:\/\/www.irdin.org.br\/site\/wp-json\/wp\/v2\/product"}],"about":[{"href":"https:\/\/www.irdin.org.br\/site\/wp-json\/wp\/v2\/types\/product"}],"version-history":[{"count":1,"href":"https:\/\/www.irdin.org.br\/site\/wp-json\/wp\/v2\/product\/83815\/revisions"}],"predecessor-version":[{"id":108467,"href":"https:\/\/www.irdin.org.br\/site\/wp-json\/wp\/v2\/product\/83815\/revisions\/108467"}],"wp:featuredmedia":[{"embeddable":true,"href":"https:\/\/www.irdin.org.br\/site\/wp-json\/wp\/v2\/media\/37803"}],"wp:attachment":[{"href":"https:\/\/www.irdin.org.br\/site\/wp-json\/wp\/v2\/media?parent=83815"}],"wp:term":[{"taxonomy":"product_brand","embeddable":true,"href":"https:\/\/www.irdin.org.br\/site\/wp-json\/wp\/v2\/product_brand?post=83815"},{"taxonomy":"product_cat","embeddable":true,"href":"https:\/\/www.irdin.org.br\/site\/wp-json\/wp\/v2\/product_cat?post=83815"},{"taxonomy":"product_tag","embeddable":true,"href":"https:\/\/www.irdin.org.br\/site\/wp-json\/wp\/v2\/product_tag?post=83815"}],"curies":[{"name":"wp","href":"https:\/\/api.w.org\/{rel}","templated":true}]}}