{"id":83817,"date":"2018-04-26T18:27:16","date_gmt":"2018-04-26T18:27:16","guid":{"rendered":"http:\/\/www.irdin.org.br\/site\/produto\/a-arte-de-viver-nos-tempos-atuais-palestra-em-belo-horizonte-2a-parte\/"},"modified":"2025-03-15T19:25:12","modified_gmt":"2025-03-15T19:25:12","slug":"a-arte-de-viver-nos-tempos-atuais-palestra-em-belo-horizonte-2a-parte","status":"publish","type":"product","link":"https:\/\/www.irdin.org.br\/site\/produtos\/a-arte-de-viver-nos-tempos-atuais-palestra-em-belo-horizonte-2a-parte\/","title":{"rendered":"A arte de viver nos tempos atuais &#8211; palestra em Belo Horizonte &#8211; 2\u00aa parte"},"content":{"rendered":"<p><em>Consci\u00eancias imateriais conduzem o processo de resgate da humanidade e a reestrutura\u00e7\u00e3o da Terra. Podemos conhec\u00ea-las voltando-nos para o nosso interior. A part\u00edcula c\u00f3smica cr\u00edstica em cada um de n\u00f3s deve ent\u00e3o despertar.<\/em><\/p>\n<p>&nbsp;<br \/>\n<strong>Ou\u00e7a agora:<\/strong><\/p>\n<p><span data-href=\"https:\/\/www.irdin.org.br\/site\/envios\/audios\/0059_0007__por_por__a_arte_de_viver_nos_tempos_atuais_palestra_em_belo_horizonte_2_parte.mp3\" data-title=\"a arte de viver nos tempos atuais - palestra em belo horizonte - 2\u00aa parte\" data-rel=\"\" data-target=\"\" data-meta=\"#fap-meta-69e4fc8fddf05\" class=\"fap-single-track fap-track-button fap-play-button\" data-enqueue=\"no\" data-autoenqueue=\"no\" title=\"a arte de viver nos tempos atuais - palestra em belo horizonte - 2\u00aa parte\"><span class=\"fap-icon-play\"><\/span>Ouvir<\/span> <a href=\"https:\/\/www.irdin.org.br\/site\/envios\/audios\/0059_0007__por_por__a_arte_de_viver_nos_tempos_atuais_palestra_em_belo_horizonte_2_parte.mp3\" class=\"baixar\" download><span class=\"fa fa-arrow-down\"><\/span>Baixar<\/span><\/a> <span class=\"textobaixar\"> a arte de viver nos tempos atuais &#8211; palestra em belo horizonte &#8211; 2\u00aa parte<\/span><\/p>\n<p>&nbsp;<\/p>\n","protected":false},"excerpt":{"rendered":"<p>Consci\u00eancias imateriais conduzem o processo de resgate da humanidade e a reestrutura\u00e7\u00e3o da Terra. Podemos conhec\u00ea-las voltando-nos para o nosso<\/p>\n","protected":false},"featured_media":37803,"template":"","meta":{"_acf_changed":false},"product_brand":[],"product_cat":[18076,33068],"product_tag":[40935],"class_list":{"0":"post-83817","1":"product","2":"type-product","3":"status-publish","4":"has-post-thumbnail","6":"product_cat-cddvd","7":"product_cat-palestras","8":"product_tag-40935","9":"pa_autor-trigueirinho","10":"pa_codigo-da-serie-32841","11":"pa_data-de-gravacao-31704","12":"pa_idioma-de-destino-portugues","13":"pa_lancamento-no","14":"pa_midia-cd","15":"pa_moac-40934","16":"pa_quantidade-de-saldo-33067","17":"pa_sequencial-da-serie-31883","18":"pa_tipo-de-traducao-nao-classificado","20":"first","21":"outofstock","22":"product-type-simple"},"acf":[],"_links":{"self":[{"href":"https:\/\/www.irdin.org.br\/site\/wp-json\/wp\/v2\/product\/83817","targetHints":{"allow":["GET"]}}],"collection":[{"href":"https:\/\/www.irdin.org.br\/site\/wp-json\/wp\/v2\/product"}],"about":[{"href":"https:\/\/www.irdin.org.br\/site\/wp-json\/wp\/v2\/types\/product"}],"version-history":[{"count":1,"href":"https:\/\/www.irdin.org.br\/site\/wp-json\/wp\/v2\/product\/83817\/revisions"}],"predecessor-version":[{"id":108469,"href":"https:\/\/www.irdin.org.br\/site\/wp-json\/wp\/v2\/product\/83817\/revisions\/108469"}],"wp:featuredmedia":[{"embeddable":true,"href":"https:\/\/www.irdin.org.br\/site\/wp-json\/wp\/v2\/media\/37803"}],"wp:attachment":[{"href":"https:\/\/www.irdin.org.br\/site\/wp-json\/wp\/v2\/media?parent=83817"}],"wp:term":[{"taxonomy":"product_brand","embeddable":true,"href":"https:\/\/www.irdin.org.br\/site\/wp-json\/wp\/v2\/product_brand?post=83817"},{"taxonomy":"product_cat","embeddable":true,"href":"https:\/\/www.irdin.org.br\/site\/wp-json\/wp\/v2\/product_cat?post=83817"},{"taxonomy":"product_tag","embeddable":true,"href":"https:\/\/www.irdin.org.br\/site\/wp-json\/wp\/v2\/product_tag?post=83817"}],"curies":[{"name":"wp","href":"https:\/\/api.w.org\/{rel}","templated":true}]}}