{"id":83828,"date":"2018-04-26T18:27:36","date_gmt":"2018-04-26T18:27:36","guid":{"rendered":"http:\/\/www.irdin.org.br\/site\/produto\/impressoes-de-sarumah-sobre-estes-tempos\/"},"modified":"2025-03-15T19:19:44","modified_gmt":"2025-03-15T19:19:44","slug":"impressoes-de-sarumah-sobre-estes-tempos","status":"publish","type":"product","link":"https:\/\/www.irdin.org.br\/site\/produtos\/impressoes-de-sarumah-sobre-estes-tempos\/","title":{"rendered":"Impress\u00f5es de Sarumah sobre estes tempos"},"content":{"rendered":"<p><em>Estamos em tempos de decis\u00e3o. Atravessamos a ponte que nos liga ao Tempo Real do Universo, a uma consci\u00eancia ampla e verdadeira. Oportunidades nos s\u00e3o ofertadas pela Miseric\u00f3rdia C\u00f3smica. Aceitamos?<\/em><\/p>\n<p>&nbsp;<br \/>\n<strong>Ou\u00e7a agora:<\/strong><\/p>\n<p><span data-href=\"https:\/\/www.irdin.org.br\/site\/envios\/audios\/0059_0018__por_por__impressoes_de_sarumah_sobre_estes_tempos.mp3\" data-title=\"impress\u00f5es de sarumah sobre estes tempos\" data-rel=\"\" data-target=\"\" data-meta=\"#fap-meta-69e383d81c003\" class=\"fap-single-track fap-track-button fap-play-button\" data-enqueue=\"no\" data-autoenqueue=\"no\" title=\"impress\u00f5es de sarumah sobre estes tempos\"><span class=\"fap-icon-play\"><\/span>Ouvir<\/span> <a href=\"https:\/\/www.irdin.org.br\/site\/envios\/audios\/0059_0018__por_por__impressoes_de_sarumah_sobre_estes_tempos.mp3\" class=\"baixar\" download><span class=\"fa fa-arrow-down\"><\/span>Baixar<\/span><\/a> <span class=\"textobaixar\"> impress\u00f5es de sarumah sobre estes tempos<\/span><\/p>\n<p>&nbsp;<\/p>\n","protected":false},"excerpt":{"rendered":"<p>Estamos em tempos de decis\u00e3o. Atravessamos a ponte que nos liga ao Tempo Real do Universo, a uma consci\u00eancia ampla<\/p>\n","protected":false},"featured_media":37803,"template":"","meta":{"_acf_changed":false},"product_brand":[],"product_cat":[18076,33068],"product_tag":[40957],"class_list":{"0":"post-83828","1":"product","2":"type-product","3":"status-publish","4":"has-post-thumbnail","6":"product_cat-cddvd","7":"product_cat-palestras","8":"product_tag-40957","9":"pa_autor-trigueirinho","10":"pa_codigo-da-serie-32841","11":"pa_data-de-gravacao-26602","12":"pa_idioma-de-destino-portugues","13":"pa_lancamento-no","14":"pa_midia-cd","15":"pa_moac-40956","16":"pa_quantidade-de-saldo-33067","17":"pa_sequencial-da-serie-31871","18":"pa_tipo-de-traducao-nao-classificado","20":"first","21":"outofstock","22":"product-type-simple"},"acf":[],"_links":{"self":[{"href":"https:\/\/www.irdin.org.br\/site\/wp-json\/wp\/v2\/product\/83828","targetHints":{"allow":["GET"]}}],"collection":[{"href":"https:\/\/www.irdin.org.br\/site\/wp-json\/wp\/v2\/product"}],"about":[{"href":"https:\/\/www.irdin.org.br\/site\/wp-json\/wp\/v2\/types\/product"}],"version-history":[{"count":1,"href":"https:\/\/www.irdin.org.br\/site\/wp-json\/wp\/v2\/product\/83828\/revisions"}],"predecessor-version":[{"id":108440,"href":"https:\/\/www.irdin.org.br\/site\/wp-json\/wp\/v2\/product\/83828\/revisions\/108440"}],"wp:featuredmedia":[{"embeddable":true,"href":"https:\/\/www.irdin.org.br\/site\/wp-json\/wp\/v2\/media\/37803"}],"wp:attachment":[{"href":"https:\/\/www.irdin.org.br\/site\/wp-json\/wp\/v2\/media?parent=83828"}],"wp:term":[{"taxonomy":"product_brand","embeddable":true,"href":"https:\/\/www.irdin.org.br\/site\/wp-json\/wp\/v2\/product_brand?post=83828"},{"taxonomy":"product_cat","embeddable":true,"href":"https:\/\/www.irdin.org.br\/site\/wp-json\/wp\/v2\/product_cat?post=83828"},{"taxonomy":"product_tag","embeddable":true,"href":"https:\/\/www.irdin.org.br\/site\/wp-json\/wp\/v2\/product_tag?post=83828"}],"curies":[{"name":"wp","href":"https:\/\/api.w.org\/{rel}","templated":true}]}}