{"id":83831,"date":"2018-04-26T18:27:36","date_gmt":"2018-04-26T18:27:36","guid":{"rendered":"http:\/\/www.irdin.org.br\/site\/produto\/emergencias\/"},"modified":"2025-03-15T19:20:20","modified_gmt":"2025-03-15T19:20:20","slug":"emergencias","status":"publish","type":"product","link":"https:\/\/www.irdin.org.br\/site\/produtos\/emergencias\/","title":{"rendered":"Emerg\u00eancias"},"content":{"rendered":"<p><em>Entre outros temas: Instru\u00e7\u00e3o para os tempos de emerg\u00eancia \/ A presen\u00e7a das Hierarquias agora \/ Plano para a humanidade do Planeta \/ As Hierarquias e as manifesta\u00e7\u00f5es solares \/ Opera\u00e7\u00e3o celeste de salvamento \/ Nossa conex\u00e3o consciente com a Hierarquia \/ Transmiss\u00e3o de informa\u00e7\u00f5es de Hierarquias Confederadas<\/em><\/p>\n<p>&nbsp;<br \/>\n<strong>Ou\u00e7a agora:<\/strong><\/p>\n<p><span data-href=\"https:\/\/www.irdin.org.br\/site\/envios\/audios\/0059_0021__por_por__emergencias.mp3\" data-title=\"emerg\u00eancias\" data-rel=\"\" data-target=\"\" data-meta=\"#fap-meta-69e5e13061dff\" class=\"fap-single-track fap-track-button fap-play-button\" data-enqueue=\"no\" data-autoenqueue=\"no\" title=\"emerg\u00eancias\"><span class=\"fap-icon-play\"><\/span>Ouvir<\/span> <a href=\"https:\/\/www.irdin.org.br\/site\/envios\/audios\/0059_0021__por_por__emergencias.mp3\" class=\"baixar\"><span class=\"fa fa-arrow-down\"><\/span>Baixar<\/span><\/a> <span class=\"textobaixar\"> emerg\u00eancias<\/span><\/p>\n<p>&nbsp;<\/p>\n","protected":false},"excerpt":{"rendered":"<p>Entre outros temas: Instru\u00e7\u00e3o para os tempos de emerg\u00eancia \/ A presen\u00e7a das Hierarquias agora \/ Plano para a humanidade<\/p>\n","protected":false},"featured_media":37803,"template":"","meta":{"_acf_changed":false},"product_brand":[],"product_cat":[18076,33068],"product_tag":[40963],"class_list":{"0":"post-83831","1":"product","2":"type-product","3":"status-publish","4":"has-post-thumbnail","6":"product_cat-cddvd","7":"product_cat-palestras","8":"product_tag-40963","9":"pa_autor-trigueirinho","10":"pa_codigo-da-serie-32841","11":"pa_data-de-gravacao-31751","12":"pa_idioma-de-destino-portugues","13":"pa_lancamento-no","14":"pa_midia-cd","15":"pa_moac-40962","16":"pa_quantidade-de-saldo-33067","17":"pa_sequencial-da-serie-31874","18":"pa_tipo-de-traducao-nao-classificado","20":"first","21":"outofstock","22":"product-type-simple"},"acf":[],"_links":{"self":[{"href":"https:\/\/www.irdin.org.br\/site\/wp-json\/wp\/v2\/product\/83831","targetHints":{"allow":["GET"]}}],"collection":[{"href":"https:\/\/www.irdin.org.br\/site\/wp-json\/wp\/v2\/product"}],"about":[{"href":"https:\/\/www.irdin.org.br\/site\/wp-json\/wp\/v2\/types\/product"}],"version-history":[{"count":1,"href":"https:\/\/www.irdin.org.br\/site\/wp-json\/wp\/v2\/product\/83831\/revisions"}],"predecessor-version":[{"id":108443,"href":"https:\/\/www.irdin.org.br\/site\/wp-json\/wp\/v2\/product\/83831\/revisions\/108443"}],"wp:featuredmedia":[{"embeddable":true,"href":"https:\/\/www.irdin.org.br\/site\/wp-json\/wp\/v2\/media\/37803"}],"wp:attachment":[{"href":"https:\/\/www.irdin.org.br\/site\/wp-json\/wp\/v2\/media?parent=83831"}],"wp:term":[{"taxonomy":"product_brand","embeddable":true,"href":"https:\/\/www.irdin.org.br\/site\/wp-json\/wp\/v2\/product_brand?post=83831"},{"taxonomy":"product_cat","embeddable":true,"href":"https:\/\/www.irdin.org.br\/site\/wp-json\/wp\/v2\/product_cat?post=83831"},{"taxonomy":"product_tag","embeddable":true,"href":"https:\/\/www.irdin.org.br\/site\/wp-json\/wp\/v2\/product_tag?post=83831"}],"curies":[{"name":"wp","href":"https:\/\/api.w.org\/{rel}","templated":true}]}}