{"id":83833,"date":"2018-04-26T18:27:36","date_gmt":"2018-04-26T18:27:36","guid":{"rendered":"http:\/\/www.irdin.org.br\/site\/produto\/consciencia-indigena\/"},"modified":"2025-03-15T19:20:37","modified_gmt":"2025-03-15T19:20:37","slug":"consciencia-indigena","status":"publish","type":"product","link":"https:\/\/www.irdin.org.br\/site\/produtos\/consciencia-indigena\/","title":{"rendered":"Consci\u00eancia ind\u00edgena"},"content":{"rendered":"<p><em>A consci\u00eancia ind\u00edgena percebe o mundo e o universo pelo cora\u00e7\u00e3o. \u00c9 um setor da consci\u00eancia planet\u00e1ria com fun\u00e7\u00f5es espec\u00edficas na evolu\u00e7\u00e3o da humanidade. Estimula-nos \u00e0 intui\u00e7\u00e3o, ao contato com centros intraterrenos, \u00e0 transcend\u00eancia do estado terrestre. Abre-nos, hoje, novos caminhos.<\/em><\/p>\n<p>&nbsp;<br \/>\n<strong>Ou\u00e7a agora:<\/strong><\/p>\n<p><span data-href=\"https:\/\/www.irdin.org.br\/site\/envios\/audios\/0060_0001__por_por__consciencia_indigena.mp3\" data-title=\"consci\u00eancia ind\u00edgena\" data-rel=\"\" data-target=\"\" data-meta=\"#fap-meta-69e597b198621\" class=\"fap-single-track fap-track-button fap-play-button\" data-enqueue=\"no\" data-autoenqueue=\"no\" title=\"consci\u00eancia ind\u00edgena\"><span class=\"fap-icon-play\"><\/span>Ouvir<\/span> <a href=\"https:\/\/www.irdin.org.br\/site\/envios\/audios\/0060_0001__por_por__consciencia_indigena.mp3\" class=\"baixar\" download><span class=\"fa fa-arrow-down\"><\/span>Baixar<\/span><\/a> <span class=\"textobaixar\"> consci\u00eancia ind\u00edgena<\/span><\/p>\n<p>&nbsp;<\/p>\n","protected":false},"excerpt":{"rendered":"<p>A consci\u00eancia ind\u00edgena percebe o mundo e o universo pelo cora\u00e7\u00e3o. \u00c9 um setor da consci\u00eancia planet\u00e1ria com fun\u00e7\u00f5es espec\u00edficas<\/p>\n","protected":false},"featured_media":37803,"template":"","meta":{"_acf_changed":false},"product_brand":[],"product_cat":[18076,33068],"product_tag":[40967],"class_list":{"0":"post-83833","1":"product","2":"type-product","3":"status-publish","4":"has-post-thumbnail","6":"product_cat-cddvd","7":"product_cat-palestras","8":"product_tag-40967","9":"pa_autor-trigueirinho","10":"pa_codigo-da-serie-32842","11":"pa_data-de-gravacao-31757","12":"pa_idioma-de-destino-portugues","13":"pa_lancamento-no","14":"pa_midia-cd","15":"pa_moac-40966","16":"pa_quantidade-de-saldo-33067","17":"pa_sequencial-da-serie-31877","18":"pa_tipo-de-traducao-nao-classificado","20":"first","21":"outofstock","22":"product-type-simple"},"acf":[],"_links":{"self":[{"href":"https:\/\/www.irdin.org.br\/site\/wp-json\/wp\/v2\/product\/83833","targetHints":{"allow":["GET"]}}],"collection":[{"href":"https:\/\/www.irdin.org.br\/site\/wp-json\/wp\/v2\/product"}],"about":[{"href":"https:\/\/www.irdin.org.br\/site\/wp-json\/wp\/v2\/types\/product"}],"version-history":[{"count":1,"href":"https:\/\/www.irdin.org.br\/site\/wp-json\/wp\/v2\/product\/83833\/revisions"}],"predecessor-version":[{"id":108445,"href":"https:\/\/www.irdin.org.br\/site\/wp-json\/wp\/v2\/product\/83833\/revisions\/108445"}],"wp:featuredmedia":[{"embeddable":true,"href":"https:\/\/www.irdin.org.br\/site\/wp-json\/wp\/v2\/media\/37803"}],"wp:attachment":[{"href":"https:\/\/www.irdin.org.br\/site\/wp-json\/wp\/v2\/media?parent=83833"}],"wp:term":[{"taxonomy":"product_brand","embeddable":true,"href":"https:\/\/www.irdin.org.br\/site\/wp-json\/wp\/v2\/product_brand?post=83833"},{"taxonomy":"product_cat","embeddable":true,"href":"https:\/\/www.irdin.org.br\/site\/wp-json\/wp\/v2\/product_cat?post=83833"},{"taxonomy":"product_tag","embeddable":true,"href":"https:\/\/www.irdin.org.br\/site\/wp-json\/wp\/v2\/product_tag?post=83833"}],"curies":[{"name":"wp","href":"https:\/\/api.w.org\/{rel}","templated":true}]}}