{"id":83835,"date":"2018-04-26T18:27:36","date_gmt":"2018-04-26T18:27:36","guid":{"rendered":"http:\/\/www.irdin.org.br\/site\/produto\/ensinamentos-nas-escolas-internas\/"},"modified":"2025-03-15T19:20:51","modified_gmt":"2025-03-15T19:20:51","slug":"ensinamentos-nas-escolas-internas","status":"publish","type":"product","link":"https:\/\/www.irdin.org.br\/site\/produtos\/ensinamentos-nas-escolas-internas\/","title":{"rendered":"Ensinamentos nas Escolas Internas"},"content":{"rendered":"<p><em>Grupos de almas se re\u00fanem nos planos internos para receber instru\u00e7\u00f5es, enquanto Escolas Internas transmitem ensinamentos de n\u00edvel superior a m\u00f4nadas e regentes de elevado grau evolutivo. Trabalham em esferas extraplanet\u00e1rias. Estamos receptivos a tantas ajudas hoje dispon\u00edveis?<\/em><\/p>\n<p>&nbsp;<br \/>\n<strong>Ou\u00e7a agora:<\/strong><\/p>\n<p><span data-href=\"https:\/\/www.irdin.org.br\/site\/envios\/audios\/0060_0004__por_por__ensinamentos_nas_escolas_internas.mp3\" data-title=\"ensinamentos nas escolas internas\" data-rel=\"\" data-target=\"\" data-meta=\"#fap-meta-69e37e00df98e\" class=\"fap-single-track fap-track-button fap-play-button\" data-enqueue=\"no\" data-autoenqueue=\"no\" title=\"ensinamentos nas escolas internas\"><span class=\"fap-icon-play\"><\/span>Ouvir<\/span> <a href=\"https:\/\/www.irdin.org.br\/site\/envios\/audios\/0060_0004__por_por__ensinamentos_nas_escolas_internas.mp3\" class=\"baixar\" download><span class=\"fa fa-arrow-down\"><\/span>Baixar<\/span><\/a> <span class=\"textobaixar\"> ensinamentos nas escolas internas<\/span><\/p>\n<p>&nbsp;<\/p>\n","protected":false},"excerpt":{"rendered":"<p>Grupos de almas se re\u00fanem nos planos internos para receber instru\u00e7\u00f5es, enquanto Escolas Internas transmitem ensinamentos de n\u00edvel superior a<\/p>\n","protected":false},"featured_media":37803,"template":"","meta":{"_acf_changed":false},"product_brand":[],"product_cat":[18076,33068],"product_tag":[40971],"class_list":{"0":"post-83835","1":"product","2":"type-product","3":"status-publish","4":"has-post-thumbnail","6":"product_cat-cddvd","7":"product_cat-palestras","8":"product_tag-40971","9":"pa_autor-trigueirinho","10":"pa_codigo-da-serie-32842","11":"pa_data-de-gravacao-31763","12":"pa_idioma-de-destino-portugues","13":"pa_lancamento-no","14":"pa_midia-cd","15":"pa_moac-40970","16":"pa_quantidade-de-saldo-33067","17":"pa_sequencial-da-serie-31880","18":"pa_tipo-de-traducao-nao-classificado","20":"first","21":"outofstock","22":"product-type-simple"},"acf":[],"_links":{"self":[{"href":"https:\/\/www.irdin.org.br\/site\/wp-json\/wp\/v2\/product\/83835","targetHints":{"allow":["GET"]}}],"collection":[{"href":"https:\/\/www.irdin.org.br\/site\/wp-json\/wp\/v2\/product"}],"about":[{"href":"https:\/\/www.irdin.org.br\/site\/wp-json\/wp\/v2\/types\/product"}],"version-history":[{"count":1,"href":"https:\/\/www.irdin.org.br\/site\/wp-json\/wp\/v2\/product\/83835\/revisions"}],"predecessor-version":[{"id":108447,"href":"https:\/\/www.irdin.org.br\/site\/wp-json\/wp\/v2\/product\/83835\/revisions\/108447"}],"wp:featuredmedia":[{"embeddable":true,"href":"https:\/\/www.irdin.org.br\/site\/wp-json\/wp\/v2\/media\/37803"}],"wp:attachment":[{"href":"https:\/\/www.irdin.org.br\/site\/wp-json\/wp\/v2\/media?parent=83835"}],"wp:term":[{"taxonomy":"product_brand","embeddable":true,"href":"https:\/\/www.irdin.org.br\/site\/wp-json\/wp\/v2\/product_brand?post=83835"},{"taxonomy":"product_cat","embeddable":true,"href":"https:\/\/www.irdin.org.br\/site\/wp-json\/wp\/v2\/product_cat?post=83835"},{"taxonomy":"product_tag","embeddable":true,"href":"https:\/\/www.irdin.org.br\/site\/wp-json\/wp\/v2\/product_tag?post=83835"}],"curies":[{"name":"wp","href":"https:\/\/api.w.org\/{rel}","templated":true}]}}