{"id":83837,"date":"2018-04-26T18:27:36","date_gmt":"2018-04-26T18:27:36","guid":{"rendered":"http:\/\/www.irdin.org.br\/site\/produto\/de-jupiter-para-a-terra\/"},"modified":"2025-03-15T19:21:12","modified_gmt":"2025-03-15T19:21:12","slug":"de-jupiter-para-a-terra","status":"publish","type":"product","link":"https:\/\/www.irdin.org.br\/site\/produtos\/de-jupiter-para-a-terra\/","title":{"rendered":"De J\u00fapiter para a Terra"},"content":{"rendered":"<p><em>O acoplamento de Morlen, cidade interna de uma das luas de J\u00fapiter, ao Centro Planet\u00e1rio Aurora, abre novas possibilidades de reden\u00e7\u00e3o para a vida planet\u00e1ria.<\/em><\/p>\n<p>&nbsp;<br \/>\n<strong>Ou\u00e7a agora:<\/strong><\/p>\n<p><span data-href=\"https:\/\/www.irdin.org.br\/site\/envios\/audios\/0060_0007__por_por__de_jupiter_para_a_terra.mp3\" data-title=\"de j\u00fapiter para a terra\" data-rel=\"\" data-target=\"\" data-meta=\"#fap-meta-69e4f351d9e82\" class=\"fap-single-track fap-track-button fap-play-button\" data-enqueue=\"no\" data-autoenqueue=\"no\" title=\"de j\u00fapiter para a terra\"><span class=\"fap-icon-play\"><\/span>Ouvir<\/span> <a href=\"https:\/\/www.irdin.org.br\/site\/envios\/audios\/0060_0007__por_por__de_jupiter_para_a_terra.mp3\" class=\"baixar\" download><span class=\"fa fa-arrow-down\"><\/span>Baixar<\/span><\/a> <span class=\"textobaixar\"> de j\u00fapiter para a terra<\/span><\/p>\n<p>&nbsp;<\/p>\n","protected":false},"excerpt":{"rendered":"<p>O acoplamento de Morlen, cidade interna de uma das luas de J\u00fapiter, ao Centro Planet\u00e1rio Aurora, abre novas possibilidades de<\/p>\n","protected":false},"featured_media":37803,"template":"","meta":{"_acf_changed":false},"product_brand":[],"product_cat":[18076,33068],"product_tag":[40975],"class_list":{"0":"post-83837","1":"product","2":"type-product","3":"status-publish","4":"has-post-thumbnail","6":"product_cat-cddvd","7":"product_cat-palestras","8":"product_tag-40975","9":"pa_autor-trigueirinho","10":"pa_codigo-da-serie-32842","11":"pa_data-de-gravacao-31777","12":"pa_idioma-de-destino-portugues","13":"pa_lancamento-no","14":"pa_midia-cd","15":"pa_moac-40974","16":"pa_quantidade-de-saldo-33067","17":"pa_sequencial-da-serie-31883","18":"pa_tipo-de-traducao-nao-classificado","20":"first","21":"outofstock","22":"product-type-simple"},"acf":[],"_links":{"self":[{"href":"https:\/\/www.irdin.org.br\/site\/wp-json\/wp\/v2\/product\/83837","targetHints":{"allow":["GET"]}}],"collection":[{"href":"https:\/\/www.irdin.org.br\/site\/wp-json\/wp\/v2\/product"}],"about":[{"href":"https:\/\/www.irdin.org.br\/site\/wp-json\/wp\/v2\/types\/product"}],"version-history":[{"count":1,"href":"https:\/\/www.irdin.org.br\/site\/wp-json\/wp\/v2\/product\/83837\/revisions"}],"predecessor-version":[{"id":108449,"href":"https:\/\/www.irdin.org.br\/site\/wp-json\/wp\/v2\/product\/83837\/revisions\/108449"}],"wp:featuredmedia":[{"embeddable":true,"href":"https:\/\/www.irdin.org.br\/site\/wp-json\/wp\/v2\/media\/37803"}],"wp:attachment":[{"href":"https:\/\/www.irdin.org.br\/site\/wp-json\/wp\/v2\/media?parent=83837"}],"wp:term":[{"taxonomy":"product_brand","embeddable":true,"href":"https:\/\/www.irdin.org.br\/site\/wp-json\/wp\/v2\/product_brand?post=83837"},{"taxonomy":"product_cat","embeddable":true,"href":"https:\/\/www.irdin.org.br\/site\/wp-json\/wp\/v2\/product_cat?post=83837"},{"taxonomy":"product_tag","embeddable":true,"href":"https:\/\/www.irdin.org.br\/site\/wp-json\/wp\/v2\/product_tag?post=83837"}],"curies":[{"name":"wp","href":"https:\/\/api.w.org\/{rel}","templated":true}]}}