{"id":83844,"date":"2018-04-26T18:27:56","date_gmt":"2018-04-26T18:27:56","guid":{"rendered":"http:\/\/www.irdin.org.br\/site\/produto\/a-natureza-a-humanidade-e-a-esperanca-de-um-novo-codigo-genetico\/"},"modified":"2025-03-15T19:14:15","modified_gmt":"2025-03-15T19:14:15","slug":"a-natureza-a-humanidade-e-a-esperanca-de-um-novo-codigo-genetico","status":"publish","type":"product","link":"https:\/\/www.irdin.org.br\/site\/produtos\/a-natureza-a-humanidade-e-a-esperanca-de-um-novo-codigo-genetico\/","title":{"rendered":"A Natureza, a Humanidade e a Esperan\u00e7a de um Novo C\u00f3digo Gen\u00e9tico"},"content":{"rendered":"<p><em>A chegada da nova irradia\u00e7\u00e3o do Sol Central da Gal\u00e1xia e suas consequ\u00eancias. Coment\u00e1rios que incluem o conte\u00fado do CD de Shimani Llegada de la irradiaci\u00f3n desde el Sol Central de la Galaxia a la Tierra\u00b4.                                                                                                                                                                                                                                                                                                                                                                                                                                                                                                                                                                                                                                                                                                                                                                                                                                                                                                                                                                                                                                                                                                                                                                                                                                                                                                                                                                                                                                                                                                                                                                                                                                                                                                                                                                                                                                                                                                                                                                                                                                                                                                                                                                                                                                                                                                                                                                                                                                                                                                                                                                                                                                                                                                                                                                                                                                                                                                                                                                                                                                                                                                                                                                                                                                                                                                                                                                                                                                                                                                                                                                                                                                                                                                                                                                                                                                                                                                                                                                                                                                                                                                                                                           \u00b4<\/em><\/p>\n<p>&nbsp;<br \/>\n<strong>Ou\u00e7a agora:<\/strong><\/p>\n<p><span data-href=\"https:\/\/www.irdin.org.br\/site\/envios\/audios\/0061_0007__por_por__a_natureza_a_humanidade_e_a_esperanca_de_um_novo_codigo_genetico.mp3\" data-title=\"a natureza, a humanidade e a esperan\u00e7a de um novo c\u00f3digo gen\u00e9tico\" data-rel=\"\" data-target=\"\" data-meta=\"#fap-meta-69f8b75006a9a\" class=\"fap-single-track fap-track-button fap-play-button\" data-enqueue=\"no\" data-autoenqueue=\"no\" title=\"a natureza, a humanidade e a esperan\u00e7a de um novo c\u00f3digo gen\u00e9tico\"><span class=\"fap-icon-play\"><\/span>Ouvir<\/span> <a href=\"https:\/\/www.irdin.org.br\/site\/envios\/audios\/0061_0007__por_por__a_natureza_a_humanidade_e_a_esperanca_de_um_novo_codigo_genetico.mp3\" class=\"baixar\" download><span class=\"fa fa-arrow-down\"><\/span>Baixar<\/span><\/a> <span class=\"textobaixar\"> a natureza, a humanidade e a esperan\u00e7a de um novo c\u00f3digo gen\u00e9tico<\/span><\/p>\n<p>&nbsp;<\/p>\n","protected":false},"excerpt":{"rendered":"<p>A chegada da nova irradia\u00e7\u00e3o do Sol Central da Gal\u00e1xia e suas consequ\u00eancias. Coment\u00e1rios que incluem o conte\u00fado do CD<\/p>\n","protected":false},"featured_media":37803,"template":"","meta":{"_acf_changed":false},"product_brand":[],"product_cat":[18076,33068],"product_tag":[40989],"class_list":{"0":"post-83844","1":"product","2":"type-product","3":"status-publish","4":"has-post-thumbnail","6":"product_cat-cddvd","7":"product_cat-palestras","8":"product_tag-40989","9":"pa_autor-trigueirinho","10":"pa_codigo-da-serie-31868","11":"pa_codigo-externo-00610007porcd","12":"pa_data-de-gravacao-27493","13":"pa_duracao-58min42s","14":"pa_idioma-de-destino-portugues","15":"pa_idioma-de-origem-portugues","16":"pa_lancamento-no","17":"pa_midia-cd","18":"pa_moac-40988","19":"pa_quantidade-de-saldo-33067","20":"pa_sequencial-da-serie-31883","21":"pa_tipo-de-traducao-nao-classificado","23":"first","24":"outofstock","25":"product-type-simple"},"acf":[],"_links":{"self":[{"href":"https:\/\/www.irdin.org.br\/site\/wp-json\/wp\/v2\/product\/83844","targetHints":{"allow":["GET"]}}],"collection":[{"href":"https:\/\/www.irdin.org.br\/site\/wp-json\/wp\/v2\/product"}],"about":[{"href":"https:\/\/www.irdin.org.br\/site\/wp-json\/wp\/v2\/types\/product"}],"version-history":[{"count":1,"href":"https:\/\/www.irdin.org.br\/site\/wp-json\/wp\/v2\/product\/83844\/revisions"}],"predecessor-version":[{"id":108417,"href":"https:\/\/www.irdin.org.br\/site\/wp-json\/wp\/v2\/product\/83844\/revisions\/108417"}],"wp:featuredmedia":[{"embeddable":true,"href":"https:\/\/www.irdin.org.br\/site\/wp-json\/wp\/v2\/media\/37803"}],"wp:attachment":[{"href":"https:\/\/www.irdin.org.br\/site\/wp-json\/wp\/v2\/media?parent=83844"}],"wp:term":[{"taxonomy":"product_brand","embeddable":true,"href":"https:\/\/www.irdin.org.br\/site\/wp-json\/wp\/v2\/product_brand?post=83844"},{"taxonomy":"product_cat","embeddable":true,"href":"https:\/\/www.irdin.org.br\/site\/wp-json\/wp\/v2\/product_cat?post=83844"},{"taxonomy":"product_tag","embeddable":true,"href":"https:\/\/www.irdin.org.br\/site\/wp-json\/wp\/v2\/product_tag?post=83844"}],"curies":[{"name":"wp","href":"https:\/\/api.w.org\/{rel}","templated":true}]}}