{"id":83846,"date":"2018-04-26T18:27:56","date_gmt":"2018-04-26T18:27:56","guid":{"rendered":"http:\/\/www.irdin.org.br\/site\/produto\/a-grande-transformacao\/"},"modified":"2025-03-15T19:15:14","modified_gmt":"2025-03-15T19:15:14","slug":"a-grande-transformacao","status":"publish","type":"product","link":"https:\/\/www.irdin.org.br\/site\/produtos\/a-grande-transformacao\/","title":{"rendered":"A Grande Transforma\u00e7\u00e3o"},"content":{"rendered":"<p><em>O amor superior despertar\u00e1 em todos os que se entregarem \u00e0 transforma\u00e7\u00e3o. Tenhamos coragem para deixar cair os v\u00e9us de ilus\u00e3o e para olhar sem medo para o nosso pr\u00f3prio interior. No invis\u00edvel e no desconhecido est\u00e1 a nossa esperan\u00e7a.<\/em><\/p>\n<p>&nbsp;<br \/>\n<strong>Ou\u00e7a agora:<\/strong><\/p>\n<p><span data-href=\"https:\/\/www.irdin.org.br\/site\/envios\/audios\/0061_0010__por_por__a_grande_transformacao.mp3\" data-title=\"a grande transforma\u00e7\u00e3o\" data-rel=\"\" data-target=\"\" data-meta=\"#fap-meta-69f8b71e6cfc2\" class=\"fap-single-track fap-track-button fap-play-button\" data-enqueue=\"no\" data-autoenqueue=\"no\" title=\"a grande transforma\u00e7\u00e3o\"><span class=\"fap-icon-play\"><\/span>Ouvir<\/span> <a href=\"https:\/\/www.irdin.org.br\/site\/envios\/audios\/0061_0010__por_por__a_grande_transformacao.mp3\" class=\"baixar\" download><span class=\"fa fa-arrow-down\"><\/span>Baixar<\/span><\/a> <span class=\"textobaixar\"> a grande transforma\u00e7\u00e3o<\/span><\/p>\n<p>&nbsp;<\/p>\n","protected":false},"excerpt":{"rendered":"<p>O amor superior despertar\u00e1 em todos os que se entregarem \u00e0 transforma\u00e7\u00e3o. Tenhamos coragem para deixar cair os v\u00e9us de<\/p>\n","protected":false},"featured_media":37803,"template":"","meta":{"_acf_changed":false},"product_brand":[],"product_cat":[18076,33068],"product_tag":[40993],"class_list":{"0":"post-83846","1":"product","2":"type-product","3":"status-publish","4":"has-post-thumbnail","6":"product_cat-cddvd","7":"product_cat-palestras","8":"product_tag-40993","9":"pa_autor-trigueirinho","10":"pa_codigo-da-serie-31868","11":"pa_codigo-externo-00610010porcd","12":"pa_data-de-gravacao-31829","13":"pa_duracao-29m-51s","14":"pa_idioma-de-destino-portugues","15":"pa_idioma-de-origem-portugues","16":"pa_lancamento-no","17":"pa_midia-cd","18":"pa_moac-40992","19":"pa_quantidade-de-saldo-33067","20":"pa_sequencial-da-serie-31890","21":"pa_tipo-de-traducao-nao-classificado","23":"first","24":"outofstock","25":"product-type-simple"},"acf":[],"_links":{"self":[{"href":"https:\/\/www.irdin.org.br\/site\/wp-json\/wp\/v2\/product\/83846","targetHints":{"allow":["GET"]}}],"collection":[{"href":"https:\/\/www.irdin.org.br\/site\/wp-json\/wp\/v2\/product"}],"about":[{"href":"https:\/\/www.irdin.org.br\/site\/wp-json\/wp\/v2\/types\/product"}],"version-history":[{"count":1,"href":"https:\/\/www.irdin.org.br\/site\/wp-json\/wp\/v2\/product\/83846\/revisions"}],"predecessor-version":[{"id":108419,"href":"https:\/\/www.irdin.org.br\/site\/wp-json\/wp\/v2\/product\/83846\/revisions\/108419"}],"wp:featuredmedia":[{"embeddable":true,"href":"https:\/\/www.irdin.org.br\/site\/wp-json\/wp\/v2\/media\/37803"}],"wp:attachment":[{"href":"https:\/\/www.irdin.org.br\/site\/wp-json\/wp\/v2\/media?parent=83846"}],"wp:term":[{"taxonomy":"product_brand","embeddable":true,"href":"https:\/\/www.irdin.org.br\/site\/wp-json\/wp\/v2\/product_brand?post=83846"},{"taxonomy":"product_cat","embeddable":true,"href":"https:\/\/www.irdin.org.br\/site\/wp-json\/wp\/v2\/product_cat?post=83846"},{"taxonomy":"product_tag","embeddable":true,"href":"https:\/\/www.irdin.org.br\/site\/wp-json\/wp\/v2\/product_tag?post=83846"}],"curies":[{"name":"wp","href":"https:\/\/api.w.org\/{rel}","templated":true}]}}